{"id":69167,"date":"2023-10-24T18:07:43","date_gmt":"2023-10-24T18:07:43","guid":{"rendered":"https:\/\/aisexting.app\/cookie-policy\/"},"modified":"2023-12-25T13:29:08","modified_gmt":"2023-12-25T13:29:08","slug":"cookiepolicy","status":"publish","type":"page","link":"https:\/\/aisexting.app\/sv\/cookiepolicy\/","title":{"rendered":"Cookiepolicy"},"content":{"rendered":"<p>[et_pb_section fb_built=&#8221;1&#8243; _builder_version=&#8221;4.23.1&#8243; background_color=&#8221;#f7f7f7&#8243; custom_padding=&#8221;0px||0px||false|false&#8221; global_colors_info=&#8221;{}&#8221;][et_pb_row custom_padding_last_edited=&#8221;on|phone&#8221; disabled_on=&#8221;off|off|off&#8221; _builder_version=&#8221;4.23.1&#8243; custom_margin=&#8221;|auto|0px|auto|false|false&#8221; custom_padding=&#8221;80px||0px||false|false&#8221; custom_padding_tablet=&#8221;80px||0px||false|false&#8221; custom_padding_phone=&#8221;46px||||false|false&#8221; global_colors_info=&#8221;{}&#8221;][et_pb_column type=&#8221;4_4&#8243; _builder_version=&#8221;4.16&#8243; background_position=&#8221;top_left&#8221; custom_padding=&#8221;|||&#8221; global_colors_info=&#8221;{}&#8221; custom_padding__hover=&#8221;|||&#8221;][et_pb_divider divider_weight=&#8221;2px&#8221; _builder_version=&#8221;4.23.1&#8243; _module_preset=&#8221;default&#8221; custom_margin=&#8221;||||false|false&#8221; custom_padding=&#8221;||0px||false|false&#8221; hover_enabled=&#8221;0&#8243; global_colors_info=&#8221;{}&#8221; sticky_enabled=&#8221;0&#8243;][\/et_pb_divider][\/et_pb_column][\/et_pb_row][\/et_pb_section][et_pb_section fb_built=&#8221;1&#8243; _builder_version=&#8221;4.22.2&#8243; _module_preset=&#8221;default&#8221; background_color=&#8221;#f7f7f7&#8243; custom_margin=&#8221;0px||0px||false|false&#8221; custom_padding=&#8221;0px||0px||false|false&#8221; saved_tabs=&#8221;all&#8221; global_colors_info=&#8221;{}&#8221;][et_pb_row column_structure=&#8221;3_5,2_5&#8243; _builder_version=&#8221;4.22.2&#8243; _module_preset=&#8221;default&#8221; custom_padding=&#8221;0px|0px|0px|0px|false|false&#8221; global_colors_info=&#8221;{}&#8221;][et_pb_column type=&#8221;3_5&#8243; _builder_version=&#8221;4.22.2&#8243; _module_preset=&#8221;default&#8221; global_colors_info=&#8221;{}&#8221;][et_pb_wpt_schema_breadcrumbs home_item_title=&#8221;AI Sexting&#8221; font_icon=&#8221;&#x39;||divi||400&#8243; separator_size=&#8221;1em&#8221; _builder_version=&#8221;4.23.1&#8243; _module_preset=&#8221;default&#8221; breadcrumb_link_font=&#8221;Montserrat|500|||||||&#8221; breadcrumb_link_font_size=&#8221;16px&#8221; breadcrumb_last_item_font=&#8221;Montserrat|500|||||||&#8221; breadcrumb_last_item_font_size=&#8221;16px&#8221; custom_padding=&#8221;0px||0px||false|false&#8221; global_colors_info=&#8221;{}&#8221;][\/et_pb_wpt_schema_breadcrumbs][\/et_pb_column][et_pb_column type=&#8221;2_5&#8243; _builder_version=&#8221;4.22.2&#8243; _module_preset=&#8221;default&#8221; global_colors_info=&#8221;{}&#8221;][pac_divi_table_of_contents title=&#8221;P\u00e5 den h\u00e4r sidan&#8221; default_state=&#8221;closed&#8221; opened_icon=&#8221;&#x2f;||divi||400&#8243; closed_icon=&#8221;&#x30;||divi||400&#8243; included_headings=&#8221;on|on|on|off|off|off&#8221; level_markers_1=&#8221;decimal&#8221; level_markers_2=&#8221;decimal&#8221; level_markers_3=&#8221;icons&#8221; title_container_margin=&#8221;||||false|false&#8221; title_container_padding=&#8221;5px|23px|5px|23px|false|false&#8221; title_container_bg_color=&#8221;#FFFFFF&#8221; open_icon_color=&#8221;#595959&#8243; open_icon_size=&#8221;25px&#8221; close_icon_color=&#8221;#595959&#8243; close_icon_size=&#8221;25px&#8221; body_area_scroll_color=&#8221;#333333&#8243; body_area_padding=&#8221;15px|10px|15px|10px|false|false&#8221; body_area_text_link_color=&#8221;#666666&#8243; body_area_text_link_underline=&#8221;#d20000&#8243; body_area_text_link_color_active=&#8221;#d20000&#8243; body_area_text_link_underline_active=&#8221;#d20000&#8243; _builder_version=&#8221;4.23.2&#8243; _module_preset=&#8221;default&#8221; title_font_font=&#8221;Montserrat||||||||&#8221; title_text_align=&#8221;left&#8221; title_text_color=&#8221;#595959&#8243; title_font_size=&#8221;16px&#8221; title_line_height=&#8221;25px&#8221; heading_all_font=&#8221;Montserrat||||||||&#8221; heading_all_font_size=&#8221;16px&#8221; heading2_line_height=&#8221;1.9em&#8221; heading3_line_height=&#8221;1.7em&#8221; heading_all_active_font=&#8221;Montserrat||||||||&#8221; keyword_highlight_font=&#8221;Montserrat||||||||&#8221; marker_all_font=&#8221;Montserrat||||||||&#8221; marker_all_text_color=&#8221;#828282&#8243; marker_all_font_size=&#8221;16px&#8221; module_alignment=&#8221;left&#8221; min_height=&#8221;19px&#8221; custom_margin=&#8221;13px||10px||false|false&#8221; custom_margin_tablet=&#8221;&#8221; custom_margin_phone=&#8221;-30px||1px||false|false&#8221; custom_margin_last_edited=&#8221;on|desktop&#8221; custom_padding=&#8221;||5px||false|false&#8221; hover_enabled=&#8221;0&#8243; module_alignment_tablet=&#8221;&#8221; module_alignment_phone=&#8221;center&#8221; module_alignment_last_edited=&#8221;on|phone&#8221; border_radii_title_container=&#8221;on|10px|10px|10px|10px&#8221; global_colors_info=&#8221;{}&#8221; body_area_text_link_color_active__hover_enabled=&#8221;off|desktop&#8221; sticky_enabled=&#8221;0&#8243;][\/pac_divi_table_of_contents][\/et_pb_column][\/et_pb_row][\/et_pb_section][et_pb_section fb_built=&#8221;1&#8243; _builder_version=&#8221;4.22.2&#8243; background_color=&#8221;#f7f7f7&#8243; custom_padding=&#8221;0px||30px||false|false&#8221; global_colors_info=&#8221;{}&#8221;][et_pb_row disabled_on=&#8221;off|off|off&#8221; _builder_version=&#8221;4.22.2&#8243; custom_margin=&#8221;|auto|20px|auto|false|false&#8221; custom_padding=&#8221;0px||4px||false|false&#8221; global_colors_info=&#8221;{}&#8221;][et_pb_column type=&#8221;4_4&#8243; _builder_version=&#8221;4.16&#8243; background_position=&#8221;top_left&#8221; custom_padding=&#8221;|||&#8221; global_colors_info=&#8221;{}&#8221; custom_padding__hover=&#8221;|||&#8221;][et_pb_text admin_label=&#8221;h2&#8243; module_id=&#8221;review&#8221; _builder_version=&#8221;4.23.2&#8243; text_font=&#8221;Montserrat|||on|&#8221; text_font_size=&#8221;18&#8243; text_line_height=&#8221;2.2em&#8221; header_font=&#8221;Montserrat|700|||||||&#8221; text_orientation=&#8221;center&#8221; min_height=&#8221;25px&#8221; custom_margin=&#8221;||0px|||&#8221; custom_padding=&#8221;10px|||||&#8221; hover_enabled=&#8221;0&#8243; text_font_size_tablet=&#8221;14&#8243; text_font_size_phone=&#8221;&#8221; text_font_size_last_edited=&#8221;on|desktop&#8221; border_style=&#8221;solid&#8221; inline_fonts=&#8221;Cuprum,Montserrat&#8221; global_colors_info=&#8221;{}&#8221; sticky_enabled=&#8221;0&#8243;]<\/p>\n<h1 style=\"color: #333333;\">Cookiepolicy f\u00f6r AIsexting.app<\/h1>\n<p>[\/et_pb_text][\/et_pb_column][\/et_pb_row][et_pb_row _builder_version=&#8221;4.16&#8243; custom_margin=&#8221;1px|auto|70px|auto||&#8221; custom_padding=&#8221;4px||4px|||&#8221; global_colors_info=&#8221;{}&#8221;][et_pb_column type=&#8221;4_4&#8243; _builder_version=&#8221;4.16&#8243; background_position=&#8221;top_left&#8221; custom_padding=&#8221;|||&#8221; global_colors_info=&#8221;{}&#8221; custom_padding__hover=&#8221;|||&#8221;][et_pb_text admin_label=&#8221;Seo text \u0412\u0442\u043e\u0440\u043e\u0433\u043e \u044d\u043a\u0440\u0430\u043d\u0430&#8221; _builder_version=&#8221;4.23.2&#8243; text_font=&#8221;Montserrat||||&#8221; custom_margin=&#8221;-3px|||||&#8221; custom_padding=&#8221;11px|||||&#8221; custom_padding_tablet=&#8221;&#8221; custom_padding_phone=&#8221;0px|||&#8221; custom_padding_last_edited=&#8221;on|phone&#8221; hover_enabled=&#8221;0&#8243; text_font_size_tablet=&#8221;14&#8243; text_font_size_phone=&#8221;&#8221; text_font_size_last_edited=&#8221;on|phone&#8221; header_font_size_phone=&#8221;20px&#8221; border_style=&#8221;solid&#8221; inline_fonts=&#8221;Cuprum,Montserrat&#8221; global_colors_info=&#8221;{}&#8221; sticky_enabled=&#8221;0&#8243;]<\/p>\n<p>Detta \u00e4r cookiepolicyn f\u00f6r aisexting.app, tillg\u00e4nglig fr\u00e5n https:\/\/aisexting.app<\/p>\n<p>Vad \u00e4r cookies<\/p>\n<p>Som det \u00e4r vanligt med n\u00e4stan alla professionella webbplatser anv\u00e4nder denna webbplats cookies, som \u00e4r sm\u00e5 filer som laddas ner till din dator, f\u00f6r att f\u00f6rb\u00e4ttra din upplevelse. Den h\u00e4r sidan beskriver vilken information de samlar in, hur vi anv\u00e4nder den och varf\u00f6r vi ibland beh\u00f6ver lagra dessa cookies. Vi kommer ocks\u00e5 att dela hur du kan f\u00f6rhindra att dessa cookies lagras, men detta kan nedgradera eller &#8221;bryta&#8221; vissa delar av webbplatsens funktionalitet.<\/p>\n<p>Hur vi anv\u00e4nder cookies<\/p>\n<p>Vi anv\u00e4nder cookies av en m\u00e4ngd olika sk\u00e4l som beskrivs nedan. Tyv\u00e4rr finns det i de flesta fall inga branschstandardalternativ f\u00f6r att inaktivera cookies utan att helt inaktivera funktionaliteten och funktionerna som de l\u00e4gger till p\u00e5 denna webbplats. Det rekommenderas att du l\u00e4mnar p\u00e5 alla cookies om du inte \u00e4r s\u00e4ker p\u00e5 om du beh\u00f6ver dem eller inte ifall de anv\u00e4nds f\u00f6r att tillhandah\u00e5lla en tj\u00e4nst som du anv\u00e4nder.<\/p>\n<p>Inaktivera cookies<\/p>\n<p>Du kan f\u00f6rhindra inst\u00e4llningen av cookies genom att justera inst\u00e4llningarna i din webbl\u00e4sare (se webbl\u00e4sarens hj\u00e4lp f\u00f6r hur du g\u00f6r detta). Var medveten om att inaktivering av cookies kommer att p\u00e5verka funktionen hos denna och m\u00e5nga andra webbplatser som du bes\u00f6ker. Inaktivering av cookies kommer vanligtvis att leda till att vissa funktioner och funktioner p\u00e5 denna webbplats inaktiveras. D\u00e4rf\u00f6r rekommenderas det att du inte inaktiverar cookies. Denna cookiepolicy skapades med hj\u00e4lp av Cookies Policy Generator.<\/p>\n<p>Cookies vi s\u00e4tter<\/p>\n<p>Webbplatspreferenscookies<\/p>\n<p>F\u00f6r att ge dig en fantastisk upplevelse p\u00e5 den h\u00e4r sidan tillhandah\u00e5ller vi funktionaliteten f\u00f6r att st\u00e4lla in dina preferenser f\u00f6r hur den h\u00e4r sidan k\u00f6rs n\u00e4r du anv\u00e4nder den. F\u00f6r att komma ih\u00e5g dina preferenser m\u00e5ste vi st\u00e4lla in cookies s\u00e5 att denna information kan anropas n\u00e4r du interagerar med en sida som p\u00e5verkas av dina preferenser.<\/p>\n<p>Tredjepartscookies<\/p>\n<p>I vissa speciella fall anv\u00e4nder vi \u00e4ven cookies fr\u00e5n p\u00e5litliga tredje parter. F\u00f6ljande avsnitt beskriver vilka tredjepartscookies du kan st\u00f6ta p\u00e5 via denna webbplats.<\/p>\n<p>Den h\u00e4r webbplatsen anv\u00e4nder Google Analytics som \u00e4r en av de mest utbredda och p\u00e5litliga analysl\u00f6sningarna p\u00e5 webben f\u00f6r att hj\u00e4lpa oss att f\u00f6rst\u00e5 hur du anv\u00e4nder webbplatsen och hur vi kan f\u00f6rb\u00e4ttra din upplevelse. Dessa cookies kan sp\u00e5ra saker som hur l\u00e4nge du spenderar p\u00e5 webbplatsen och de sidor du bes\u00f6ker s\u00e5 att vi kan forts\u00e4tta att producera engagerande inneh\u00e5ll.<\/p>\n<p>F\u00f6r mer information om Google Analytics-cookies, se den officiella Google Analytics-sidan.<\/p>\n<p>Tredjepartsanalyser anv\u00e4nds f\u00f6r att sp\u00e5ra och m\u00e4ta anv\u00e4ndningen av denna webbplats s\u00e5 att vi kan forts\u00e4tta att producera engagerande inneh\u00e5ll. Dessa cookies kan sp\u00e5ra saker som hur l\u00e4nge du spenderar p\u00e5 webbplatsen eller sidor du bes\u00f6ker, vilket hj\u00e4lper oss att f\u00f6rst\u00e5 hur vi kan f\u00f6rb\u00e4ttra webbplatsen \u00e5t dig.<br \/>D\u00e5 och d\u00e5 testar vi nya funktioner och g\u00f6r subtila \u00e4ndringar i s\u00e4ttet som webbplatsen levereras p\u00e5. N\u00e4r vi fortfarande testar nya funktioner kan dessa cookies anv\u00e4ndas f\u00f6r att s\u00e4kerst\u00e4lla att du f\u00e5r en konsekvent upplevelse n\u00e4r du \u00e4r p\u00e5 webbplatsen samtidigt som vi ser till att vi f\u00f6rst\u00e5r vilka optimeringar v\u00e5ra anv\u00e4ndare uppskattar mest.<br \/>N\u00e4r vi s\u00e4ljer produkter \u00e4r det viktigt f\u00f6r oss att f\u00f6rst\u00e5 statistik om hur m\u00e5nga av bes\u00f6karna p\u00e5 v\u00e5r webbplats som faktiskt g\u00f6r ett k\u00f6p och som s\u00e5dan \u00e4r det den typ av data som dessa cookies kommer att sp\u00e5ra. Detta \u00e4r viktigt f\u00f6r dig eftersom det betyder att vi kan g\u00f6ra aff\u00e4rsf\u00f6ruts\u00e4gelser exakt som g\u00f6r att vi kan \u00f6vervaka v\u00e5ra annonserings- och produktkostnader f\u00f6r att s\u00e4kerst\u00e4lla b\u00e4sta m\u00f6jliga pris.<br \/>Vi anv\u00e4nder \u00e4ven knappar och\/eller plugins f\u00f6r sociala medier p\u00e5 denna sida som l\u00e5ter dig ansluta till ditt sociala n\u00e4tverk p\u00e5 olika s\u00e4tt. F\u00f6r att dessa ska fungera f\u00f6ljande sociala medier inklusive; {Lista de sociala n\u00e4tverk vars funktioner du har integrerat med din webbplats?:12}, kommer att s\u00e4tta cookies via v\u00e5r webbplats som kan anv\u00e4ndas f\u00f6r att f\u00f6rb\u00e4ttra din profil p\u00e5 deras webbplats eller bidra till de uppgifter de har f\u00f6r olika \u00e4ndam\u00e5l som beskrivs i deras respektive integritet politik.<\/p>\n<p>Mer information<\/p>\n<p>F\u00f6rhoppningsvis har det klargjort saker och ting f\u00f6r dig och som tidigare n\u00e4mnts om det \u00e4r n\u00e5got som du inte \u00e4r s\u00e4ker p\u00e5 om du beh\u00f6ver eller inte \u00e4r det vanligtvis s\u00e4krare att l\u00e4mna cookies aktiverade om det interagerar med n\u00e5gon av funktionerna du anv\u00e4nder p\u00e5 v\u00e5r webbplats.<\/p>\n<p>Men om du fortfarande letar efter mer information kan du kontakta oss genom en av v\u00e5ra f\u00f6redragna kontaktmetoder:<\/p>\n<p>E-post: admin@aisexting.app<\/p>\n<p>Denna integritetspolicy uppdaterades senast den 16 december 2023.<\/p>\n<p>[\/et_pb_text][\/et_pb_column][\/et_pb_row][\/et_pb_section]<\/p>\n","protected":false},"excerpt":{"rendered":"<div class=\"et_pb_module pac_divi_table_of_contents pac_divi_table_of_contents_0\">\n\t\t\t\t\n\t\t\t\t\n\t\t\t\t\n\t\t\t\t\n\t\t\t\t\n\t\t\t\t\n\t\t\t\t<div class=\"et_pb_module_inner\">\n\t\t\t\t\t\r\n        <div class=\"pac_dtoc_main_container\"\r\n        data-allow_collapse_minimize=\"on\"\r\n        data-ss=\"2000\"\r\n        data-sah=\"100\"\r\n        data-collapse_when_sticky=\"off\"\r\n        data-collapse_when_sticky_tablet=\"off\"\r\n        data-collapse_when_sticky_phone=\"off\"\r\n        data-skh=\"off\"\r\n        data-mtocai=\"off\"\r\n        data-mtocai_tablet=\"off\"\r\n        data-mtocai_phone=\"off\"\r\n        data-alh=\"off\">\r\n            <div class=\"pac_dtoc_title_area click_on click_tablet_on click_phone_on\">\r\n                <div class=\"pac_dtoc_title\">&#8221;P\u00e5<\/div>\r\n                \r\n            <div class=\"pac_dtoc_icon_responsive\">\r\n                <div class=\"pac_dtoc_opened_icon\"><\/div>\r\n                <div class=\"pac_dtoc_closed_icon\"><\/div>\r\n            <\/div>\r\n            \r\n            <\/div>\r\n            <div class=\"pac_dtoc_body_area inside\">\r\n                \r\n                <div class='divi_table_of_contents'><\/div>\r\n            <\/div>\r\n        <\/div>\r\n        \n\t\t\t\t<\/div>\n\t\t\t<\/div>\n","protected":false},"author":1,"featured_media":0,"parent":0,"menu_order":0,"comment_status":"closed","ping_status":"closed","template":"","meta":{"_et_pb_use_builder":"on","_et_pb_old_content":"","_et_gb_content_width":"","footnotes":""},"class_list":["post-69167","page","type-page","status-publish","hentry"],"yoast_head":"<!-- This site is optimized with the Yoast SEO Premium plugin v21.3 (Yoast SEO v26.7) - https:\/\/yoast.com\/wordpress\/plugins\/seo\/ -->\n<title>Cookiepolicy - AI Sexting App<\/title>\n<meta name=\"robots\" content=\"noindex, nofollow\" \/>\n<meta property=\"og:locale\" content=\"sv_SE\" \/>\n<meta property=\"og:type\" content=\"article\" \/>\n<meta property=\"og:title\" content=\"Cookiepolicy\" \/>\n<meta property=\"og:url\" content=\"https:\/\/aisexting.app\/sv\/cookiepolicy\/\" \/>\n<meta property=\"og:site_name\" content=\"AI Sexting App\" \/>\n<meta property=\"article:modified_time\" content=\"2023-12-25T13:29:08+00:00\" \/>\n<meta name=\"twitter:card\" content=\"summary_large_image\" \/>\n<meta name=\"twitter:description\" content=\"[pac_divi_table_of_contents title=&quot;P\u00e5 den h\u00e4r sidan&quot; default_state=&quot;closed&quot; opened_icon=&quot;&#x2f;||divi||400&quot; closed_icon=&quot;&#x30;||divi||400&quot; included_headings=&quot;on|on|on|off|off|off&quot; level_markers_1=&quot;decimal&quot; level_markers_2=&quot;decimal&quot; level_markers_3=&quot;icons&quot; title_container_margin=&quot;||||false|false&quot; title_container_padding=&quot;5px|23px|5px|23px|false|false&quot; title_container_bg_color=&quot;#FFFFFF&quot; open_icon_color=&quot;#595959&quot; open_icon_size=&quot;25px&quot; close_icon_color=&quot;#595959&quot; close_icon_size=&quot;25px&quot; body_area_scroll_color=&quot;#333333&quot; body_area_padding=&quot;15px|10px|15px|10px|false|false&quot; body_area_text_link_color=&quot;#666666&quot; body_area_text_link_underline=&quot;#d20000&quot; body_area_text_link_color_active=&quot;#d20000&quot; body_area_text_link_underline_active=&quot;#d20000&quot; _builder_version=&quot;4.23.2&quot; _module_preset=&quot;default&quot; title_font_font=&quot;Montserrat||||||||&quot; title_text_align=&quot;left&quot; title_text_color=&quot;#595959&quot; title_font_size=&quot;16px&quot; title_line_height=&quot;25px&quot; heading_all_font=&quot;Montserrat||||||||&quot; heading_all_font_size=&quot;16px&quot; heading2_line_height=&quot;1.9em&quot; heading3_line_height=&quot;1.7em&quot; heading_all_active_font=&quot;Montserrat||||||||&quot; keyword_highlight_font=&quot;Montserrat||||||||&quot; marker_all_font=&quot;Montserrat||||||||&quot; marker_all_text_color=&quot;#828282&quot; marker_all_font_size=&quot;16px&quot; module_alignment=&quot;left&quot; min_height=&quot;19px&quot; custom_margin=&quot;13px||10px||false|false&quot; custom_margin_tablet=&quot;&quot; custom_margin_phone=&quot;-30px||1px||false|false&quot; custom_margin_last_edited=&quot;on|desktop&quot; custom_padding=&quot;||5px||false|false&quot; hover_enabled=&quot;0&quot; module_alignment_tablet=&quot;&quot; module_alignment_phone=&quot;center&quot; module_alignment_last_edited=&quot;on|phone&quot; border_radii_title_container=&quot;on|10px|10px|10px|10px&quot; global_colors_info=&quot;{}&quot; body_area_text_link_color_active__hover_enabled=&quot;off|desktop&quot; [&hellip;]\" \/>\n<meta name=\"twitter:label1\" content=\"Ber\u00e4knad l\u00e4stid\" \/>\n\t<meta name=\"twitter:data1\" content=\"4 minuter\" \/>\n<script type=\"application\/ld+json\" class=\"yoast-schema-graph\">{\"@context\":\"https:\/\/schema.org\",\"@graph\":[{\"@type\":\"WebPage\",\"@id\":\"https:\/\/aisexting.app\/sv\/cookiepolicy\/\",\"url\":\"https:\/\/aisexting.app\/sv\/cookiepolicy\/\",\"name\":\"Cookiepolicy - AI Sexting App\",\"isPartOf\":{\"@id\":\"https:\/\/aisexting.app\/#website\"},\"datePublished\":\"2023-10-24T18:07:43+00:00\",\"dateModified\":\"2023-12-25T13:29:08+00:00\",\"breadcrumb\":{\"@id\":\"https:\/\/aisexting.app\/sv\/cookiepolicy\/#breadcrumb\"},\"inLanguage\":\"sv-SE\",\"potentialAction\":[{\"@type\":\"ReadAction\",\"target\":[\"https:\/\/aisexting.app\/sv\/cookiepolicy\/\"]}]},{\"@type\":\"BreadcrumbList\",\"@id\":\"https:\/\/aisexting.app\/sv\/cookiepolicy\/#breadcrumb\",\"itemListElement\":[{\"@type\":\"ListItem\",\"position\":1,\"name\":\"Home\",\"item\":\"https:\/\/aisexting.app\/sv\/\"},{\"@type\":\"ListItem\",\"position\":2,\"name\":\"Cookiepolicy\"}]},{\"@type\":\"WebSite\",\"@id\":\"https:\/\/aisexting.app\/#website\",\"url\":\"https:\/\/aisexting.app\/\",\"name\":\"AI Sexting App\",\"description\":\"AI Sexting App\",\"potentialAction\":[{\"@type\":\"SearchAction\",\"target\":{\"@type\":\"EntryPoint\",\"urlTemplate\":\"https:\/\/aisexting.app\/?s={search_term_string}\"},\"query-input\":{\"@type\":\"PropertyValueSpecification\",\"valueRequired\":true,\"valueName\":\"search_term_string\"}}],\"inLanguage\":\"sv-SE\"}]}<\/script>\n<!-- \/ Yoast SEO Premium plugin. -->","yoast_head_json":{"title":"Cookiepolicy - AI Sexting App","robots":{"index":"noindex","follow":"nofollow"},"og_locale":"sv_SE","og_type":"article","og_title":"Cookiepolicy","og_url":"https:\/\/aisexting.app\/sv\/cookiepolicy\/","og_site_name":"AI Sexting App","article_modified_time":"2023-12-25T13:29:08+00:00","twitter_card":"summary_large_image","twitter_description":"[pac_divi_table_of_contents title=\"P\u00e5 den h\u00e4r sidan\" default_state=\"closed\" opened_icon=\"&#x2f;||divi||400\" closed_icon=\"&#x30;||divi||400\" included_headings=\"on|on|on|off|off|off\" level_markers_1=\"decimal\" level_markers_2=\"decimal\" level_markers_3=\"icons\" title_container_margin=\"||||false|false\" title_container_padding=\"5px|23px|5px|23px|false|false\" title_container_bg_color=\"#FFFFFF\" open_icon_color=\"#595959\" open_icon_size=\"25px\" close_icon_color=\"#595959\" close_icon_size=\"25px\" body_area_scroll_color=\"#333333\" body_area_padding=\"15px|10px|15px|10px|false|false\" body_area_text_link_color=\"#666666\" body_area_text_link_underline=\"#d20000\" body_area_text_link_color_active=\"#d20000\" body_area_text_link_underline_active=\"#d20000\" _builder_version=\"4.23.2\" _module_preset=\"default\" title_font_font=\"Montserrat||||||||\" title_text_align=\"left\" title_text_color=\"#595959\" title_font_size=\"16px\" title_line_height=\"25px\" heading_all_font=\"Montserrat||||||||\" heading_all_font_size=\"16px\" heading2_line_height=\"1.9em\" heading3_line_height=\"1.7em\" heading_all_active_font=\"Montserrat||||||||\" keyword_highlight_font=\"Montserrat||||||||\" marker_all_font=\"Montserrat||||||||\" marker_all_text_color=\"#828282\" marker_all_font_size=\"16px\" module_alignment=\"left\" min_height=\"19px\" custom_margin=\"13px||10px||false|false\" custom_margin_tablet=\"\" custom_margin_phone=\"-30px||1px||false|false\" custom_margin_last_edited=\"on|desktop\" custom_padding=\"||5px||false|false\" hover_enabled=\"0\" module_alignment_tablet=\"\" module_alignment_phone=\"center\" module_alignment_last_edited=\"on|phone\" border_radii_title_container=\"on|10px|10px|10px|10px\" global_colors_info=\"{}\" body_area_text_link_color_active__hover_enabled=\"off|desktop\" [&hellip;]","twitter_misc":{"Ber\u00e4knad l\u00e4stid":"4 minuter"},"schema":{"@context":"https:\/\/schema.org","@graph":[{"@type":"WebPage","@id":"https:\/\/aisexting.app\/sv\/cookiepolicy\/","url":"https:\/\/aisexting.app\/sv\/cookiepolicy\/","name":"Cookiepolicy - AI Sexting App","isPartOf":{"@id":"https:\/\/aisexting.app\/#website"},"datePublished":"2023-10-24T18:07:43+00:00","dateModified":"2023-12-25T13:29:08+00:00","breadcrumb":{"@id":"https:\/\/aisexting.app\/sv\/cookiepolicy\/#breadcrumb"},"inLanguage":"sv-SE","potentialAction":[{"@type":"ReadAction","target":["https:\/\/aisexting.app\/sv\/cookiepolicy\/"]}]},{"@type":"BreadcrumbList","@id":"https:\/\/aisexting.app\/sv\/cookiepolicy\/#breadcrumb","itemListElement":[{"@type":"ListItem","position":1,"name":"Home","item":"https:\/\/aisexting.app\/sv\/"},{"@type":"ListItem","position":2,"name":"Cookiepolicy"}]},{"@type":"WebSite","@id":"https:\/\/aisexting.app\/#website","url":"https:\/\/aisexting.app\/","name":"AI Sexting App","description":"AI Sexting App","potentialAction":[{"@type":"SearchAction","target":{"@type":"EntryPoint","urlTemplate":"https:\/\/aisexting.app\/?s={search_term_string}"},"query-input":{"@type":"PropertyValueSpecification","valueRequired":true,"valueName":"search_term_string"}}],"inLanguage":"sv-SE"}]}},"_links":{"self":[{"href":"https:\/\/aisexting.app\/sv\/wp-json\/wp\/v2\/pages\/69167","targetHints":{"allow":["GET"]}}],"collection":[{"href":"https:\/\/aisexting.app\/sv\/wp-json\/wp\/v2\/pages"}],"about":[{"href":"https:\/\/aisexting.app\/sv\/wp-json\/wp\/v2\/types\/page"}],"author":[{"embeddable":true,"href":"https:\/\/aisexting.app\/sv\/wp-json\/wp\/v2\/users\/1"}],"replies":[{"embeddable":true,"href":"https:\/\/aisexting.app\/sv\/wp-json\/wp\/v2\/comments?post=69167"}],"version-history":[{"count":0,"href":"https:\/\/aisexting.app\/sv\/wp-json\/wp\/v2\/pages\/69167\/revisions"}],"wp:attachment":[{"href":"https:\/\/aisexting.app\/sv\/wp-json\/wp\/v2\/media?parent=69167"}],"curies":[{"name":"wp","href":"https:\/\/api.w.org\/{rel}","templated":true}]}}