{"id":68731,"date":"2023-06-29T17:51:35","date_gmt":"2023-06-29T17:51:35","guid":{"rendered":"https:\/\/aisexting.app\/privacy-policy\/"},"modified":"2023-12-20T23:11:06","modified_gmt":"2023-12-20T23:11:06","slug":"sekretesspolicy","status":"publish","type":"page","link":"https:\/\/aisexting.app\/sv\/sekretesspolicy\/","title":{"rendered":"Sekretesspolicy"},"content":{"rendered":"<p>[et_pb_section fb_built=&#8221;1&#8243; _builder_version=&#8221;4.23.1&#8243; background_color=&#8221;#f7f7f7&#8243; custom_padding=&#8221;0px||0px||false|false&#8221; global_colors_info=&#8221;{}&#8221;][et_pb_row custom_padding_last_edited=&#8221;on|phone&#8221; disabled_on=&#8221;off|off|off&#8221; _builder_version=&#8221;4.23.1&#8243; custom_margin=&#8221;|auto|0px|auto|false|false&#8221; custom_padding=&#8221;80px||0px||false|false&#8221; custom_padding_tablet=&#8221;80px||0px||false|false&#8221; custom_padding_phone=&#8221;46px||||false|false&#8221; global_colors_info=&#8221;{}&#8221;][et_pb_column type=&#8221;4_4&#8243; _builder_version=&#8221;4.16&#8243; background_position=&#8221;top_left&#8221; custom_padding=&#8221;|||&#8221; global_colors_info=&#8221;{}&#8221; custom_padding__hover=&#8221;|||&#8221;][et_pb_divider divider_weight=&#8221;2px&#8221; _builder_version=&#8221;4.23.1&#8243; _module_preset=&#8221;default&#8221; custom_margin=&#8221;||||false|false&#8221; custom_padding=&#8221;||0px||false|false&#8221; global_colors_info=&#8221;{}&#8221;][\/et_pb_divider][\/et_pb_column][\/et_pb_row][\/et_pb_section][et_pb_section fb_built=&#8221;1&#8243; _builder_version=&#8221;4.22.2&#8243; _module_preset=&#8221;default&#8221; background_color=&#8221;#f7f7f7&#8243; custom_margin=&#8221;0px||0px||false|false&#8221; custom_padding=&#8221;0px||0px||false|false&#8221; saved_tabs=&#8221;all&#8221; global_colors_info=&#8221;{}&#8221;][et_pb_row column_structure=&#8221;1_2,1_2&#8243; _builder_version=&#8221;4.22.2&#8243; _module_preset=&#8221;default&#8221; custom_padding=&#8221;0px|0px|0px|0px|false|false&#8221; global_colors_info=&#8221;{}&#8221;][et_pb_column type=&#8221;1_2&#8243; _builder_version=&#8221;4.22.2&#8243; _module_preset=&#8221;default&#8221; global_colors_info=&#8221;{}&#8221;][et_pb_wpt_schema_breadcrumbs home_item_title=&#8221;AI Sexting&#8221; font_icon=&#8221;&#x39;||divi||400&#8243; separator_size=&#8221;1em&#8221; _builder_version=&#8221;4.23.1&#8243; _module_preset=&#8221;default&#8221; breadcrumb_link_font=&#8221;Montserrat|500|||||||&#8221; breadcrumb_link_font_size=&#8221;16px&#8221; breadcrumb_last_item_font=&#8221;Montserrat|500|||||||&#8221; breadcrumb_last_item_font_size=&#8221;16px&#8221; custom_padding=&#8221;0px||0px||false|false&#8221; global_colors_info=&#8221;{}&#8221;][\/et_pb_wpt_schema_breadcrumbs][\/et_pb_column][et_pb_column type=&#8221;1_2&#8243; _builder_version=&#8221;4.22.2&#8243; _module_preset=&#8221;default&#8221; global_colors_info=&#8221;{}&#8221;][pac_divi_table_of_contents title=&#8221;On this page&#8221; default_state=&#8221;closed&#8221; opened_icon=&#8221;&#x2f;||divi||400&#8243; closed_icon=&#8221;&#x30;||divi||400&#8243; included_headings=&#8221;off|on|on|off|off|off&#8221; level_markers_1=&#8221;decimal&#8221; level_markers_2=&#8221;decimal&#8221; level_markers_3=&#8221;icons&#8221; title_container_margin=&#8221;||||false|false&#8221; title_container_padding=&#8221;5px|23px|5px|23px|false|false&#8221; title_container_bg_color=&#8221;#FFFFFF&#8221; open_icon_color=&#8221;#595959&#8243; open_icon_size=&#8221;25px&#8221; close_icon_color=&#8221;#595959&#8243; close_icon_size=&#8221;25px&#8221; body_area_scroll_color=&#8221;#333333&#8243; body_area_text_link_color=&#8221;#666666&#8243; body_area_text_link_underline=&#8221;#d20000&#8243; body_area_text_link_color_active=&#8221;#d20000&#8243; body_area_text_link_underline_active=&#8221;#d20000&#8243; _builder_version=&#8221;4.23.1&#8243; _module_preset=&#8221;default&#8221; title_font_font=&#8221;Montserrat||||||||&#8221; title_text_align=&#8221;left&#8221; title_text_color=&#8221;#595959&#8243; title_font_size=&#8221;16px&#8221; title_line_height=&#8221;25px&#8221; heading_all_font=&#8221;Montserrat||||||||&#8221; heading_all_font_size=&#8221;16px&#8221; heading2_line_height=&#8221;1.9em&#8221; heading3_line_height=&#8221;1.7em&#8221; heading_all_active_font=&#8221;Montserrat||||||||&#8221; keyword_highlight_font=&#8221;Montserrat||||||||&#8221; marker_all_font=&#8221;Montserrat||||||||&#8221; marker_all_text_color=&#8221;#828282&#8243; marker_all_font_size=&#8221;16px&#8221; module_alignment=&#8221;left&#8221; min_height=&#8221;19px&#8221; custom_margin=&#8221;13px||10px||false|false&#8221; custom_margin_tablet=&#8221;&#8221; custom_margin_phone=&#8221;-30px||1px||false|false&#8221; custom_margin_last_edited=&#8221;on|desktop&#8221; custom_padding=&#8221;||5px||false|false&#8221; module_alignment_tablet=&#8221;&#8221; module_alignment_phone=&#8221;center&#8221; module_alignment_last_edited=&#8221;on|phone&#8221; border_radii_title_container=&#8221;on|10px|10px|10px|10px&#8221; global_colors_info=&#8221;{}&#8221; body_area_text_link_color_active__hover_enabled=&#8221;off|desktop&#8221;][\/pac_divi_table_of_contents][\/et_pb_column][\/et_pb_row][\/et_pb_section][et_pb_section fb_built=&#8221;1&#8243; _builder_version=&#8221;4.22.2&#8243; background_color=&#8221;#f7f7f7&#8243; custom_padding=&#8221;0px||30px||false|false&#8221; global_colors_info=&#8221;{}&#8221;][et_pb_row disabled_on=&#8221;off|off|off&#8221; _builder_version=&#8221;4.22.2&#8243; custom_margin=&#8221;|auto|20px|auto|false|false&#8221; custom_padding=&#8221;0px||4px||false|false&#8221; global_colors_info=&#8221;{}&#8221;][et_pb_column type=&#8221;4_4&#8243; _builder_version=&#8221;4.16&#8243; background_position=&#8221;top_left&#8221; custom_padding=&#8221;|||&#8221; global_colors_info=&#8221;{}&#8221; custom_padding__hover=&#8221;|||&#8221;][et_pb_text admin_label=&#8221;h2&#8243; module_id=&#8221;review&#8221; _builder_version=&#8221;4.23.1&#8243; text_font=&#8221;Montserrat|||on|&#8221; text_font_size=&#8221;18&#8243; text_line_height=&#8221;2.2em&#8221; header_font=&#8221;Montserrat|700|||||||&#8221; text_orientation=&#8221;center&#8221; min_height=&#8221;25px&#8221; custom_margin=&#8221;||0px|||&#8221; custom_padding=&#8221;10px|||||&#8221; text_font_size_tablet=&#8221;14&#8243; text_font_size_phone=&#8221;&#8221; text_font_size_last_edited=&#8221;on|desktop&#8221; border_style=&#8221;solid&#8221; inline_fonts=&#8221;Cuprum,Montserrat&#8221; global_colors_info=&#8221;{}&#8221;]<\/p>\n<h1 style=\"color: #333333;\">Sekretesspolicy f\u00f6r AIsexting.app<\/h1>\n<p>[\/et_pb_text][\/et_pb_column][\/et_pb_row][et_pb_row _builder_version=&#8221;4.16&#8243; custom_margin=&#8221;1px|auto|70px|auto||&#8221; custom_padding=&#8221;4px||4px|||&#8221; global_colors_info=&#8221;{}&#8221;][et_pb_column type=&#8221;4_4&#8243; _builder_version=&#8221;4.16&#8243; background_position=&#8221;top_left&#8221; custom_padding=&#8221;|||&#8221; global_colors_info=&#8221;{}&#8221; custom_padding__hover=&#8221;|||&#8221;][et_pb_text admin_label=&#8221;Seo text \u0412\u0442\u043e\u0440\u043e\u0433\u043e \u044d\u043a\u0440\u0430\u043d\u0430&#8221; _builder_version=&#8221;4.23.1&#8243; text_font=&#8221;Montserrat||||&#8221; custom_margin=&#8221;-3px|||||&#8221; custom_padding=&#8221;11px|||||&#8221; custom_padding_tablet=&#8221;&#8221; custom_padding_phone=&#8221;0px|||&#8221; custom_padding_last_edited=&#8221;on|phone&#8221; text_font_size_tablet=&#8221;14&#8243; text_font_size_phone=&#8221;&#8221; text_font_size_last_edited=&#8221;on|phone&#8221; header_font_size_phone=&#8221;20px&#8221; border_style=&#8221;solid&#8221; inline_fonts=&#8221;Cuprum,Montserrat&#8221; global_colors_info=&#8221;{}&#8221;]<\/p>\n<p>P\u00e5 aisexting.app, tillg\u00e4nglig fr\u00e5n https:\/\/aisexting.app, \u00e4r en av v\u00e5ra fr\u00e4msta prioriteringar v\u00e5ra bes\u00f6kares integritet. Denna integritetspolicy inneh\u00e5ller typer av information som samlas in och registreras av aisexting.app och hur vi anv\u00e4nder den.<br \/>Om du har ytterligare fr\u00e5gor eller beh\u00f6ver mer information om v\u00e5r integritetspolicy, tveka inte att kontakta oss.<br \/>Denna integritetspolicy g\u00e4ller endast f\u00f6r v\u00e5ra onlineaktiviteter och g\u00e4ller f\u00f6r bes\u00f6kare p\u00e5 v\u00e5r webbplats med avseende p\u00e5 den information som de delade och\/eller samlar in i aisexting.app. Denna policy \u00e4r inte till\u00e4mplig p\u00e5 n\u00e5gon information som samlas in offline eller via andra kanaler \u00e4n denna webbplats.<\/p>\n<h2>Samtycke<\/h2>\n<p>Genom att anv\u00e4nda v\u00e5r webbplats samtycker du h\u00e4rmed till v\u00e5r integritetspolicy och godk\u00e4nner dess villkor.<\/p>\n<h3>Information som vi samlar in<\/h3>\n<p>Den personliga information som du ombeds att tillhandah\u00e5lla, och sk\u00e4len till varf\u00f6r du ombeds att tillhandah\u00e5lla den, kommer att klarg\u00f6ras f\u00f6r dig vid den tidpunkt d\u00e5 vi ber dig att tillhandah\u00e5lla din personliga information. <br \/>Om du kontaktar oss direkt kan vi f\u00e5 ytterligare information om dig, till exempel ditt namn, e-postadress, telefonnummer, inneh\u00e5llet i meddelandet och\/eller bilagor som du kan skicka till oss, och all annan information som du kan v\u00e4lja att tillhandah\u00e5lla.<br \/>N\u00e4r du registrerar ett konto kan vi be om din kontaktinformation, inklusive uppgifter som namn, f\u00f6retagsnamn, adress, e-postadress och telefonnummer.<\/p>\n<h3>Hur vi anv\u00e4nder din information<\/h3>\n<p>Vi anv\u00e4nder den information vi samlar in p\u00e5 olika s\u00e4tt, bland annat f\u00f6r att: <br \/>&#8211; tillhandah\u00e5lla, driva och underh\u00e5lla v\u00e5r webbplats<br \/>&#8211; f\u00f6rb\u00e4ttra, anpassa och ut\u00f6ka v\u00e5r webbplats<br \/>&#8211; f\u00f6rst\u00e5 och analysera hur du anv\u00e4nder v\u00e5r webbplats<br \/>&#8211; utveckla nya produkter, tj\u00e4nster, funktioner och funktionalitet<br \/>&#8211; kommunicera med dig, antingen direkt eller via en av v\u00e5ra partners, inklusive f\u00f6r kundservice, f\u00f6r att f\u00f6rse dig med uppdateringar och annan information som r\u00f6r webbplatsen, och f\u00f6r marknadsf\u00f6ring och reklam\u00e4ndam\u00e5l<br \/>&#8211; skicka e-post till dig<br \/>&#8211; hitta och f\u00f6rhindra bedr\u00e4gerier<\/p>\n<h3>Loggfiler<\/h3>\n<p>aisexting.app f\u00f6ljer en standardprocedur f\u00f6r att anv\u00e4nda loggfiler. Dessa filer loggar bes\u00f6kare n\u00e4r de bes\u00f6ker webbplatser. Alla webbhotell g\u00f6r detta och det \u00e4r en del av webbhotellets analys. Den information som samlas in av loggfiler inkluderar IP-adresser (Internet Protocol), webbl\u00e4sartyp, Internetleverant\u00f6r (ISP), datum- och tidsst\u00e4mpel, h\u00e4nvisnings- \/ utg\u00e5ngssidor och eventuellt antalet klick. Dessa \u00e4r inte kopplade till n\u00e5gon information som \u00e4r personligt identifierbar. Syftet med informationen \u00e4r att analysera trender, administrera webbplatsen, sp\u00e5ra anv\u00e4ndarnas r\u00f6relser p\u00e5 webbplatsen och samla in demografisk information.<\/p>\n<h3>Kookies och webbfyrar<\/h3>\n<p>Likt alla andra webbplatser anv\u00e4nder aisexting.app &#8221;cookies&#8221;. Dessa cookies anv\u00e4nds f\u00f6r att lagra information inklusive bes\u00f6karnas preferenser och de sidor p\u00e5 webbplatsen som bes\u00f6karen har tillg\u00e5ng till eller bes\u00f6kt. Informationen anv\u00e4nds f\u00f6r att optimera anv\u00e4ndarnas upplevelse genom att anpassa inneh\u00e5llet p\u00e5 v\u00e5ra webbsidor baserat p\u00e5 bes\u00f6karnas webbl\u00e4sartyp och\/eller annan information.<\/p>\n<h3>V\u00e5ra annonseringspartners<\/h3>\n<p>Vissa av annons\u00f6rerna p\u00e5 v\u00e5r webbplats kan anv\u00e4nda cookies och webbfyrar. V\u00e5ra reklampartners listas nedan. Var och en av v\u00e5ra reklampartners har sin egen integritetspolicy f\u00f6r sina policyer f\u00f6r anv\u00e4ndardata. F\u00f6r enklare \u00e5tkomst har vi hyperl\u00e4nkat till deras integritetspolicyer nedan.<br \/>&#8211; Google <a href=\"https:\/\/policies.google.com\/technologies\/ads\" target=\"_blank\" rel=\"noopener\">https:\/\/policies.google.com\/technologies\/ads<\/a><\/p>\n<h3>Integritetspolicyer f\u00f6r annonseringspartners<\/h3>\n<p>Du kan konsultera denna lista f\u00f6r att hitta sekretesspolicyn f\u00f6r var och en av annonspartnerna f\u00f6r aisexting.app.<br \/>Tredjepartsannonsservrar eller annonsn\u00e4tverk anv\u00e4nder tekniker som cookies, JavaScript eller webbfyrar som anv\u00e4nds i deras respektive annonser och l\u00e4nkar som visas p\u00e5 aisexting.app, som skickas direkt till anv\u00e4ndarnas webbl\u00e4sare. De f\u00e5r automatiskt din IP-adress n\u00e4r detta intr\u00e4ffar. Dessa tekniker anv\u00e4nds f\u00f6r att m\u00e4ta effektiviteten i deras reklamkampanjer och\/eller f\u00f6r att anpassa reklaminneh\u00e5llet som du ser p\u00e5 webbplatser som du bes\u00f6ker.<br \/> Observera att aisexting.app inte har n\u00e5gon tillg\u00e5ng till eller kontroll \u00f6ver dessa cookies som anv\u00e4nds av tredjepartsannons\u00f6rer.<\/p>\n<h3>Tredje parts integritetspolicyer<\/h3>\n<p>aisexting.app:s integritetspolicy g\u00e4ller inte f\u00f6r andra annons\u00f6rer eller webbplatser. S\u00e5ledes rekommenderar vi dig att konsultera respektive sekretesspolicy f\u00f6r dessa tredjepartsannonsservrar f\u00f6r mer detaljerad information. Det kan inkludera deras praxis och instruktioner om hur man v\u00e4ljer bort vissa alternativ.<br \/>Du kan v\u00e4lja att inaktivera cookies genom dina individuella webbl\u00e4saralternativ. Om du vill ha mer detaljerad information om cookiehantering med specifika webbl\u00e4sare kan du hitta den p\u00e5 webbl\u00e4sarnas respektive webbplatser.<\/p>\n<h3>CCPA Sekretessr\u00e4ttigheter (S\u00e4lj inte min personliga information)<\/h3>\n<p>Enligt CCPA, bland andra r\u00e4ttigheter, har konsumenter i Kalifornien r\u00e4tt att:<br \/>F\u00f6rfr\u00e5gan att ett f\u00f6retag som samlar in en konsuments personuppgifter avsl\u00f6jar de kategorier och specifika delar av personuppgifter som ett f\u00f6retag har samlat in om konsumenter.<br \/>F\u00f6rfr\u00e5gan att ett f\u00f6retag raderar alla personuppgifter om konsumenten som ett f\u00f6retag har samlat in.<br \/>F\u00f6rfr\u00e5gan att ett f\u00f6retag som s\u00e4ljer en konsuments personuppgifter inte s\u00e4ljer konsumentens personuppgifter.<br \/>Om du g\u00f6r en f\u00f6rfr\u00e5gan har vi en m\u00e5nad att svara p\u00e5 dig. Om du vill ut\u00f6va n\u00e5gon av dessa r\u00e4ttigheter \u00e4r du v\u00e4lkommen att kontakta oss.<\/p>\n<h3>GDPR dataskyddsr\u00e4ttigheter<\/h3>\n<p>Vi vill f\u00f6rs\u00e4kra oss om att du \u00e4r fullt medveten om alla dina dataskyddsr\u00e4ttigheter. Varje anv\u00e4ndare har r\u00e4tt till f\u00f6ljande:<br \/>R\u00e4tten till tillg\u00e5ng &#8211; Du har r\u00e4tt att beg\u00e4ra kopior av dina personuppgifter. Vi kan ta ut en mindre avgift f\u00f6r denna tj\u00e4nst.<br \/>R\u00e4tten till r\u00e4ttelse &#8211; Du har r\u00e4tt att beg\u00e4ra att vi r\u00e4ttar all information som du anser \u00e4r felaktig. Du har ocks\u00e5 r\u00e4tt att beg\u00e4ra att vi kompletterar den information som du anser \u00e4r ofullst\u00e4ndig.<br \/>R\u00e4tten till radering &#8211; Du har r\u00e4tt att beg\u00e4ra att vi raderar dina personuppgifter, under vissa f\u00f6ruts\u00e4ttningar.<br \/>R\u00e4tten att begr\u00e4nsa behandlingen &#8211; Du har r\u00e4tt att beg\u00e4ra att vi begr\u00e4nsar behandlingen av dina personuppgifter, under vissa f\u00f6ruts\u00e4ttningar. <br \/>R\u00e4tten att inv\u00e4nda mot behandling &#8211; Du har r\u00e4tt att inv\u00e4nda mot v\u00e5r behandling av dina personuppgifter, under vissa f\u00f6ruts\u00e4ttningar.<br \/>R\u00e4tten till dataportabilitet &#8211; Du har r\u00e4tt att beg\u00e4ra att vi \u00f6verf\u00f6r de uppgifter som vi har samlat in till en annan organisation, eller direkt till dig, under vissa f\u00f6ruts\u00e4ttningar.<br \/>Om du g\u00f6r en beg\u00e4ran har vi en m\u00e5nad p\u00e5 oss att svara dig. Om du vill ut\u00f6va n\u00e5gon av dessa r\u00e4ttigheter \u00e4r du v\u00e4lkommen att kontakta oss.<\/p>\n<h3>Information om barn<\/h3>\n<p>En annan del av v\u00e5r prioritering \u00e4r att \u00f6ka skyddet f\u00f6r barn n\u00e4r de anv\u00e4nder internet. Vi uppmuntrar f\u00f6r\u00e4ldrar och v\u00e5rdnadshavare att observera, delta i och\/eller \u00f6vervaka och v\u00e4gleda deras onlineaktivitet.<br \/>aisexting.app samlar inte medvetet in n\u00e5gon personlig identifierbar information fr\u00e5n barn under 13 \u00e5r. Om du tror att ditt barn har l\u00e4mnat denna typ av information p\u00e5 v\u00e5r webbplats, uppmanar vi dig starkt att kontakta oss omedelbart och vi kommer att g\u00f6ra v\u00e5rt b\u00e4sta f\u00f6r att snabbt ta bort s\u00e5dan information fr\u00e5n v\u00e5ra register.<\/p>\n<p><h3>\u00c4ndringar i denna integritetspolicy<\/h3>\n<p>Vi kan uppdatera v\u00e5r integritetspolicy fr\u00e5n tid till annan. Vi rekommenderar d\u00e4rf\u00f6r att du regelbundet granskar denna sida f\u00f6r eventuella \u00e4ndringar. Vi kommer att meddela dig om eventuella \u00e4ndringar genom att publicera den nya sekretesspolicyn p\u00e5 den h\u00e4r sidan. Dessa \u00e4ndringar tr\u00e4der i kraft omedelbart efter att de har publicerats p\u00e5 denna sida.<br \/>V\u00e5r sekretesspolicy skapades med hj\u00e4lp av sekretesspolicygeneratorn.<\/p>\n<h3>Kontakta oss<\/h3>\n<p>Om du har n\u00e5gra fr\u00e5gor eller f\u00f6rslag om v\u00e5r integritetspolicy, tveka inte att kontakta oss p\u00e5 admin@aisexting.app<\/p>\n<p><em>Den h\u00e4r integritetspolicyn uppdaterades senast den 16 december 2023.<\/em><\/p>\n<p>[\/et_pb_text][\/et_pb_column][\/et_pb_row][\/et_pb_section]<\/p>\n","protected":false},"excerpt":{"rendered":"<p><div class=\"et_pb_module pac_divi_table_of_contents pac_divi_table_of_contents_0\">\n\t\t\t\t\n\t\t\t\t\n\t\t\t\t\n\t\t\t\t\n\t\t\t\t\n\t\t\t\t\n\t\t\t\t<div class=\"et_pb_module_inner\">\n\t\t\t\t\t\r\n        <div class=\"pac_dtoc_main_container\"\r\n        data-allow_collapse_minimize=\"on\"\r\n        data-ss=\"2000\"\r\n        data-sah=\"100\"\r\n        data-collapse_when_sticky=\"off\"\r\n        data-collapse_when_sticky_tablet=\"off\"\r\n        data-collapse_when_sticky_phone=\"off\"\r\n        data-skh=\"off\"\r\n        data-mtocai=\"off\"\r\n        data-mtocai_tablet=\"off\"\r\n        data-mtocai_phone=\"off\"\r\n        data-alh=\"off\">\r\n            <div class=\"pac_dtoc_title_area click_on click_tablet_on click_phone_on\">\r\n                <div class=\"pac_dtoc_title\">On this page<\/div>\r\n                \r\n            <div class=\"pac_dtoc_icon_responsive\">\r\n                <div class=\"pac_dtoc_opened_icon\">\/<\/div>\r\n                <div class=\"pac_dtoc_closed_icon\">0<\/div>\r\n            <\/div>\r\n            \r\n            <\/div>\r\n            <div class=\"pac_dtoc_body_area inside\">\r\n                \r\n                <div class='divi_table_of_contents'><\/div>\r\n            <\/div>\r\n        <\/div>\r\n        \n\t\t\t\t<\/div>\n\t\t\t<\/div>Sekretesspolicy f\u00f6r AIsexting.appP\u00e5 aisexting.app, [&hellip;]<\/p>\n","protected":false},"author":1,"featured_media":0,"parent":0,"menu_order":0,"comment_status":"closed","ping_status":"open","template":"","meta":{"_et_pb_use_builder":"on","_et_pb_old_content":"","_et_gb_content_width":"","footnotes":""},"class_list":["post-68731","page","type-page","status-publish","hentry"],"yoast_head":"<!-- This site is optimized with the Yoast SEO Premium plugin v21.3 (Yoast SEO v26.7) - https:\/\/yoast.com\/wordpress\/plugins\/seo\/ -->\n<title>Sekretesspolicy - AI Sexting App<\/title>\n<meta name=\"robots\" content=\"noindex, nofollow\" \/>\n<meta property=\"og:locale\" content=\"sv_SE\" \/>\n<meta property=\"og:type\" content=\"article\" \/>\n<meta property=\"og:title\" content=\"Sekretesspolicy\" \/>\n<meta property=\"og:description\" content=\"Sekretesspolicy f\u00f6r AIsexting.appP\u00e5 aisexting.app, [&hellip;]\" \/>\n<meta property=\"og:url\" content=\"https:\/\/aisexting.app\/sv\/sekretesspolicy\/\" \/>\n<meta property=\"og:site_name\" content=\"AI Sexting App\" \/>\n<meta property=\"article:modified_time\" content=\"2023-12-20T23:11:06+00:00\" \/>\n<meta name=\"twitter:card\" content=\"summary_large_image\" \/>\n<meta name=\"twitter:label1\" content=\"Ber\u00e4knad l\u00e4stid\" \/>\n\t<meta name=\"twitter:data1\" content=\"5 minuter\" \/>\n<script type=\"application\/ld+json\" class=\"yoast-schema-graph\">{\"@context\":\"https:\/\/schema.org\",\"@graph\":[{\"@type\":\"WebPage\",\"@id\":\"https:\/\/aisexting.app\/sv\/sekretesspolicy\/\",\"url\":\"https:\/\/aisexting.app\/sv\/sekretesspolicy\/\",\"name\":\"Sekretesspolicy - AI Sexting App\",\"isPartOf\":{\"@id\":\"https:\/\/aisexting.app\/#website\"},\"datePublished\":\"2023-06-29T17:51:35+00:00\",\"dateModified\":\"2023-12-20T23:11:06+00:00\",\"breadcrumb\":{\"@id\":\"https:\/\/aisexting.app\/sv\/sekretesspolicy\/#breadcrumb\"},\"inLanguage\":\"sv-SE\",\"potentialAction\":[{\"@type\":\"ReadAction\",\"target\":[\"https:\/\/aisexting.app\/sv\/sekretesspolicy\/\"]}]},{\"@type\":\"BreadcrumbList\",\"@id\":\"https:\/\/aisexting.app\/sv\/sekretesspolicy\/#breadcrumb\",\"itemListElement\":[{\"@type\":\"ListItem\",\"position\":1,\"name\":\"Home\",\"item\":\"https:\/\/aisexting.app\/sv\/\"},{\"@type\":\"ListItem\",\"position\":2,\"name\":\"Sekretesspolicy\"}]},{\"@type\":\"WebSite\",\"@id\":\"https:\/\/aisexting.app\/#website\",\"url\":\"https:\/\/aisexting.app\/\",\"name\":\"AI Sexting App\",\"description\":\"AI Sexting App\",\"potentialAction\":[{\"@type\":\"SearchAction\",\"target\":{\"@type\":\"EntryPoint\",\"urlTemplate\":\"https:\/\/aisexting.app\/?s={search_term_string}\"},\"query-input\":{\"@type\":\"PropertyValueSpecification\",\"valueRequired\":true,\"valueName\":\"search_term_string\"}}],\"inLanguage\":\"sv-SE\"}]}<\/script>\n<!-- \/ Yoast SEO Premium plugin. -->","yoast_head_json":{"title":"Sekretesspolicy - AI Sexting App","robots":{"index":"noindex","follow":"nofollow"},"og_locale":"sv_SE","og_type":"article","og_title":"Sekretesspolicy","og_description":"Sekretesspolicy f\u00f6r AIsexting.appP\u00e5 aisexting.app, [&hellip;]","og_url":"https:\/\/aisexting.app\/sv\/sekretesspolicy\/","og_site_name":"AI Sexting App","article_modified_time":"2023-12-20T23:11:06+00:00","twitter_card":"summary_large_image","twitter_misc":{"Ber\u00e4knad l\u00e4stid":"5 minuter"},"schema":{"@context":"https:\/\/schema.org","@graph":[{"@type":"WebPage","@id":"https:\/\/aisexting.app\/sv\/sekretesspolicy\/","url":"https:\/\/aisexting.app\/sv\/sekretesspolicy\/","name":"Sekretesspolicy - AI Sexting App","isPartOf":{"@id":"https:\/\/aisexting.app\/#website"},"datePublished":"2023-06-29T17:51:35+00:00","dateModified":"2023-12-20T23:11:06+00:00","breadcrumb":{"@id":"https:\/\/aisexting.app\/sv\/sekretesspolicy\/#breadcrumb"},"inLanguage":"sv-SE","potentialAction":[{"@type":"ReadAction","target":["https:\/\/aisexting.app\/sv\/sekretesspolicy\/"]}]},{"@type":"BreadcrumbList","@id":"https:\/\/aisexting.app\/sv\/sekretesspolicy\/#breadcrumb","itemListElement":[{"@type":"ListItem","position":1,"name":"Home","item":"https:\/\/aisexting.app\/sv\/"},{"@type":"ListItem","position":2,"name":"Sekretesspolicy"}]},{"@type":"WebSite","@id":"https:\/\/aisexting.app\/#website","url":"https:\/\/aisexting.app\/","name":"AI Sexting App","description":"AI Sexting App","potentialAction":[{"@type":"SearchAction","target":{"@type":"EntryPoint","urlTemplate":"https:\/\/aisexting.app\/?s={search_term_string}"},"query-input":{"@type":"PropertyValueSpecification","valueRequired":true,"valueName":"search_term_string"}}],"inLanguage":"sv-SE"}]}},"_links":{"self":[{"href":"https:\/\/aisexting.app\/sv\/wp-json\/wp\/v2\/pages\/68731","targetHints":{"allow":["GET"]}}],"collection":[{"href":"https:\/\/aisexting.app\/sv\/wp-json\/wp\/v2\/pages"}],"about":[{"href":"https:\/\/aisexting.app\/sv\/wp-json\/wp\/v2\/types\/page"}],"author":[{"embeddable":true,"href":"https:\/\/aisexting.app\/sv\/wp-json\/wp\/v2\/users\/1"}],"replies":[{"embeddable":true,"href":"https:\/\/aisexting.app\/sv\/wp-json\/wp\/v2\/comments?post=68731"}],"version-history":[{"count":0,"href":"https:\/\/aisexting.app\/sv\/wp-json\/wp\/v2\/pages\/68731\/revisions"}],"wp:attachment":[{"href":"https:\/\/aisexting.app\/sv\/wp-json\/wp\/v2\/media?parent=68731"}],"curies":[{"name":"wp","href":"https:\/\/api.w.org\/{rel}","templated":true}]}}