{"id":68725,"date":"2023-10-21T10:41:14","date_gmt":"2023-10-21T10:41:14","guid":{"rendered":"https:\/\/aisexting.app\/om-oss\/"},"modified":"2023-12-21T12:35:11","modified_gmt":"2023-12-21T12:35:11","slug":"om-oss","status":"publish","type":"page","link":"https:\/\/aisexting.app\/sv\/om-oss\/","title":{"rendered":"Om oss"},"content":{"rendered":"<p>[et_pb_section fb_built=&#8221;1&#8243; _builder_version=&#8221;4.23.1&#8243; background_color=&#8221;#f7f7f7&#8243; custom_padding=&#8221;0px||0px||false|false&#8221; global_colors_info=&#8221;{}&#8221;][et_pb_row custom_padding_last_edited=&#8221;on|phone&#8221; disabled_on=&#8221;off|off|off&#8221; _builder_version=&#8221;4.23.1&#8243; custom_margin=&#8221;|auto|0px|auto|false|false&#8221; custom_padding=&#8221;80px||0px||false|false&#8221; custom_padding_tablet=&#8221;80px||0px||false|false&#8221; custom_padding_phone=&#8221;46px||||false|false&#8221; global_colors_info=&#8221;{}&#8221;][et_pb_column type=&#8221;4_4&#8243; _builder_version=&#8221;4.16&#8243; background_position=&#8221;top_left&#8221; custom_padding=&#8221;|||&#8221; global_colors_info=&#8221;{}&#8221; custom_padding__hover=&#8221;|||&#8221;][et_pb_divider divider_weight=&#8221;2px&#8221; _builder_version=&#8221;4.23.1&#8243; _module_preset=&#8221;default&#8221; custom_margin=&#8221;||||false|false&#8221; custom_padding=&#8221;||0px||false|false&#8221; global_colors_info=&#8221;{}&#8221;][\/et_pb_divider][\/et_pb_column][\/et_pb_row][\/et_pb_section][et_pb_section fb_built=&#8221;1&#8243; _builder_version=&#8221;4.22.2&#8243; _module_preset=&#8221;default&#8221; background_color=&#8221;#f7f7f7&#8243; custom_margin=&#8221;0px||0px||false|false&#8221; custom_padding=&#8221;0px||0px||false|false&#8221; global_module=&#8221;68749&#8243; saved_tabs=&#8221;all&#8221; global_colors_info=&#8221;{}&#8221;][et_pb_row column_structure=&#8221;1_2,1_2&#8243; _builder_version=&#8221;4.22.2&#8243; _module_preset=&#8221;default&#8221; custom_padding=&#8221;0px|0px|0px|0px|false|false&#8221; global_colors_info=&#8221;{}&#8221;][et_pb_column type=&#8221;1_2&#8243; _builder_version=&#8221;4.22.2&#8243; _module_preset=&#8221;default&#8221; global_colors_info=&#8221;{}&#8221;][et_pb_wpt_schema_breadcrumbs home_item_title=&#8221;AI Sexting&#8221; font_icon=&#8221;&#x39;||divi||400&#8243; separator_size=&#8221;1em&#8221; _builder_version=&#8221;4.23.1&#8243; _module_preset=&#8221;default&#8221; breadcrumb_link_font=&#8221;Montserrat|500|||||||&#8221; breadcrumb_link_font_size=&#8221;16px&#8221; breadcrumb_last_item_font=&#8221;Montserrat|500|||||||&#8221; breadcrumb_last_item_font_size=&#8221;16px&#8221; custom_padding=&#8221;0px||0px||false|false&#8221; global_colors_info=&#8221;{}&#8221;][\/et_pb_wpt_schema_breadcrumbs][\/et_pb_column][et_pb_column type=&#8221;1_2&#8243; _builder_version=&#8221;4.22.2&#8243; _module_preset=&#8221;default&#8221; global_colors_info=&#8221;{}&#8221;][pac_divi_table_of_contents title=&#8221;P\u00e5 denna sida&#8221; default_state=&#8221;closed&#8221; opened_icon=&#8221;&#x2f;||divi||400&#8243; closed_icon=&#8221;&#x30;||divi||400&#8243; included_headings=&#8221;off|on|on|off|off|off&#8221; level_markers_1=&#8221;decimal&#8221; level_markers_2=&#8221;decimal&#8221; level_markers_3=&#8221;icons&#8221; title_container_margin=&#8221;||||false|false&#8221; title_container_padding=&#8221;5px|23px|5px|23px|false|false&#8221; title_container_bg_color=&#8221;#FFFFFF&#8221; open_icon_color=&#8221;#595959&#8243; open_icon_size=&#8221;25px&#8221; close_icon_color=&#8221;#595959&#8243; close_icon_size=&#8221;25px&#8221; body_area_scroll_color=&#8221;#333333&#8243; body_area_text_link_color=&#8221;#666666&#8243; body_area_text_link_underline=&#8221;#d20000&#8243; body_area_text_link_color_active=&#8221;#d20000&#8243; body_area_text_link_underline_active=&#8221;#d20000&#8243; _builder_version=&#8221;4.23.1&#8243; _module_preset=&#8221;default&#8221; title_font_font=&#8221;Montserrat||||||||&#8221; title_text_align=&#8221;left&#8221; title_text_color=&#8221;#595959&#8243; title_font_size=&#8221;16px&#8221; title_line_height=&#8221;25px&#8221; heading_all_font=&#8221;Montserrat||||||||&#8221; heading_all_font_size=&#8221;16px&#8221; heading2_line_height=&#8221;1.9em&#8221; heading3_line_height=&#8221;1.7em&#8221; heading_all_active_font=&#8221;Montserrat||||||||&#8221; keyword_highlight_font=&#8221;Montserrat||||||||&#8221; marker_all_font=&#8221;Montserrat||||||||&#8221; marker_all_text_color=&#8221;#828282&#8243; marker_all_font_size=&#8221;16px&#8221; module_alignment=&#8221;left&#8221; min_height=&#8221;19px&#8221; custom_margin=&#8221;13px||10px||false|false&#8221; custom_margin_tablet=&#8221;&#8221; custom_margin_phone=&#8221;-30px||1px||false|false&#8221; custom_margin_last_edited=&#8221;on|desktop&#8221; custom_padding=&#8221;||5px||false|false&#8221; module_alignment_tablet=&#8221;&#8221; module_alignment_phone=&#8221;center&#8221; module_alignment_last_edited=&#8221;on|phone&#8221; border_radii_title_container=&#8221;on|10px|10px|10px|10px&#8221; global_colors_info=&#8221;{}&#8221; body_area_text_link_color_active__hover_enabled=&#8221;off|desktop&#8221;][\/pac_divi_table_of_contents][\/et_pb_column][\/et_pb_row][\/et_pb_section][et_pb_section fb_built=&#8221;1&#8243; _builder_version=&#8221;4.22.2&#8243; background_color=&#8221;#f7f7f7&#8243; custom_padding=&#8221;0px||30px||false|false&#8221; global_colors_info=&#8221;{}&#8221;][et_pb_row disabled_on=&#8221;off|off|off&#8221; _builder_version=&#8221;4.23.1&#8243; custom_margin=&#8221;15px|auto|9px|auto|false|false&#8221; custom_padding=&#8221;0px||4px||false|false&#8221; global_colors_info=&#8221;{}&#8221;][et_pb_column type=&#8221;4_4&#8243; _builder_version=&#8221;4.16&#8243; background_position=&#8221;top_left&#8221; custom_padding=&#8221;|||&#8221; global_colors_info=&#8221;{}&#8221; custom_padding__hover=&#8221;|||&#8221;][et_pb_text admin_label=&#8221;h1&#8243; module_id=&#8221;review&#8221; _builder_version=&#8221;4.23.1&#8243; text_font=&#8221;Montserrat||||||||&#8221; text_font_size=&#8221;18&#8243; text_line_height=&#8221;2.2em&#8221; header_font=&#8221;Montserrat||||||||&#8221; header_text_align=&#8221;left&#8221; text_orientation=&#8221;center&#8221; min_height=&#8221;25px&#8221; custom_margin=&#8221;||0px|||&#8221; custom_padding=&#8221;10px|||||&#8221; text_font_size_tablet=&#8221;14&#8243; text_font_size_phone=&#8221;&#8221; text_font_size_last_edited=&#8221;on|desktop&#8221; border_style=&#8221;solid&#8221; inline_fonts=&#8221;Cuprum,Montserrat&#8221; global_colors_info=&#8221;{}&#8221;]<\/p>\n<h1>Om AIsexting.app<\/h1>\n<p>[\/et_pb_text][\/et_pb_column][\/et_pb_row][et_pb_row column_structure=&#8221;3_5,2_5&#8243; _builder_version=&#8221;4.23.1&#8243; custom_margin=&#8221;1px|auto||auto||&#8221; custom_padding=&#8221;4px||40px||false|false&#8221; global_colors_info=&#8221;{}&#8221;][et_pb_column type=&#8221;3_5&#8243; _builder_version=&#8221;4.16&#8243; background_position=&#8221;top_left&#8221; custom_padding=&#8221;|||&#8221; global_colors_info=&#8221;{}&#8221; custom_padding__hover=&#8221;|||&#8221;][et_pb_text admin_label=&#8221;Seo text \u0412\u0442\u043e\u0440\u043e\u0433\u043e \u044d\u043a\u0440\u0430\u043d\u0430&#8221; _builder_version=&#8221;4.23.1&#8243; text_font=&#8221;Montserrat||||&#8221; custom_margin=&#8221;||||false|false&#8221; custom_padding=&#8221;||||false|false&#8221; custom_padding_tablet=&#8221;&#8221; custom_padding_phone=&#8221;0px|||&#8221; custom_padding_last_edited=&#8221;on|phone&#8221; text_font_size_tablet=&#8221;14&#8243; text_font_size_phone=&#8221;&#8221; text_font_size_last_edited=&#8221;on|phone&#8221; header_font_size_phone=&#8221;20px&#8221; border_style=&#8221;solid&#8221; inline_fonts=&#8221;Cuprum,Montserrat&#8221; global_colors_info=&#8221;{}&#8221;]Grundades \u00e5r 2023, \u00e4r AIsexting.app en v\u00e4lk\u00e4nd guide till v\u00e4rlden av AI-sextning, med det fr\u00e4msta m\u00e5let att tillhandah\u00e5lla aktuell, opartisk och korrekt information, samt att utv\u00e4rdera och identifiera de b\u00e4sta apparna.<br \/>\nEtt unikt betygssystem och expertrecensioner g\u00f6r det m\u00f6jligt f\u00f6r v\u00e5ra anv\u00e4ndare att hitta de AI-appar och chattrobotar som \u00e4r l\u00e4mpliga f\u00f6r dem.[\/et_pb_text][et_pb_text admin_label=&#8221;Seo text \u0412\u0442\u043e\u0440\u043e\u0433\u043e \u044d\u043a\u0440\u0430\u043d\u0430&#8221; _builder_version=&#8221;4.23.1&#8243; text_font=&#8221;Montserrat||||&#8221; custom_margin=&#8221;||||false|false&#8221; custom_padding=&#8221;||||false|false&#8221; custom_padding_tablet=&#8221;&#8221; custom_padding_phone=&#8221;0px|||&#8221; custom_padding_last_edited=&#8221;on|phone&#8221; text_font_size_tablet=&#8221;14&#8243; text_font_size_phone=&#8221;&#8221; text_font_size_last_edited=&#8221;on|phone&#8221; header_font_size_phone=&#8221;20px&#8221; border_style=&#8221;solid&#8221; inline_fonts=&#8221;Cuprum,Montserrat&#8221; global_colors_info=&#8221;{}&#8221;]<\/p>\n<h2>Om ASA-rating<\/h2>\n<p>ASA-rankingssystemet utv\u00e4rderar AI-sextappar baserat p\u00e5 nyckelm\u00e4tv\u00e4rden som naturlig kommunikation, personalisering, anv\u00e4ndargr\u00e4nssnitt och helhetsupplevelse. V\u00e5r rigor\u00f6sa process anv\u00e4nder hj\u00e4lp av v\u00e5ra experter och AI-analys f\u00f6r att bed\u00f6ma algoritmers effektivitet i att generera realistiska konversationer, bilder och r\u00f6stmeddelanden.[\/et_pb_text][et_pb_text admin_label=&#8221;Seo text \u0412\u0442\u043e\u0440\u043e\u0433\u043e \u044d\u043a\u0440\u0430\u043d\u0430&#8221; _builder_version=&#8221;4.23.1&#8243; text_font=&#8221;Montserrat||||&#8221; custom_margin=&#8221;||||false|false&#8221; custom_padding=&#8221;||||false|false&#8221; custom_padding_tablet=&#8221;&#8221; custom_padding_phone=&#8221;0px|||&#8221; custom_padding_last_edited=&#8221;on|phone&#8221; text_font_size_tablet=&#8221;14&#8243; text_font_size_phone=&#8221;&#8221; text_font_size_last_edited=&#8221;on|phone&#8221; header_font_size_phone=&#8221;20px&#8221; border_style=&#8221;solid&#8221; inline_fonts=&#8221;Cuprum,Montserrat&#8221; global_colors_info=&#8221;{}&#8221;]<\/p>\n<h2>Kontakta oss<\/h2>\n<p>Via e-post: info@aisexting.app[\/et_pb_text][\/et_pb_column][et_pb_column type=&#8221;2_5&#8243; _builder_version=&#8221;4.16&#8243; background_position=&#8221;top_left&#8221; custom_padding=&#8221;|||&#8221; global_colors_info=&#8221;{}&#8221; custom_padding__hover=&#8221;|||&#8221;][et_pb_image src=&#8221;https:\/\/aisexting.app\/wp-content\/uploads\/2023\/12\/aisextingapp-about.webp&#8221; alt=&#8221;about Aisexting.app&#8221; title_text=&#8221;about Aisexting.app&#8221; _builder_version=&#8221;4.23.1&#8243; _module_preset=&#8221;default&#8221; module_alignment=&#8221;center&#8221; custom_margin=&#8221;||||false|false&#8221; global_colors_info=&#8221;{}&#8221;][\/et_pb_image][\/et_pb_column][\/et_pb_row][\/et_pb_section]<\/p>\n","protected":false},"excerpt":{"rendered":"<p><div class=\"et_pb_module pac_divi_table_of_contents pac_divi_table_of_contents_0\">\n\t\t\t\t\n\t\t\t\t\n\t\t\t\t\n\t\t\t\t\n\t\t\t\t\n\t\t\t\t\n\t\t\t\t<div class=\"et_pb_module_inner\">\n\t\t\t\t\t\r\n        <div class=\"pac_dtoc_main_container\"\r\n        data-allow_collapse_minimize=\"on\"\r\n        data-ss=\"2000\"\r\n        data-sah=\"100\"\r\n        data-collapse_when_sticky=\"off\"\r\n        data-collapse_when_sticky_tablet=\"off\"\r\n        data-collapse_when_sticky_phone=\"off\"\r\n        data-skh=\"off\"\r\n        data-mtocai=\"off\"\r\n        data-mtocai_tablet=\"off\"\r\n        data-mtocai_phone=\"off\"\r\n        data-alh=\"off\">\r\n            <div class=\"pac_dtoc_title_area click_on click_tablet_on click_phone_on\">\r\n                <div class=\"pac_dtoc_title\">P\u00e5 denna sida<\/div>\r\n                \r\n            <div class=\"pac_dtoc_icon_responsive\">\r\n                <div class=\"pac_dtoc_opened_icon\">\/<\/div>\r\n                <div class=\"pac_dtoc_closed_icon\">0<\/div>\r\n            <\/div>\r\n            \r\n            <\/div>\r\n            <div class=\"pac_dtoc_body_area inside\">\r\n                \r\n                <div class='divi_table_of_contents'><\/div>\r\n            <\/div>\r\n        <\/div>\r\n        \n\t\t\t\t<\/div>\n\t\t\t<\/div>Om AIsexting.appGrundades \u00e5r 2023, [&hellip;]<\/p>\n","protected":false},"author":1,"featured_media":0,"parent":0,"menu_order":0,"comment_status":"closed","ping_status":"closed","template":"","meta":{"_et_pb_use_builder":"on","_et_pb_old_content":"","_et_gb_content_width":"","footnotes":""},"class_list":["post-68725","page","type-page","status-publish","hentry"],"yoast_head":"<!-- This site is optimized with the Yoast SEO Premium plugin v21.3 (Yoast SEO v26.7) - https:\/\/yoast.com\/wordpress\/plugins\/seo\/ -->\n<title>Om oss - AIsexting.app<\/title>\n<meta name=\"robots\" content=\"index, follow, max-snippet:-1, max-image-preview:large, max-video-preview:-1\" \/>\n<link rel=\"canonical\" href=\"https:\/\/aisexting.app\/sv\/om-oss\/\" \/>\n<meta property=\"og:locale\" content=\"sv_SE\" \/>\n<meta property=\"og:type\" content=\"article\" \/>\n<meta property=\"og:title\" content=\"Om oss\" \/>\n<meta property=\"og:description\" content=\"Om AIsexting.appGrundades \u00e5r 2023, [&hellip;]\" \/>\n<meta property=\"og:url\" content=\"https:\/\/aisexting.app\/sv\/om-oss\/\" \/>\n<meta property=\"og:site_name\" content=\"AI Sexting App\" \/>\n<meta property=\"article:modified_time\" content=\"2023-12-21T12:35:11+00:00\" \/>\n<meta name=\"twitter:card\" content=\"summary_large_image\" \/>\n<meta name=\"twitter:label1\" content=\"Ber\u00e4knad l\u00e4stid\" \/>\n\t<meta name=\"twitter:data1\" content=\"1 minut\" \/>\n<script type=\"application\/ld+json\" class=\"yoast-schema-graph\">{\"@context\":\"https:\/\/schema.org\",\"@graph\":[{\"@type\":\"WebPage\",\"@id\":\"https:\/\/aisexting.app\/sv\/om-oss\/\",\"url\":\"https:\/\/aisexting.app\/sv\/om-oss\/\",\"name\":\"Om oss - AIsexting.app\",\"isPartOf\":{\"@id\":\"https:\/\/aisexting.app\/#website\"},\"datePublished\":\"2023-10-21T10:41:14+00:00\",\"dateModified\":\"2023-12-21T12:35:11+00:00\",\"breadcrumb\":{\"@id\":\"https:\/\/aisexting.app\/sv\/om-oss\/#breadcrumb\"},\"inLanguage\":\"sv-SE\",\"potentialAction\":[{\"@type\":\"ReadAction\",\"target\":[\"https:\/\/aisexting.app\/sv\/om-oss\/\"]}]},{\"@type\":\"BreadcrumbList\",\"@id\":\"https:\/\/aisexting.app\/sv\/om-oss\/#breadcrumb\",\"itemListElement\":[{\"@type\":\"ListItem\",\"position\":1,\"name\":\"Home\",\"item\":\"https:\/\/aisexting.app\/sv\/\"},{\"@type\":\"ListItem\",\"position\":2,\"name\":\"Om oss\"}]},{\"@type\":\"WebSite\",\"@id\":\"https:\/\/aisexting.app\/#website\",\"url\":\"https:\/\/aisexting.app\/\",\"name\":\"AI Sexting App\",\"description\":\"AI Sexting App\",\"potentialAction\":[{\"@type\":\"SearchAction\",\"target\":{\"@type\":\"EntryPoint\",\"urlTemplate\":\"https:\/\/aisexting.app\/?s={search_term_string}\"},\"query-input\":{\"@type\":\"PropertyValueSpecification\",\"valueRequired\":true,\"valueName\":\"search_term_string\"}}],\"inLanguage\":\"sv-SE\"}]}<\/script>\n<!-- \/ Yoast SEO Premium plugin. -->","yoast_head_json":{"title":"Om oss - AIsexting.app","robots":{"index":"index","follow":"follow","max-snippet":"max-snippet:-1","max-image-preview":"max-image-preview:large","max-video-preview":"max-video-preview:-1"},"canonical":"https:\/\/aisexting.app\/sv\/om-oss\/","og_locale":"sv_SE","og_type":"article","og_title":"Om oss","og_description":"Om AIsexting.appGrundades \u00e5r 2023, [&hellip;]","og_url":"https:\/\/aisexting.app\/sv\/om-oss\/","og_site_name":"AI Sexting App","article_modified_time":"2023-12-21T12:35:11+00:00","twitter_card":"summary_large_image","twitter_misc":{"Ber\u00e4knad l\u00e4stid":"1 minut"},"schema":{"@context":"https:\/\/schema.org","@graph":[{"@type":"WebPage","@id":"https:\/\/aisexting.app\/sv\/om-oss\/","url":"https:\/\/aisexting.app\/sv\/om-oss\/","name":"Om oss - AIsexting.app","isPartOf":{"@id":"https:\/\/aisexting.app\/#website"},"datePublished":"2023-10-21T10:41:14+00:00","dateModified":"2023-12-21T12:35:11+00:00","breadcrumb":{"@id":"https:\/\/aisexting.app\/sv\/om-oss\/#breadcrumb"},"inLanguage":"sv-SE","potentialAction":[{"@type":"ReadAction","target":["https:\/\/aisexting.app\/sv\/om-oss\/"]}]},{"@type":"BreadcrumbList","@id":"https:\/\/aisexting.app\/sv\/om-oss\/#breadcrumb","itemListElement":[{"@type":"ListItem","position":1,"name":"Home","item":"https:\/\/aisexting.app\/sv\/"},{"@type":"ListItem","position":2,"name":"Om oss"}]},{"@type":"WebSite","@id":"https:\/\/aisexting.app\/#website","url":"https:\/\/aisexting.app\/","name":"AI Sexting App","description":"AI Sexting App","potentialAction":[{"@type":"SearchAction","target":{"@type":"EntryPoint","urlTemplate":"https:\/\/aisexting.app\/?s={search_term_string}"},"query-input":{"@type":"PropertyValueSpecification","valueRequired":true,"valueName":"search_term_string"}}],"inLanguage":"sv-SE"}]}},"_links":{"self":[{"href":"https:\/\/aisexting.app\/sv\/wp-json\/wp\/v2\/pages\/68725","targetHints":{"allow":["GET"]}}],"collection":[{"href":"https:\/\/aisexting.app\/sv\/wp-json\/wp\/v2\/pages"}],"about":[{"href":"https:\/\/aisexting.app\/sv\/wp-json\/wp\/v2\/types\/page"}],"author":[{"embeddable":true,"href":"https:\/\/aisexting.app\/sv\/wp-json\/wp\/v2\/users\/1"}],"replies":[{"embeddable":true,"href":"https:\/\/aisexting.app\/sv\/wp-json\/wp\/v2\/comments?post=68725"}],"version-history":[{"count":0,"href":"https:\/\/aisexting.app\/sv\/wp-json\/wp\/v2\/pages\/68725\/revisions"}],"wp:attachment":[{"href":"https:\/\/aisexting.app\/sv\/wp-json\/wp\/v2\/media?parent=68725"}],"curies":[{"name":"wp","href":"https:\/\/api.w.org\/{rel}","templated":true}]}}