{"id":71327,"date":"2023-10-24T18:07:43","date_gmt":"2023-10-24T18:07:43","guid":{"rendered":"https:\/\/aisexting.app\/cookie-policy\/"},"modified":"2026-09-21T20:39:33","modified_gmt":"2026-09-21T20:39:33","slug":"politica-de-cookies","status":"publish","type":"page","link":"https:\/\/aisexting.app\/pt-br\/politica-de-cookies\/","title":{"rendered":"Pol\u00edtica de Cookies"},"content":{"rendered":"<p>[et_pb_section fb_built=&#8221;1&#8243; _builder_version=&#8221;4.23.1&#8243; background_color=&#8221;#f7f7f7&#8243; custom_padding=&#8221;0px||0px||false|false&#8221; global_colors_info=&#8221;{}&#8221;][et_pb_row custom_padding_last_edited=&#8221;on|phone&#8221; disabled_on=&#8221;off|off|off&#8221; _builder_version=&#8221;4.23.1&#8243; custom_margin=&#8221;|auto|0px|auto|false|false&#8221; custom_padding=&#8221;80px||0px||false|false&#8221; custom_padding_tablet=&#8221;80px||0px||false|false&#8221; custom_padding_phone=&#8221;46px||||false|false&#8221; global_colors_info=&#8221;{}&#8221;][et_pb_column type=&#8221;4_4&#8243; _builder_version=&#8221;4.16&#8243; background_position=&#8221;top_left&#8221; custom_padding=&#8221;|||&#8221; global_colors_info=&#8221;{}&#8221; custom_padding__hover=&#8221;|||&#8221;][et_pb_divider divider_weight=&#8221;2px&#8221; _builder_version=&#8221;4.23.1&#8243; _module_preset=&#8221;default&#8221; custom_margin=&#8221;||||false|false&#8221; custom_padding=&#8221;||0px||false|false&#8221; global_colors_info=&#8221;{}&#8221;][\/et_pb_divider][\/et_pb_column][\/et_pb_row][\/et_pb_section][et_pb_section fb_built=&#8221;1&#8243; _builder_version=&#8221;4.22.2&#8243; _module_preset=&#8221;default&#8221; background_color=&#8221;#f7f7f7&#8243; custom_margin=&#8221;0px||0px||false|false&#8221; custom_padding=&#8221;0px||0px||false|false&#8221; saved_tabs=&#8221;all&#8221; global_colors_info=&#8221;{}&#8221;][et_pb_row column_structure=&#8221;3_5,2_5&#8243; _builder_version=&#8221;4.22.2&#8243; _module_preset=&#8221;default&#8221; custom_padding=&#8221;0px|0px|0px|0px|false|false&#8221; global_colors_info=&#8221;{}&#8221;][et_pb_column type=&#8221;3_5&#8243; _builder_version=&#8221;4.22.2&#8243; _module_preset=&#8221;default&#8221; global_colors_info=&#8221;{}&#8221;][et_pb_wpt_schema_breadcrumbs home_item_title=&#8221;AI Sexting&#8221; font_icon=&#8221;&#x39;||divi||400&#8243; separator_size=&#8221;1em&#8221; _builder_version=&#8221;4.23.1&#8243; _module_preset=&#8221;default&#8221; breadcrumb_link_font=&#8221;Montserrat|500|||||||&#8221; breadcrumb_link_font_size=&#8221;16px&#8221; breadcrumb_last_item_font=&#8221;Montserrat|500|||||||&#8221; breadcrumb_last_item_font_size=&#8221;16px&#8221; custom_padding=&#8221;0px||0px||false|false&#8221; global_colors_info=&#8221;{}&#8221;][\/et_pb_wpt_schema_breadcrumbs][\/et_pb_column][et_pb_column type=&#8221;2_5&#8243; _builder_version=&#8221;4.22.2&#8243; _module_preset=&#8221;default&#8221; global_colors_info=&#8221;{}&#8221;][pac_divi_table_of_contents title=&#8221;Nesta p\u00e1gina&#8221; default_state=&#8221;closed&#8221; opened_icon=&#8221;&#x2f;||divi||400&#8243; closed_icon=&#8221;&#x30;||divi||400&#8243; included_headings=&#8221;on|on|on|off|off|off&#8221; level_markers_1=&#8221;decimal&#8221; level_markers_2=&#8221;decimal&#8221; level_markers_3=&#8221;icons&#8221; title_container_margin=&#8221;||||false|false&#8221; title_container_padding=&#8221;5px|23px|5px|23px|false|false&#8221; title_container_bg_color=&#8221;#FFFFFF&#8221; open_icon_color=&#8221;#595959&#8243; open_icon_size=&#8221;25px&#8221; close_icon_color=&#8221;#595959&#8243; close_icon_size=&#8221;25px&#8221; body_area_scroll_color=&#8221;#333333&#8243; body_area_padding=&#8221;15px|10px|15px|10px|false|false&#8221; body_area_text_link_color=&#8221;#666666&#8243; body_area_text_link_underline=&#8221;#d20000&#8243; body_area_text_link_color_active=&#8221;#d20000&#8243; body_area_text_link_underline_active=&#8221;#d20000&#8243; _builder_version=&#8221;4.27.4&#8243; _module_preset=&#8221;default&#8221; title_font_font=&#8221;Montserrat||||||||&#8221; title_text_align=&#8221;left&#8221; title_text_color=&#8221;#595959&#8243; title_font_size=&#8221;16px&#8221; title_line_height=&#8221;25px&#8221; heading_all_font=&#8221;Montserrat||||||||&#8221; heading_all_font_size=&#8221;16px&#8221; heading2_line_height=&#8221;1.9em&#8221; heading3_line_height=&#8221;1.7em&#8221; heading_all_active_font=&#8221;Montserrat||||||||&#8221; keyword_highlight_font=&#8221;Montserrat||||||||&#8221; marker_all_font=&#8221;Montserrat||||||||&#8221; marker_all_text_color=&#8221;#e70000&#8243; marker_all_font_size=&#8221;16px&#8221; module_alignment=&#8221;left&#8221; min_height=&#8221;19px&#8221; custom_margin=&#8221;13px||10px||false|false&#8221; custom_margin_tablet=&#8221;&#8221; custom_margin_phone=&#8221;-30px||1px||false|false&#8221; custom_margin_last_edited=&#8221;on|desktop&#8221; custom_padding=&#8221;||5px||false|false&#8221; module_alignment_tablet=&#8221;&#8221; module_alignment_phone=&#8221;center&#8221; module_alignment_last_edited=&#8221;on|phone&#8221; border_radii_title_container=&#8221;on|10px|10px|10px|10px&#8221; global_colors_info=&#8221;{}&#8221; body_area_text_link_color_active__hover_enabled=&#8221;off|desktop&#8221;][\/pac_divi_table_of_contents][\/et_pb_column][\/et_pb_row][\/et_pb_section][et_pb_section fb_built=&#8221;1&#8243; _builder_version=&#8221;4.22.2&#8243; background_color=&#8221;#f7f7f7&#8243; custom_padding=&#8221;0px||30px||false|false&#8221; global_colors_info=&#8221;{}&#8221;][et_pb_row disabled_on=&#8221;off|off|off&#8221; _builder_version=&#8221;4.22.2&#8243; custom_margin=&#8221;|auto|20px|auto|false|false&#8221; custom_padding=&#8221;0px||4px||false|false&#8221; global_colors_info=&#8221;{}&#8221;][et_pb_column type=&#8221;4_4&#8243; _builder_version=&#8221;4.16&#8243; background_position=&#8221;top_left&#8221; custom_padding=&#8221;|||&#8221; global_colors_info=&#8221;{}&#8221; custom_padding__hover=&#8221;|||&#8221;][et_pb_text admin_label=&#8221;h2&#8243; module_id=&#8221;review&#8221; _builder_version=&#8221;4.27.4&#8243; text_font=&#8221;Montserrat|||on|&#8221; text_font_size=&#8221;18&#8243; text_line_height=&#8221;2.2em&#8221; header_font=&#8221;Montserrat|700|||||||&#8221; text_orientation=&#8221;center&#8221; min_height=&#8221;25px&#8221; custom_margin=&#8221;||0px|||&#8221; custom_padding=&#8221;10px|||||&#8221; text_font_size_tablet=&#8221;14&#8243; text_font_size_phone=&#8221;&#8221; text_font_size_last_edited=&#8221;on|desktop&#8221; border_style=&#8221;solid&#8221; inline_fonts=&#8221;Cuprum,Montserrat&#8221; global_colors_info=&#8221;{}&#8221;]<\/p>\n<h1 style=\"color: #333333;\">Pol\u00edtica de Cookies do AIsexting.app<\/h1>\n<p>[\/et_pb_text][\/et_pb_column][\/et_pb_row][et_pb_row _builder_version=&#8221;4.16&#8243; custom_margin=&#8221;1px|auto|70px|auto||&#8221; custom_padding=&#8221;4px||4px|||&#8221; global_colors_info=&#8221;{}&#8221;][et_pb_column type=&#8221;4_4&#8243; _builder_version=&#8221;4.16&#8243; background_position=&#8221;top_left&#8221; custom_padding=&#8221;|||&#8221; global_colors_info=&#8221;{}&#8221; custom_padding__hover=&#8221;|||&#8221;][et_pb_text admin_label=&#8221;Seo text \u0412\u0442\u043e\u0440\u043e\u0433\u043e \u044d\u043a\u0440\u0430\u043d\u0430&#8221; _builder_version=&#8221;4.27.4&#8243; text_font=&#8221;Montserrat||||&#8221; custom_margin=&#8221;-3px|||||&#8221; custom_padding=&#8221;11px|||||&#8221; custom_padding_tablet=&#8221;&#8221; custom_padding_phone=&#8221;0px|||&#8221; custom_padding_last_edited=&#8221;on|phone&#8221; text_font_size_tablet=&#8221;14&#8243; text_font_size_phone=&#8221;&#8221; text_font_size_last_edited=&#8221;on|phone&#8221; header_font_size_phone=&#8221;20px&#8221; border_style=&#8221;solid&#8221; inline_fonts=&#8221;Cuprum,Montserrat&#8221; global_colors_info=&#8221;{}&#8221;]<\/p>\n<p>Esta \u00e9 a Pol\u00edtica de Cookies do aisexting.app, acess\u00edvel em https:\/\/aisexting.app<\/p>\n<p><strong>O que s\u00e3o Cookies<\/strong><\/p>\n<p>Como \u00e9 pr\u00e1tica comum em quase todos os sites profissionais, este site utiliza cookies, que s\u00e3o pequenos arquivos baixados para o seu computador, para melhorar sua experi\u00eancia. Esta p\u00e1gina descreve quais informa\u00e7\u00f5es eles coletam, como as usamos e por que \u00e0s vezes precisamos armazenar esses cookies. Tamb\u00e9m vamos compartilhar como voc\u00ea pode impedir que esses cookies sejam armazenados, no entanto, isso pode reduzir ou \u201cquebrar\u201d certos elementos da funcionalidade do site.<\/p>\n<p><strong>Como usamos os Cookies<\/strong><\/p>\n<p>Usamos cookies por diversos motivos detalhados abaixo. Infelizmente, na maioria dos casos n\u00e3o existem op\u00e7\u00f5es padr\u00e3o da ind\u00fastria para desativar os cookies sem desabilitar completamente as funcionalidades e recursos que eles adicionam a este site. \u00c9 recomend\u00e1vel que voc\u00ea mantenha todos os cookies ativados caso n\u00e3o tenha certeza se precisa deles ou n\u00e3o, j\u00e1 que podem ser usados para fornecer um servi\u00e7o que voc\u00ea utiliza.<\/p>\n<p><strong>Desativando Cookies<\/strong><\/p>\n<p>Voc\u00ea pode impedir a configura\u00e7\u00e3o de cookies ajustando as configura\u00e7\u00f5es do seu navegador (consulte a Ajuda do navegador para saber como fazer isso). Esteja ciente de que a desativa\u00e7\u00e3o de cookies afetar\u00e1 a funcionalidade deste e de muitos outros sites que voc\u00ea visita. Desativar cookies geralmente resultar\u00e1 tamb\u00e9m na desativa\u00e7\u00e3o de certas funcionalidades e recursos deste site. Portanto, \u00e9 recomend\u00e1vel que voc\u00ea n\u00e3o desative os cookies. Esta Pol\u00edtica de Cookies foi criada com a ajuda do Gerador de Pol\u00edticas de Cookies.<\/p>\n<p><strong>Os Cookies que Definimos<\/strong><\/p>\n<ul>\n<li>\n<p>Cookies de prefer\u00eancias do site<\/p>\n<p>Para oferecer a voc\u00ea uma \u00f3tima experi\u00eancia neste site, fornecemos a funcionalidade de definir suas prefer\u00eancias de uso. Para lembrar suas prefer\u00eancias, precisamos definir cookies para que essas informa\u00e7\u00f5es possam ser recuperadas sempre que voc\u00ea interagir com uma p\u00e1gina afetada por suas escolhas.<\/p>\n<\/li>\n<\/ul>\n<p><strong>Cookies de Terceiros<\/strong><\/p>\n<p>Em alguns casos especiais, tamb\u00e9m usamos cookies fornecidos por terceiros confi\u00e1veis. A se\u00e7\u00e3o a seguir detalha quais cookies de terceiros voc\u00ea pode encontrar neste site.<\/p>\n<ul>\n<li>\n<p>Este site usa o Google Analytics, que \u00e9 uma das solu\u00e7\u00f5es de an\u00e1lise mais difundidas e confi\u00e1veis da web, para nos ajudar a entender como voc\u00ea utiliza o site e maneiras de melhorar sua experi\u00eancia. Esses cookies podem rastrear coisas como o tempo que voc\u00ea passa no site e as p\u00e1ginas que visita, para que possamos continuar produzindo conte\u00fado relevante.<\/p>\n<p>Para mais informa\u00e7\u00f5es sobre cookies do Google Analytics, consulte a p\u00e1gina oficial do Google Analytics.<\/p>\n<\/li>\n<li>\n<p>An\u00e1lises de terceiros s\u00e3o usadas para acompanhar e medir o uso deste site, para que possamos continuar produzindo conte\u00fado relevante. Esses cookies podem rastrear informa\u00e7\u00f5es como o tempo gasto no site ou as p\u00e1ginas visitadas, ajudando-nos a entender como melhorar o site para voc\u00ea.<\/p>\n<\/li>\n<li>\n<p>De tempos em tempos, testamos novos recursos e fazemos pequenas altera\u00e7\u00f5es na forma como o site \u00e9 oferecido. Quando ainda estamos testando novos recursos, esses cookies podem ser usados para garantir que voc\u00ea tenha uma experi\u00eancia consistente, al\u00e9m de nos ajudar a entender quais otimiza\u00e7\u00f5es nossos usu\u00e1rios mais apreciam.<\/p>\n<\/li>\n<li>\n<p>Como vendemos produtos, \u00e9 importante entender estat\u00edsticas sobre quantos visitantes realmente realizam compras. Esse tipo de dado \u00e9 rastreado por esses cookies. Isso \u00e9 importante para voc\u00ea porque nos permite prever de forma precisa nossos custos de publicidade e produtos, garantindo o melhor pre\u00e7o poss\u00edvel.<\/p>\n<\/li>\n<li>\n<p>Tamb\u00e9m usamos bot\u00f5es e\/ou plugins de redes sociais neste site que permitem conectar-se com sua rede de v\u00e1rias formas. Para que funcionem, as seguintes redes sociais (inclua aqui as redes sociais integradas ao site) definir\u00e3o cookies por meio do nosso site, que podem ser usados para melhorar seu perfil na plataforma ou contribuir com dados que eles mant\u00eam para finalidades descritas em suas respectivas pol\u00edticas de privacidade.<\/p>\n<\/li>\n<\/ul>\n<p><strong>Mais Informa\u00e7\u00f5es<\/strong><\/p>\n<p>Esperamos que isso tenha esclarecido as coisas para voc\u00ea e, como mencionado anteriormente, se houver algo sobre o qual voc\u00ea n\u00e3o tem certeza, geralmente \u00e9 mais seguro deixar os cookies ativados caso eles interajam com um dos recursos que voc\u00ea usa em nosso site.<\/p>\n<p>No entanto, se voc\u00ea ainda estiver procurando mais informa\u00e7\u00f5es, pode entrar em contato conosco atrav\u00e9s de um dos nossos m\u00e9todos preferidos:<\/p>\n<ul>\n<li>Email: admin@aisexting.app<\/li>\n<\/ul>\n<p><em>Esta Pol\u00edtica de Privacidade foi atualizada pela \u00faltima vez em 16 de dezembro de 2023.<\/em><\/p>\n<p>[\/et_pb_text][\/et_pb_column][\/et_pb_row][\/et_pb_section]<\/p>\n","protected":false},"excerpt":{"rendered":"<p><div class=\"et_pb_module pac_divi_table_of_contents pac_divi_table_of_contents_0\">\n\t\t\t\t\n\t\t\t\t\n\t\t\t\t\n\t\t\t\t\n\t\t\t\t\n\t\t\t\t\n\t\t\t\t<div class=\"et_pb_module_inner\">\n\t\t\t\t\t\r\n        <div class=\"pac_dtoc_main_container\"\r\n        data-allow_collapse_minimize=\"on\"\r\n        data-ss=\"2000\"\r\n        data-sah=\"100\"\r\n        data-collapse_when_sticky=\"off\"\r\n        data-collapse_when_sticky_tablet=\"off\"\r\n        data-collapse_when_sticky_phone=\"off\"\r\n        data-skh=\"off\"\r\n        data-mtocai=\"off\"\r\n        data-mtocai_tablet=\"off\"\r\n        data-mtocai_phone=\"off\"\r\n        data-alh=\"off\">\r\n            <div class=\"pac_dtoc_title_area click_on click_tablet_on click_phone_on\">\r\n                <div class=\"pac_dtoc_title\">Nesta p\u00e1gina<\/div>\r\n                \r\n            <div class=\"pac_dtoc_icon_responsive\">\r\n                <div class=\"pac_dtoc_opened_icon\">\/<\/div>\r\n                <div class=\"pac_dtoc_closed_icon\">0<\/div>\r\n            <\/div>\r\n            \r\n            <\/div>\r\n            <div class=\"pac_dtoc_body_area inside\">\r\n                \r\n                <div class='divi_table_of_contents'><\/div>\r\n            <\/div>\r\n        <\/div>\r\n        \n\t\t\t\t<\/div>\n\t\t\t<\/div>Pol\u00edtica de Cookies do [&hellip;]<\/p>\n","protected":false},"author":1,"featured_media":0,"parent":0,"menu_order":0,"comment_status":"closed","ping_status":"closed","template":"","meta":{"_et_pb_use_builder":"on","_et_pb_old_content":"","_et_gb_content_width":"","footnotes":""},"class_list":["post-71327","page","type-page","status-publish","hentry"],"yoast_head":"<!-- This site is optimized with the Yoast SEO Premium plugin v21.3 (Yoast SEO v26.7) - https:\/\/yoast.com\/wordpress\/plugins\/seo\/ -->\n<title>Pol\u00edtica de Cookies - AI Sexting App<\/title>\n<meta name=\"robots\" content=\"noindex, nofollow\" \/>\n<meta property=\"og:locale\" content=\"pt_BR\" \/>\n<meta property=\"og:type\" content=\"article\" \/>\n<meta property=\"og:title\" content=\"Pol\u00edtica de Cookies\" \/>\n<meta property=\"og:description\" content=\"Pol\u00edtica de Cookies do [&hellip;]\" \/>\n<meta property=\"og:url\" content=\"https:\/\/aisexting.app\/pt-br\/politica-de-cookies\/\" \/>\n<meta property=\"og:site_name\" content=\"AI Sexting App\" \/>\n<meta property=\"article:modified_time\" content=\"2026-09-21T20:39:33+00:00\" \/>\n<meta name=\"twitter:card\" content=\"summary_large_image\" \/>\n<meta name=\"twitter:label1\" content=\"Est. tempo de leitura\" \/>\n\t<meta name=\"twitter:data1\" content=\"4 minutos\" \/>\n<script type=\"application\/ld+json\" class=\"yoast-schema-graph\">{\"@context\":\"https:\/\/schema.org\",\"@graph\":[{\"@type\":\"WebPage\",\"@id\":\"https:\/\/aisexting.app\/pt-br\/politica-de-cookies\/\",\"url\":\"https:\/\/aisexting.app\/pt-br\/politica-de-cookies\/\",\"name\":\"Pol\u00edtica de Cookies - AI Sexting App\",\"isPartOf\":{\"@id\":\"https:\/\/aisexting.app\/#website\"},\"datePublished\":\"2023-10-24T18:07:43+00:00\",\"dateModified\":\"2026-09-21T20:39:33+00:00\",\"breadcrumb\":{\"@id\":\"https:\/\/aisexting.app\/pt-br\/politica-de-cookies\/#breadcrumb\"},\"inLanguage\":\"pt-BR\",\"potentialAction\":[{\"@type\":\"ReadAction\",\"target\":[\"https:\/\/aisexting.app\/pt-br\/politica-de-cookies\/\"]}]},{\"@type\":\"BreadcrumbList\",\"@id\":\"https:\/\/aisexting.app\/pt-br\/politica-de-cookies\/#breadcrumb\",\"itemListElement\":[{\"@type\":\"ListItem\",\"position\":1,\"name\":\"Home\",\"item\":\"https:\/\/aisexting.app\/pt-br\/\"},{\"@type\":\"ListItem\",\"position\":2,\"name\":\"Pol\u00edtica de Cookies\"}]},{\"@type\":\"WebSite\",\"@id\":\"https:\/\/aisexting.app\/#website\",\"url\":\"https:\/\/aisexting.app\/\",\"name\":\"AI Sexting App\",\"description\":\"AI Sexting App\",\"potentialAction\":[{\"@type\":\"SearchAction\",\"target\":{\"@type\":\"EntryPoint\",\"urlTemplate\":\"https:\/\/aisexting.app\/?s={search_term_string}\"},\"query-input\":{\"@type\":\"PropertyValueSpecification\",\"valueRequired\":true,\"valueName\":\"search_term_string\"}}],\"inLanguage\":\"pt-BR\"}]}<\/script>\n<!-- \/ Yoast SEO Premium plugin. -->","yoast_head_json":{"title":"Pol\u00edtica de Cookies - AI Sexting App","robots":{"index":"noindex","follow":"nofollow"},"og_locale":"pt_BR","og_type":"article","og_title":"Pol\u00edtica de Cookies","og_description":"Pol\u00edtica de Cookies do [&hellip;]","og_url":"https:\/\/aisexting.app\/pt-br\/politica-de-cookies\/","og_site_name":"AI Sexting App","article_modified_time":"2026-09-21T20:39:33+00:00","twitter_card":"summary_large_image","twitter_misc":{"Est. tempo de leitura":"4 minutos"},"schema":{"@context":"https:\/\/schema.org","@graph":[{"@type":"WebPage","@id":"https:\/\/aisexting.app\/pt-br\/politica-de-cookies\/","url":"https:\/\/aisexting.app\/pt-br\/politica-de-cookies\/","name":"Pol\u00edtica de Cookies - AI Sexting App","isPartOf":{"@id":"https:\/\/aisexting.app\/#website"},"datePublished":"2023-10-24T18:07:43+00:00","dateModified":"2026-09-21T20:39:33+00:00","breadcrumb":{"@id":"https:\/\/aisexting.app\/pt-br\/politica-de-cookies\/#breadcrumb"},"inLanguage":"pt-BR","potentialAction":[{"@type":"ReadAction","target":["https:\/\/aisexting.app\/pt-br\/politica-de-cookies\/"]}]},{"@type":"BreadcrumbList","@id":"https:\/\/aisexting.app\/pt-br\/politica-de-cookies\/#breadcrumb","itemListElement":[{"@type":"ListItem","position":1,"name":"Home","item":"https:\/\/aisexting.app\/pt-br\/"},{"@type":"ListItem","position":2,"name":"Pol\u00edtica de Cookies"}]},{"@type":"WebSite","@id":"https:\/\/aisexting.app\/#website","url":"https:\/\/aisexting.app\/","name":"AI Sexting App","description":"AI Sexting App","potentialAction":[{"@type":"SearchAction","target":{"@type":"EntryPoint","urlTemplate":"https:\/\/aisexting.app\/?s={search_term_string}"},"query-input":{"@type":"PropertyValueSpecification","valueRequired":true,"valueName":"search_term_string"}}],"inLanguage":"pt-BR"}]}},"_links":{"self":[{"href":"https:\/\/aisexting.app\/pt-br\/wp-json\/wp\/v2\/pages\/71327","targetHints":{"allow":["GET"]}}],"collection":[{"href":"https:\/\/aisexting.app\/pt-br\/wp-json\/wp\/v2\/pages"}],"about":[{"href":"https:\/\/aisexting.app\/pt-br\/wp-json\/wp\/v2\/types\/page"}],"author":[{"embeddable":true,"href":"https:\/\/aisexting.app\/pt-br\/wp-json\/wp\/v2\/users\/1"}],"replies":[{"embeddable":true,"href":"https:\/\/aisexting.app\/pt-br\/wp-json\/wp\/v2\/comments?post=71327"}],"version-history":[{"count":0,"href":"https:\/\/aisexting.app\/pt-br\/wp-json\/wp\/v2\/pages\/71327\/revisions"}],"wp:attachment":[{"href":"https:\/\/aisexting.app\/pt-br\/wp-json\/wp\/v2\/media?parent=71327"}],"curies":[{"name":"wp","href":"https:\/\/api.w.org\/{rel}","templated":true}]}}