{"id":71324,"date":"2023-06-29T17:51:35","date_gmt":"2023-06-29T17:51:35","guid":{"rendered":"https:\/\/aisexting.app\/privacy-policy\/"},"modified":"2026-09-21T20:43:16","modified_gmt":"2026-09-21T20:43:16","slug":"politica-de-privacidade","status":"publish","type":"page","link":"https:\/\/aisexting.app\/pt-br\/politica-de-privacidade\/","title":{"rendered":"Pol\u00edtica de Privacidade"},"content":{"rendered":"<p>[et_pb_section fb_built=&#8221;1&#8243; _builder_version=&#8221;4.23.1&#8243; background_color=&#8221;#f7f7f7&#8243; custom_padding=&#8221;0px||0px||false|false&#8221; global_colors_info=&#8221;{}&#8221;][et_pb_row custom_padding_last_edited=&#8221;on|phone&#8221; disabled_on=&#8221;off|off|off&#8221; _builder_version=&#8221;4.23.1&#8243; custom_margin=&#8221;|auto|0px|auto|false|false&#8221; custom_padding=&#8221;80px||0px||false|false&#8221; custom_padding_tablet=&#8221;80px||0px||false|false&#8221; custom_padding_phone=&#8221;46px||||false|false&#8221; global_colors_info=&#8221;{}&#8221;][et_pb_column type=&#8221;4_4&#8243; _builder_version=&#8221;4.16&#8243; background_position=&#8221;top_left&#8221; custom_padding=&#8221;|||&#8221; global_colors_info=&#8221;{}&#8221; custom_padding__hover=&#8221;|||&#8221;][et_pb_divider divider_weight=&#8221;2px&#8221; _builder_version=&#8221;4.23.1&#8243; _module_preset=&#8221;default&#8221; custom_margin=&#8221;||||false|false&#8221; custom_padding=&#8221;||0px||false|false&#8221; global_colors_info=&#8221;{}&#8221;][\/et_pb_divider][\/et_pb_column][\/et_pb_row][\/et_pb_section][et_pb_section fb_built=&#8221;1&#8243; _builder_version=&#8221;4.22.2&#8243; _module_preset=&#8221;default&#8221; background_color=&#8221;#f7f7f7&#8243; custom_margin=&#8221;0px||0px||false|false&#8221; custom_padding=&#8221;0px||0px||false|false&#8221; saved_tabs=&#8221;all&#8221; global_colors_info=&#8221;{}&#8221;][et_pb_row column_structure=&#8221;3_5,2_5&#8243; _builder_version=&#8221;4.22.2&#8243; _module_preset=&#8221;default&#8221; custom_padding=&#8221;0px|0px|0px|0px|false|false&#8221; global_colors_info=&#8221;{}&#8221;][et_pb_column type=&#8221;3_5&#8243; _builder_version=&#8221;4.22.2&#8243; _module_preset=&#8221;default&#8221; global_colors_info=&#8221;{}&#8221;][et_pb_wpt_schema_breadcrumbs home_item_title=&#8221;AI Sexting&#8221; font_icon=&#8221;&#x39;||divi||400&#8243; separator_size=&#8221;1em&#8221; _builder_version=&#8221;4.23.1&#8243; _module_preset=&#8221;default&#8221; breadcrumb_link_font=&#8221;Montserrat|500|||||||&#8221; breadcrumb_link_font_size=&#8221;16px&#8221; breadcrumb_last_item_font=&#8221;Montserrat|500|||||||&#8221; breadcrumb_last_item_font_size=&#8221;16px&#8221; custom_padding=&#8221;0px||0px||false|false&#8221; global_colors_info=&#8221;{}&#8221;][\/et_pb_wpt_schema_breadcrumbs][\/et_pb_column][et_pb_column type=&#8221;2_5&#8243; _builder_version=&#8221;4.22.2&#8243; _module_preset=&#8221;default&#8221; global_colors_info=&#8221;{}&#8221;][pac_divi_table_of_contents title=&#8221;Nesta p\u00e1gina&#8221; default_state=&#8221;closed&#8221; opened_icon=&#8221;&#x2f;||divi||400&#8243; closed_icon=&#8221;&#x30;||divi||400&#8243; included_headings=&#8221;on|on|on|off|off|off&#8221; level_markers_1=&#8221;decimal&#8221; level_markers_2=&#8221;decimal&#8221; level_markers_3=&#8221;icons&#8221; title_container_margin=&#8221;||||false|false&#8221; title_container_padding=&#8221;5px|23px|5px|23px|false|false&#8221; title_container_bg_color=&#8221;#FFFFFF&#8221; open_icon_color=&#8221;#595959&#8243; open_icon_size=&#8221;25px&#8221; close_icon_color=&#8221;#595959&#8243; close_icon_size=&#8221;25px&#8221; body_area_scroll_color=&#8221;#333333&#8243; body_area_padding=&#8221;15px|10px|15px|10px|false|false&#8221; body_area_text_link_color=&#8221;#666666&#8243; body_area_text_link_underline=&#8221;#d20000&#8243; body_area_text_link_color_active=&#8221;#d20000&#8243; body_area_text_link_underline_active=&#8221;#d20000&#8243; _builder_version=&#8221;4.27.4&#8243; _module_preset=&#8221;default&#8221; title_font_font=&#8221;Montserrat||||||||&#8221; title_text_align=&#8221;left&#8221; title_text_color=&#8221;#595959&#8243; title_font_size=&#8221;16px&#8221; title_line_height=&#8221;25px&#8221; heading_all_font=&#8221;Montserrat||||||||&#8221; heading_all_font_size=&#8221;16px&#8221; heading2_line_height=&#8221;1.9em&#8221; heading3_line_height=&#8221;1.7em&#8221; heading_all_active_font=&#8221;Montserrat||||||||&#8221; keyword_highlight_font=&#8221;Montserrat||||||||&#8221; marker_all_font=&#8221;Montserrat||||||||&#8221; marker_all_text_color=&#8221;#e70000&#8243; marker_all_font_size=&#8221;16px&#8221; module_alignment=&#8221;left&#8221; min_height=&#8221;19px&#8221; custom_margin=&#8221;13px||10px||false|false&#8221; custom_margin_tablet=&#8221;&#8221; custom_margin_phone=&#8221;-30px||1px||false|false&#8221; custom_margin_last_edited=&#8221;on|desktop&#8221; custom_padding=&#8221;||5px||false|false&#8221; module_alignment_tablet=&#8221;&#8221; module_alignment_phone=&#8221;center&#8221; module_alignment_last_edited=&#8221;on|phone&#8221; border_radii_title_container=&#8221;on|10px|10px|10px|10px&#8221; global_colors_info=&#8221;{}&#8221; body_area_text_link_color_active__hover_enabled=&#8221;off|desktop&#8221;][\/pac_divi_table_of_contents][\/et_pb_column][\/et_pb_row][\/et_pb_section][et_pb_section fb_built=&#8221;1&#8243; _builder_version=&#8221;4.22.2&#8243; background_color=&#8221;#f7f7f7&#8243; custom_padding=&#8221;0px||30px||false|false&#8221; global_colors_info=&#8221;{}&#8221;][et_pb_row disabled_on=&#8221;off|off|off&#8221; _builder_version=&#8221;4.22.2&#8243; custom_margin=&#8221;|auto|20px|auto|false|false&#8221; custom_padding=&#8221;0px||4px||false|false&#8221; global_colors_info=&#8221;{}&#8221;][et_pb_column type=&#8221;4_4&#8243; _builder_version=&#8221;4.16&#8243; background_position=&#8221;top_left&#8221; custom_padding=&#8221;|||&#8221; global_colors_info=&#8221;{}&#8221; custom_padding__hover=&#8221;|||&#8221;][et_pb_text admin_label=&#8221;h2&#8243; module_id=&#8221;review&#8221; _builder_version=&#8221;4.27.4&#8243; text_font=&#8221;Montserrat|||on|&#8221; text_font_size=&#8221;18&#8243; text_line_height=&#8221;2.2em&#8221; header_font=&#8221;Montserrat|700|||||||&#8221; text_orientation=&#8221;center&#8221; min_height=&#8221;25px&#8221; custom_margin=&#8221;||0px|||&#8221; custom_padding=&#8221;10px|||||&#8221; text_font_size_tablet=&#8221;14&#8243; text_font_size_phone=&#8221;&#8221; text_font_size_last_edited=&#8221;on|desktop&#8221; border_style=&#8221;solid&#8221; inline_fonts=&#8221;Cuprum,Montserrat&#8221; global_colors_info=&#8221;{}&#8221;]<\/p>\n<h1 style=\"color: #333333;\">Pol\u00edtica de Privacidade do AIsexting.app<\/h1>\n<p>[\/et_pb_text][\/et_pb_column][\/et_pb_row][et_pb_row _builder_version=&#8221;4.16&#8243; custom_margin=&#8221;1px|auto|70px|auto||&#8221; custom_padding=&#8221;4px||4px|||&#8221; global_colors_info=&#8221;{}&#8221;][et_pb_column type=&#8221;4_4&#8243; _builder_version=&#8221;4.16&#8243; background_position=&#8221;top_left&#8221; custom_padding=&#8221;|||&#8221; global_colors_info=&#8221;{}&#8221; custom_padding__hover=&#8221;|||&#8221;][et_pb_text admin_label=&#8221;Seo text \u0412\u0442\u043e\u0440\u043e\u0433\u043e \u044d\u043a\u0440\u0430\u043d\u0430&#8221; _builder_version=&#8221;4.27.4&#8243; text_font=&#8221;Montserrat||||&#8221; custom_margin=&#8221;-3px|||||&#8221; custom_padding=&#8221;11px|||||&#8221; custom_padding_tablet=&#8221;&#8221; custom_padding_phone=&#8221;0px|||&#8221; custom_padding_last_edited=&#8221;on|phone&#8221; text_font_size_tablet=&#8221;14&#8243; text_font_size_phone=&#8221;&#8221; text_font_size_last_edited=&#8221;on|phone&#8221; header_font_size_phone=&#8221;20px&#8221; border_style=&#8221;solid&#8221; inline_fonts=&#8221;Cuprum,Montserrat&#8221; global_colors_info=&#8221;{}&#8221;]<\/p>\n<p>No aisexting.app, acess\u00edvel em https:\/\/aisexting.app, uma de nossas principais prioridades \u00e9 a privacidade dos visitantes. Este documento de Pol\u00edtica de Privacidade cont\u00e9m os tipos de informa\u00e7\u00f5es que s\u00e3o coletadas e registradas pelo aisexting.app e como as utilizamos.<br \/>Se voc\u00ea tiver perguntas adicionais ou precisar de mais informa\u00e7\u00f5es sobre nossa Pol\u00edtica de Privacidade, n\u00e3o hesite em nos contatar.<br \/>Esta Pol\u00edtica de Privacidade aplica-se apenas \u00e0s nossas atividades online e \u00e9 v\u00e1lida para os visitantes do nosso site em rela\u00e7\u00e3o \u00e0s informa\u00e7\u00f5es que compartilharam e\/ou coletaram no aisexting.app. Esta pol\u00edtica n\u00e3o se aplica a informa\u00e7\u00f5es coletadas offline ou por outros canais que n\u00e3o este site.<\/p>\n<h2>Consentimento<\/h2>\n<p>Ao usar nosso site, voc\u00ea concorda com nossa Pol\u00edtica de Privacidade e com seus termos.<\/p>\n<h3>Informa\u00e7\u00f5es que coletamos<\/h3>\n<p>As informa\u00e7\u00f5es pessoais que pedimos para fornecer, e as raz\u00f5es pelas quais pedimos, ficar\u00e3o claras no momento em que solicitarmos.<br \/>Se voc\u00ea entrar em contato diretamente, podemos receber informa\u00e7\u00f5es adicionais como seu nome, endere\u00e7o de e-mail, n\u00famero de telefone, conte\u00fado da mensagem e\/ou anexos que enviar, e qualquer outra informa\u00e7\u00e3o que decidir fornecer.<br \/>Ao se registrar em uma Conta, podemos solicitar informa\u00e7\u00f5es de contato, incluindo nome, nome da empresa, endere\u00e7o, e-mail e telefone.<\/p>\n<h3>Como usamos suas informa\u00e7\u00f5es<\/h3>\n<p>Utilizamos as informa\u00e7\u00f5es coletadas de v\u00e1rias formas, incluindo:<br \/>\u2022 Fornecer, operar e manter nosso site<br \/>\u2022 Melhorar, personalizar e expandir nosso site<br \/>\u2022 Entender e analisar como voc\u00ea usa nosso site<br \/>\u2022 Desenvolver novos produtos, servi\u00e7os, recursos e funcionalidades<br \/>\u2022 Comunicar-se com voc\u00ea, diretamente ou por meio de parceiros, incluindo para atendimento ao cliente, atualiza\u00e7\u00f5es, informa\u00e7\u00f5es relacionadas ao site, marketing e promo\u00e7\u00f5es<br \/>\u2022 Enviar e-mails<br \/>\u2022 Detectar e prevenir fraudes<\/p>\n<h3>Arquivos de Log<\/h3>\n<p>O aisexting.app segue o procedimento padr\u00e3o de uso de arquivos de log. Esses arquivos registram visitantes quando acessam sites. Todas as empresas de hospedagem fazem isso como parte da an\u00e1lise de servi\u00e7os de hospedagem. As informa\u00e7\u00f5es coletadas incluem endere\u00e7os de IP, tipo de navegador, Provedor de Servi\u00e7os de Internet (ISP), data e hora, p\u00e1ginas de entrada\/sa\u00edda e, possivelmente, o n\u00famero de cliques. Esses dados n\u00e3o est\u00e3o vinculados a informa\u00e7\u00f5es pessoalmente identific\u00e1veis. A finalidade \u00e9 analisar tend\u00eancias, administrar o site, rastrear o movimento dos usu\u00e1rios e coletar informa\u00e7\u00f5es demogr\u00e1ficas.<\/p>\n<h3>Cookies e Web Beacons<\/h3>\n<p>Como qualquer outro site, o aisexting.app usa &#8220;cookies&#8221;. Esses cookies armazenam informa\u00e7\u00f5es incluindo prefer\u00eancias dos visitantes e p\u00e1ginas visitadas. As informa\u00e7\u00f5es s\u00e3o usadas para otimizar a experi\u00eancia dos usu\u00e1rios, personalizando o conte\u00fado de acordo com o navegador e\/ou outras informa\u00e7\u00f5es.<\/p>\n<h3>Nossos Parceiros de Publicidade<\/h3>\n<p>Alguns anunciantes em nosso site podem usar cookies e web beacons. Nossos parceiros de publicidade est\u00e3o listados abaixo. Cada um tem sua pr\u00f3pria Pol\u00edtica de Privacidade para seus dados de usu\u00e1rios. Para facilitar, linkamos abaixo:<br \/>\u2022 Google\u2028<a href=\"https:\/\/policies.google.com\/technologies\/ads\" target=\"_blank\" rel=\"noopener\">https:\/\/policies.google.com\/technologies\/ads<\/a><\/p>\n<h3>Pol\u00edticas de Privacidade de Parceiros de Publicidade<\/h3>\n<p>Voc\u00ea pode consultar esta lista para encontrar a Pol\u00edtica de Privacidade de cada parceiro de publicidade do aisexting.app.<br \/>Servidores de an\u00fancios ou redes de terceiros usam tecnologias como cookies, JavaScript ou Web Beacons em seus an\u00fancios e links exibidos no aisexting.app, enviados diretamente ao navegador dos usu\u00e1rios. Eles recebem automaticamente seu endere\u00e7o IP. Essas tecnologias s\u00e3o usadas para medir a efic\u00e1cia das campanhas publicit\u00e1rias e\/ou personalizar o conte\u00fado que voc\u00ea v\u00ea em sites que visita.<br \/>Observe que o aisexting.app n\u00e3o tem acesso nem controle sobre esses cookies usados por terceiros.<\/p>\n<h3>Pol\u00edticas de Privacidade de Terceiros<\/h3>\n<p>A Pol\u00edtica de Privacidade do aisexting.app n\u00e3o se aplica a outros anunciantes ou sites. Assim, recomendamos que consulte as Pol\u00edticas de Privacidade desses terceiros para mais detalhes. Isso pode incluir suas pr\u00e1ticas e instru\u00e7\u00f5es de como cancelar determinadas op\u00e7\u00f5es.<br \/>Voc\u00ea pode desativar cookies nas op\u00e7\u00f5es do seu navegador. Para saber mais sobre gerenciamento de cookies em navegadores espec\u00edficos, consulte o site oficial do navegador.<\/p>\n<h3>Direitos de Privacidade CCPA (N\u00e3o Vender Minhas Informa\u00e7\u00f5es Pessoais)<\/h3>\n<p>De acordo com o CCPA, os consumidores da Calif\u00f3rnia t\u00eam direito a:<br \/>\u2022 Solicitar que uma empresa que coleta dados pessoais divulgue as categorias e pe\u00e7as espec\u00edficas de dados pessoais coletados.<br \/>\u2022 Solicitar que uma empresa apague quaisquer dados pessoais coletados.<br \/>\u2022 Solicitar que uma empresa que venda dados pessoais n\u00e3o venda as informa\u00e7\u00f5es do consumidor.<br \/>Se voc\u00ea fizer uma solicita\u00e7\u00e3o, temos um m\u00eas para responder. Para exercer esses direitos, entre em contato conosco.<\/p>\n<h3>Direitos de Prote\u00e7\u00e3o de Dados GDPR<\/h3>\n<p>Queremos garantir que voc\u00ea esteja totalmente ciente de seus direitos de prote\u00e7\u00e3o de dados. Cada usu\u00e1rio tem direito a:<br \/>\u2022 Direito de acesso \u2013 Solicitar c\u00f3pias dos seus dados pessoais. Podemos cobrar uma pequena taxa.<br \/>\u2022 Direito de retifica\u00e7\u00e3o \u2013 Solicitar a corre\u00e7\u00e3o de informa\u00e7\u00f5es incorretas ou incompletas.<br \/>\u2022 Direito de exclus\u00e3o \u2013 Solicitar que apaguemos seus dados pessoais em determinadas condi\u00e7\u00f5es.<br \/>\u2022 Direito de restringir processamento \u2013 Solicitar restri\u00e7\u00e3o do processamento em determinadas condi\u00e7\u00f5es.<br \/>\u2022 Direito de obje\u00e7\u00e3o \u2013 Opor-se ao processamento em determinadas condi\u00e7\u00f5es.<br \/>\u2022 Direito \u00e0 portabilidade \u2013 Solicitar a transfer\u00eancia dos dados coletados a outra organiza\u00e7\u00e3o ou diretamente a voc\u00ea, em determinadas condi\u00e7\u00f5es.<br \/>Se voc\u00ea fizer uma solicita\u00e7\u00e3o, temos um m\u00eas para responder. Para exercer esses direitos, entre em contato conosco.<\/p>\n<h3>Informa\u00e7\u00f5es das Crian\u00e7as<\/h3>\n<p>Outra parte da nossa prioridade \u00e9 adicionar prote\u00e7\u00e3o para crian\u00e7as ao usar a internet. Incentivamos pais e respons\u00e1veis a monitorar e orientar as atividades online.<br \/>O aisexting.app n\u00e3o coleta intencionalmente informa\u00e7\u00f5es pessoais identific\u00e1veis de crian\u00e7as menores de 13 anos. Se voc\u00ea acredita que seu filho forneceu esse tipo de informa\u00e7\u00e3o, entre em contato imediatamente e faremos o poss\u00edvel para remover essas informa\u00e7\u00f5es de nossos registros.<\/p>\n<h3>Altera\u00e7\u00f5es nesta Pol\u00edtica de Privacidade<\/h3>\n<p>Podemos atualizar nossa Pol\u00edtica de Privacidade de tempos em tempos. Recomendamos revisar esta p\u00e1gina periodicamente para verificar altera\u00e7\u00f5es. Notificaremos quaisquer mudan\u00e7as publicando a nova Pol\u00edtica de Privacidade nesta p\u00e1gina. As altera\u00e7\u00f5es entram em vigor imediatamente ap\u00f3s a publica\u00e7\u00e3o.<br \/>Nossa Pol\u00edtica de Privacidade foi criada com a ajuda do Privacy Policy Generator.<\/p>\n<h3>Contato<\/h3>\n<p>Se voc\u00ea tiver d\u00favidas ou sugest\u00f5es sobre nossa Pol\u00edtica de Privacidade, entre em contato pelo e-mail: admin@aisexting.app<\/p>\n<p><em>Esta Pol\u00edtica de Privacidade foi atualizada pela \u00faltima vez em 16 de dezembro de 2023.<\/em><\/p>\n<p>[\/et_pb_text][\/et_pb_column][\/et_pb_row][\/et_pb_section]<\/p>\n","protected":false},"excerpt":{"rendered":"<p><div class=\"et_pb_module pac_divi_table_of_contents pac_divi_table_of_contents_0\">\n\t\t\t\t\n\t\t\t\t\n\t\t\t\t\n\t\t\t\t\n\t\t\t\t\n\t\t\t\t\n\t\t\t\t<div class=\"et_pb_module_inner\">\n\t\t\t\t\t\r\n        <div class=\"pac_dtoc_main_container\"\r\n        data-allow_collapse_minimize=\"on\"\r\n        data-ss=\"2000\"\r\n        data-sah=\"100\"\r\n        data-collapse_when_sticky=\"off\"\r\n        data-collapse_when_sticky_tablet=\"off\"\r\n        data-collapse_when_sticky_phone=\"off\"\r\n        data-skh=\"off\"\r\n        data-mtocai=\"off\"\r\n        data-mtocai_tablet=\"off\"\r\n        data-mtocai_phone=\"off\"\r\n        data-alh=\"off\">\r\n            <div class=\"pac_dtoc_title_area click_on click_tablet_on click_phone_on\">\r\n                <div class=\"pac_dtoc_title\">Nesta p\u00e1gina<\/div>\r\n                \r\n            <div class=\"pac_dtoc_icon_responsive\">\r\n                <div class=\"pac_dtoc_opened_icon\">\/<\/div>\r\n                <div class=\"pac_dtoc_closed_icon\">0<\/div>\r\n            <\/div>\r\n            \r\n            <\/div>\r\n            <div class=\"pac_dtoc_body_area inside\">\r\n                \r\n                <div class='divi_table_of_contents'><\/div>\r\n            <\/div>\r\n        <\/div>\r\n        \n\t\t\t\t<\/div>\n\t\t\t<\/div>Pol\u00edtica de Privacidade do [&hellip;]<\/p>\n","protected":false},"author":1,"featured_media":0,"parent":0,"menu_order":0,"comment_status":"closed","ping_status":"open","template":"","meta":{"_et_pb_use_builder":"on","_et_pb_old_content":"","_et_gb_content_width":"","footnotes":""},"class_list":["post-71324","page","type-page","status-publish","hentry"],"yoast_head":"<!-- This site is optimized with the Yoast SEO Premium plugin v21.3 (Yoast SEO v26.7) - https:\/\/yoast.com\/wordpress\/plugins\/seo\/ -->\n<title>Pol\u00edtica de Privacidade - AI Sexting App<\/title>\n<meta name=\"robots\" content=\"noindex, nofollow\" \/>\n<meta property=\"og:locale\" content=\"pt_BR\" \/>\n<meta property=\"og:type\" content=\"article\" \/>\n<meta property=\"og:title\" content=\"Pol\u00edtica de Privacidade\" \/>\n<meta property=\"og:description\" content=\"Pol\u00edtica de Privacidade do [&hellip;]\" \/>\n<meta property=\"og:url\" content=\"https:\/\/aisexting.app\/pt-br\/politica-de-privacidade\/\" \/>\n<meta property=\"og:site_name\" content=\"AI Sexting App\" \/>\n<meta property=\"article:modified_time\" content=\"2026-09-21T20:43:16+00:00\" \/>\n<meta name=\"twitter:card\" content=\"summary_large_image\" \/>\n<meta name=\"twitter:label1\" content=\"Est. tempo de leitura\" \/>\n\t<meta name=\"twitter:data1\" content=\"5 minutos\" \/>\n<script type=\"application\/ld+json\" class=\"yoast-schema-graph\">{\"@context\":\"https:\/\/schema.org\",\"@graph\":[{\"@type\":\"WebPage\",\"@id\":\"https:\/\/aisexting.app\/pt-br\/politica-de-privacidade\/\",\"url\":\"https:\/\/aisexting.app\/pt-br\/politica-de-privacidade\/\",\"name\":\"Pol\u00edtica de Privacidade - AI Sexting App\",\"isPartOf\":{\"@id\":\"https:\/\/aisexting.app\/#website\"},\"datePublished\":\"2023-06-29T17:51:35+00:00\",\"dateModified\":\"2026-09-21T20:43:16+00:00\",\"breadcrumb\":{\"@id\":\"https:\/\/aisexting.app\/pt-br\/politica-de-privacidade\/#breadcrumb\"},\"inLanguage\":\"pt-BR\",\"potentialAction\":[{\"@type\":\"ReadAction\",\"target\":[\"https:\/\/aisexting.app\/pt-br\/politica-de-privacidade\/\"]}]},{\"@type\":\"BreadcrumbList\",\"@id\":\"https:\/\/aisexting.app\/pt-br\/politica-de-privacidade\/#breadcrumb\",\"itemListElement\":[{\"@type\":\"ListItem\",\"position\":1,\"name\":\"Home\",\"item\":\"https:\/\/aisexting.app\/pt-br\/\"},{\"@type\":\"ListItem\",\"position\":2,\"name\":\"Pol\u00edtica de Privacidade\"}]},{\"@type\":\"WebSite\",\"@id\":\"https:\/\/aisexting.app\/#website\",\"url\":\"https:\/\/aisexting.app\/\",\"name\":\"AI Sexting App\",\"description\":\"AI Sexting App\",\"potentialAction\":[{\"@type\":\"SearchAction\",\"target\":{\"@type\":\"EntryPoint\",\"urlTemplate\":\"https:\/\/aisexting.app\/?s={search_term_string}\"},\"query-input\":{\"@type\":\"PropertyValueSpecification\",\"valueRequired\":true,\"valueName\":\"search_term_string\"}}],\"inLanguage\":\"pt-BR\"}]}<\/script>\n<!-- \/ Yoast SEO Premium plugin. -->","yoast_head_json":{"title":"Pol\u00edtica de Privacidade - AI Sexting App","robots":{"index":"noindex","follow":"nofollow"},"og_locale":"pt_BR","og_type":"article","og_title":"Pol\u00edtica de Privacidade","og_description":"Pol\u00edtica de Privacidade do [&hellip;]","og_url":"https:\/\/aisexting.app\/pt-br\/politica-de-privacidade\/","og_site_name":"AI Sexting App","article_modified_time":"2026-09-21T20:43:16+00:00","twitter_card":"summary_large_image","twitter_misc":{"Est. tempo de leitura":"5 minutos"},"schema":{"@context":"https:\/\/schema.org","@graph":[{"@type":"WebPage","@id":"https:\/\/aisexting.app\/pt-br\/politica-de-privacidade\/","url":"https:\/\/aisexting.app\/pt-br\/politica-de-privacidade\/","name":"Pol\u00edtica de Privacidade - AI Sexting App","isPartOf":{"@id":"https:\/\/aisexting.app\/#website"},"datePublished":"2023-06-29T17:51:35+00:00","dateModified":"2026-09-21T20:43:16+00:00","breadcrumb":{"@id":"https:\/\/aisexting.app\/pt-br\/politica-de-privacidade\/#breadcrumb"},"inLanguage":"pt-BR","potentialAction":[{"@type":"ReadAction","target":["https:\/\/aisexting.app\/pt-br\/politica-de-privacidade\/"]}]},{"@type":"BreadcrumbList","@id":"https:\/\/aisexting.app\/pt-br\/politica-de-privacidade\/#breadcrumb","itemListElement":[{"@type":"ListItem","position":1,"name":"Home","item":"https:\/\/aisexting.app\/pt-br\/"},{"@type":"ListItem","position":2,"name":"Pol\u00edtica de Privacidade"}]},{"@type":"WebSite","@id":"https:\/\/aisexting.app\/#website","url":"https:\/\/aisexting.app\/","name":"AI Sexting App","description":"AI Sexting App","potentialAction":[{"@type":"SearchAction","target":{"@type":"EntryPoint","urlTemplate":"https:\/\/aisexting.app\/?s={search_term_string}"},"query-input":{"@type":"PropertyValueSpecification","valueRequired":true,"valueName":"search_term_string"}}],"inLanguage":"pt-BR"}]}},"_links":{"self":[{"href":"https:\/\/aisexting.app\/pt-br\/wp-json\/wp\/v2\/pages\/71324","targetHints":{"allow":["GET"]}}],"collection":[{"href":"https:\/\/aisexting.app\/pt-br\/wp-json\/wp\/v2\/pages"}],"about":[{"href":"https:\/\/aisexting.app\/pt-br\/wp-json\/wp\/v2\/types\/page"}],"author":[{"embeddable":true,"href":"https:\/\/aisexting.app\/pt-br\/wp-json\/wp\/v2\/users\/1"}],"replies":[{"embeddable":true,"href":"https:\/\/aisexting.app\/pt-br\/wp-json\/wp\/v2\/comments?post=71324"}],"version-history":[{"count":0,"href":"https:\/\/aisexting.app\/pt-br\/wp-json\/wp\/v2\/pages\/71324\/revisions"}],"wp:attachment":[{"href":"https:\/\/aisexting.app\/pt-br\/wp-json\/wp\/v2\/media?parent=71324"}],"curies":[{"name":"wp","href":"https:\/\/api.w.org\/{rel}","templated":true}]}}