{"id":69068,"date":"2023-06-29T17:51:35","date_gmt":"2023-06-29T17:51:35","guid":{"rendered":"https:\/\/aisexting.app\/privacy-policy\/"},"modified":"2023-12-25T08:43:55","modified_gmt":"2023-12-25T08:43:55","slug":"datenschutzrichtlinie","status":"publish","type":"page","link":"https:\/\/aisexting.app\/de\/datenschutzrichtlinie\/","title":{"rendered":"Datenschutzrichtlinie"},"content":{"rendered":"<p>[et_pb_section fb_built=&#8220;1&#8243; _builder_version=&#8220;4.23.1&#8243; background_color=&#8220;#f7f7f7&#8243; custom_padding=&#8220;0px||0px||false|false&#8220; global_colors_info=&#8220;{}&#8220;][et_pb_row custom_padding_last_edited=&#8220;on|phone&#8220; disabled_on=&#8220;off|off|off&#8220; _builder_version=&#8220;4.23.1&#8243; custom_margin=&#8220;|auto|0px|auto|false|false&#8220; custom_padding=&#8220;80px||0px||false|false&#8220; custom_padding_tablet=&#8220;80px||0px||false|false&#8220; custom_padding_phone=&#8220;46px||||false|false&#8220; global_colors_info=&#8220;{}&#8220;][et_pb_column type=&#8220;4_4&#8243; _builder_version=&#8220;4.16&#8243; background_position=&#8220;top_left&#8220; custom_padding=&#8220;|||&#8220; global_colors_info=&#8220;{}&#8220; custom_padding__hover=&#8220;|||&#8220;][et_pb_divider divider_weight=&#8220;2px&#8220; _builder_version=&#8220;4.23.1&#8243; _module_preset=&#8220;default&#8220; custom_margin=&#8220;||||false|false&#8220; custom_padding=&#8220;||0px||false|false&#8220; global_colors_info=&#8220;{}&#8220;][\/et_pb_divider][\/et_pb_column][\/et_pb_row][\/et_pb_section][et_pb_section fb_built=&#8220;1&#8243; admin_label=&#8220;Bread on table DE&#8220; _builder_version=&#8220;4.22.2&#8243; _module_preset=&#8220;default&#8220; background_color=&#8220;#f7f7f7&#8243; custom_margin=&#8220;0px||0px||false|false&#8220; custom_padding=&#8220;0px||0px||false|false&#8220; saved_tabs=&#8220;all&#8220; global_colors_info=&#8220;{}&#8220; global_module=&#8220;69090&#8243; theme_builder_area=&#8220;post_content&#8220;][et_pb_row column_structure=&#8220;3_5,2_5&#8243; _builder_version=&#8220;4.22.2&#8243; _module_preset=&#8220;default&#8220; custom_padding=&#8220;0px|0px|0px|0px|false|false&#8220; global_colors_info=&#8220;{}&#8220; theme_builder_area=&#8220;post_content&#8220;][et_pb_column type=&#8220;3_5&#8243; _builder_version=&#8220;4.22.2&#8243; _module_preset=&#8220;default&#8220; global_colors_info=&#8220;{}&#8220; theme_builder_area=&#8220;post_content&#8220;][et_pb_wpt_schema_breadcrumbs home_item_title=&#8220;AI Sexting&#8220; font_icon=&#8220;&#x39;||divi||400&#8243; separator_size=&#8220;1em&#8220; _builder_version=&#8220;4.23.1&#8243; _module_preset=&#8220;default&#8220; breadcrumb_link_font=&#8220;Montserrat|500|||||||&#8220; breadcrumb_link_font_size=&#8220;16px&#8220; breadcrumb_last_item_font=&#8220;Montserrat|500|||||||&#8220; breadcrumb_last_item_font_size=&#8220;16px&#8220; custom_padding=&#8220;0px||0px||false|false&#8220; global_colors_info=&#8220;{}&#8220; theme_builder_area=&#8220;post_content&#8220;][\/et_pb_wpt_schema_breadcrumbs][\/et_pb_column][et_pb_column type=&#8220;2_5&#8243; _builder_version=&#8220;4.22.2&#8243; _module_preset=&#8220;default&#8220; global_colors_info=&#8220;{}&#8220; theme_builder_area=&#8220;post_content&#8220;][pac_divi_table_of_contents title=&#8220;Inhaltsverzeichnis&#8220; default_state=&#8220;closed&#8220; opened_icon=&#8220;&#x2f;||divi||400&#8243; closed_icon=&#8220;&#x30;||divi||400&#8243; included_headings=&#8220;on|on|on|off|off|off&#8220; level_markers_1=&#8220;decimal&#8220; level_markers_2=&#8220;decimal&#8220; level_markers_3=&#8220;icons&#8220; title_container_margin=&#8220;||||false|false&#8220; title_container_padding=&#8220;5px|23px|5px|23px|false|false&#8220; title_container_bg_color=&#8220;#FFFFFF&#8220; open_icon_color=&#8220;#595959&#8243; open_icon_size=&#8220;25px&#8220; close_icon_color=&#8220;#595959&#8243; close_icon_size=&#8220;25px&#8220; body_area_scroll_color=&#8220;#333333&#8243; body_area_padding=&#8220;15px|10px|15px|10px|false|false&#8220; body_area_text_link_color=&#8220;#666666&#8243; body_area_text_link_underline=&#8220;#d20000&#8243; body_area_text_link_color_active=&#8220;#d20000&#8243; body_area_text_link_underline_active=&#8220;#d20000&#8243; _builder_version=&#8220;4.23.2&#8243; _module_preset=&#8220;default&#8220; title_font_font=&#8220;Montserrat||||||||&#8220; title_text_align=&#8220;left&#8220; title_text_color=&#8220;#595959&#8243; title_font_size=&#8220;16px&#8220; title_line_height=&#8220;25px&#8220; heading_all_font=&#8220;Montserrat||||||||&#8220; heading_all_font_size=&#8220;16px&#8220; heading2_line_height=&#8220;1.9em&#8220; heading3_line_height=&#8220;1.7em&#8220; heading_all_active_font=&#8220;Montserrat||||||||&#8220; keyword_highlight_font=&#8220;Montserrat||||||||&#8220; marker_all_font=&#8220;Montserrat||||||||&#8220; marker_all_text_color=&#8220;#828282&#8243; marker_all_font_size=&#8220;16px&#8220; module_alignment=&#8220;left&#8220; min_height=&#8220;19px&#8220; custom_margin=&#8220;13px||10px||false|false&#8220; custom_margin_tablet=&#8220;&#8220; custom_margin_phone=&#8220;-30px||1px||false|false&#8220; custom_margin_last_edited=&#8220;on|desktop&#8220; custom_padding=&#8220;||5px||false|false&#8220; module_alignment_tablet=&#8220;&#8220; module_alignment_phone=&#8220;center&#8220; module_alignment_last_edited=&#8220;on|phone&#8220; border_radii_title_container=&#8220;on|10px|10px|10px|10px&#8220; global_colors_info=&#8220;{}&#8220; body_area_text_link_color_active__hover_enabled=&#8220;off|desktop&#8220; theme_builder_area=&#8220;post_content&#8220;][\/pac_divi_table_of_contents][\/et_pb_column][\/et_pb_row][\/et_pb_section][et_pb_section fb_built=&#8220;1&#8243; _builder_version=&#8220;4.22.2&#8243; background_color=&#8220;#f7f7f7&#8243; custom_padding=&#8220;0px||30px||false|false&#8220; global_colors_info=&#8220;{}&#8220;][et_pb_row disabled_on=&#8220;off|off|off&#8220; _builder_version=&#8220;4.22.2&#8243; custom_margin=&#8220;|auto|20px|auto|false|false&#8220; custom_padding=&#8220;0px||4px||false|false&#8220; global_colors_info=&#8220;{}&#8220;][et_pb_column type=&#8220;4_4&#8243; _builder_version=&#8220;4.16&#8243; background_position=&#8220;top_left&#8220; custom_padding=&#8220;|||&#8220; global_colors_info=&#8220;{}&#8220; custom_padding__hover=&#8220;|||&#8220;][et_pb_text admin_label=&#8220;h2&#8243; module_id=&#8220;review&#8220; _builder_version=&#8220;4.23.2&#8243; text_font=&#8220;Montserrat|||on|&#8220; text_font_size=&#8220;18&#8243; text_line_height=&#8220;2.2em&#8220; header_font=&#8220;Montserrat|700|||||||&#8220; text_orientation=&#8220;center&#8220; min_height=&#8220;25px&#8220; custom_margin=&#8220;||0px|||&#8220; custom_padding=&#8220;10px|||||&#8220; text_font_size_tablet=&#8220;14&#8243; text_font_size_phone=&#8220;&#8220; text_font_size_last_edited=&#8220;on|desktop&#8220; border_style=&#8220;solid&#8220; inline_fonts=&#8220;Cuprum,Montserrat&#8220; global_colors_info=&#8220;{}&#8220;]<\/p>\n<h1 style=\"color: #333333;\">Datenschutzrichtlinie f\u00fcr AIsexting.app<\/h1>\n<p>[\/et_pb_text][\/et_pb_column][\/et_pb_row][et_pb_row _builder_version=&#8220;4.16&#8243; custom_margin=&#8220;1px|auto|70px|auto||&#8220; custom_padding=&#8220;4px||4px|||&#8220; global_colors_info=&#8220;{}&#8220;][et_pb_column type=&#8220;4_4&#8243; _builder_version=&#8220;4.16&#8243; background_position=&#8220;top_left&#8220; custom_padding=&#8220;|||&#8220; global_colors_info=&#8220;{}&#8220; custom_padding__hover=&#8220;|||&#8220;][et_pb_text admin_label=&#8220;Seo text \u0412\u0442\u043e\u0440\u043e\u0433\u043e \u044d\u043a\u0440\u0430\u043d\u0430&#8220; _builder_version=&#8220;4.23.1&#8243; text_font=&#8220;Montserrat||||&#8220; custom_margin=&#8220;-3px|||||&#8220; custom_padding=&#8220;11px|||||&#8220; custom_padding_tablet=&#8220;&#8220; custom_padding_phone=&#8220;0px|||&#8220; custom_padding_last_edited=&#8220;on|phone&#8220; text_font_size_tablet=&#8220;14&#8243; text_font_size_phone=&#8220;&#8220; text_font_size_last_edited=&#8220;on|phone&#8220; header_font_size_phone=&#8220;20px&#8220; border_style=&#8220;solid&#8220; inline_fonts=&#8220;Cuprum,Montserrat&#8220; global_colors_info=&#8220;{}&#8220;]<\/p>\n<p><span>Bei aisexting.app, zug\u00e4nglich \u00fcber https:\/\/aisexting.app, ist die Privatsph\u00e4re unserer Besucher eine unserer Hauptpriorit\u00e4ten.\u00a0Dieses Datenschutzrichtliniendokument enth\u00e4lt Arten von Informationen, die von aisexting.app gesammelt und aufgezeichnet werden, und wie wir sie verwenden.<\/span><br \/><span><span class=\"\">Wenn Sie weitere Fragen haben oder weitere Informationen zu unserer Datenschutzrichtlinie ben\u00f6tigen, z\u00f6gern Sie nicht, uns zu kontaktieren.<\/span><\/span><br \/><span>Diese Datenschutzrichtlinie gilt nur f\u00fcr unsere Online-Aktivit\u00e4ten und gilt f\u00fcr Besucher unserer Website in Bezug auf die Informationen, die sie in aisexting.app geteilt und\/oder gesammelt haben.\u00a0Diese Richtlinie gilt nicht f\u00fcr Informationen, die offline oder \u00fcber andere Kan\u00e4le als diese Website erfasst werden.<\/span><\/p>\n<h2 id=\"Consent\"><span>ZUSTIMMUNG<\/span><\/h2>\n<p><span>Durch die Nutzung unserer Website stimmen Sie hiermit unserer Datenschutzrichtlinie zu und stimmen deren Bedingungen zu.<\/span><\/p>\n<h3 id=\"Informationwecollect\"><span>INFORMATIONEN, DIE WIR SAMMELN<\/span><\/h3>\n<p><span>Die personenbezogenen Daten, um deren Bereitstellung Sie gebeten werden, und die Gr\u00fcnde, warum Sie zur Bereitstellung dieser Daten aufgefordert werden, werden Ihnen an dem Punkt mitgeteilt, an dem wir Sie um die Angabe Ihrer personenbezogenen Daten bitten.<\/span><br \/><span>Wenn Sie uns direkt kontaktieren, erhalten wir m\u00f6glicherweise zus\u00e4tzliche Informationen \u00fcber Sie, wie Ihren Namen, Ihre E-Mail-Adresse, Ihre Telefonnummer, den Inhalt der Nachricht und\/oder der Anh\u00e4nge, die Sie uns senden, sowie alle anderen Informationen, die Sie uns m\u00f6glicherweise zur Verf\u00fcgung stellen.<\/span><br \/><span>Wenn Sie sich f\u00fcr ein Konto registrieren, fragen wir Sie m\u00f6glicherweise nach Ihren Kontaktinformationen, einschlie\u00dflich Angaben wie Name, Firmenname, Adresse, E-Mail-Adresse und Telefonnummer.<\/span><\/p>\n<h3 id=\"Howweuseyourinformation\"><span>WIE WIR IHRE INFORMATIONEN VERWENDEN<\/span><\/h3>\n<p><span>Wir verwenden die von uns gesammelten Informationen auf verschiedene Weise, unter anderem um:<\/span><br \/><span>\u2022 unsere Website bereitzustellen, zu betreiben und zu warten,<\/span><br \/><span>\u2022 unsere Website zu verbessern, zu personalisieren und zu erweitern,<\/span><br \/><span>\u2022 zu verstehen und zu analysieren, wie Sie unsere Website nutzen,<\/span><br \/><span>\u2022 neue Produkte, Dienstleistungen, Funktionen usw. zu entwickeln Funktionalit\u00e4t<\/span><br \/><span>: \u2022 Kommunikation mit Ihnen, entweder direkt oder \u00fcber einen unserer Partner, einschlie\u00dflich f\u00fcr den Kundenservice, um Ihnen Aktualisierungen und andere Informationen im Zusammenhang mit der Website bereitzustellen, sowie f\u00fcr Marketing- und Werbezwecke;<\/span><br \/><span>\u2022 Ihnen E-Mails zu senden<\/span><br \/><span>; \u2022 Betrug zu erkennen und zu verhindern<\/span><\/p>\n<h3 id=\"LogFiles\"><span>PROTOKOLLDATEIEN<\/span><\/h3>\n<p><span>aisexting.app folgt einem Standardverfahren zur Verwendung von Protokolldateien.\u00a0Diese Dateien protokollieren Besucher, wenn sie Websites besuchen.\u00a0<span class=\"\">Alle Hosting-Unternehmen f\u00fchren dies und einen Teil der Analysen der Hosting-Dienste durch.\u00a0<\/span>Zu den durch Protokolldateien gesammelten Informationen geh\u00f6ren Internetprotokolladressen (IP), Browsertyp, Internetdienstanbieter (ISP), Datums- und Zeitstempel, Verweis-\/Ausstiegsseiten und m\u00f6glicherweise die Anzahl der Klicks.\u00a0Diese werden nicht mit personenbezogenen Daten verkn\u00fcpft.\u00a0Der Zweck der Informationen besteht darin, Trends zu analysieren, die Website zu verwalten, die Bewegungen der Benutzer auf der Website zu verfolgen und demografische Informationen zu sammeln.<\/span><\/p>\n<h3 id=\"CookiesandWebBeacons\"><span>COOKIES UND WEB-BEACONS<\/span><\/h3>\n<p><span>Wie jede andere Website verwendet aisexting.app \u201eCookies\u201c.\u00a0Diese Cookies werden verwendet, um Informationen zu speichern, einschlie\u00dflich der Pr\u00e4ferenzen der Besucher und der Seiten der Website, auf die der Besucher zugegriffen oder die er besucht hat.\u00a0Die Informationen werden verwendet, um das Benutzererlebnis zu optimieren, indem der Inhalt unserer Webseite basierend auf dem Browsertyp der Besucher und\/oder anderen Informationen angepasst wird.<\/span><\/p>\n<h3 id=\"OurAdvertisingPartners\"><span>UNSERE WERBEPARTNER<\/span><\/h3>\n<p><span>Einige Werbetreibende auf unserer Website verwenden m\u00f6glicherweise Cookies und Web-Beacons.\u00a0Nachfolgend finden Sie unsere Werbepartner.\u00a0Jeder unserer Werbepartner hat seine eigene Datenschutzrichtlinie f\u00fcr seine Richtlinien zu Benutzerdaten.\u00a0Um den Zugriff zu erleichtern, haben wir unten einen Hyperlink zu deren Datenschutzrichtlinien erstellt.<\/span><br \/><span>\u2022 Google\u2028\u00a0<\/span><a href=\"https:\/\/translate.google.com\/website?sl=en&amp;tl=de&amp;hl=en-US&amp;client=webapp&amp;u=https:\/\/policies.google.com\/technologies\/ads\" target=\"_blank\" rel=\"noopener\"><span>https:\/\/policies.google.com\/technologies\/ads<\/span><\/a><\/p>\n<h3 id=\"AdvertisingPartnersPrivacyPolicies\"><span>DATENSCHUTZRICHTLINIEN F\u00dcR WERBEPARTNER<\/span><\/h3>\n<p><span>In dieser Liste finden Sie die Datenschutzrichtlinien f\u00fcr jeden Werbepartner von aisexting.app.<\/span><br \/><span>Ad-Server oder Ad-Netzwerke von Drittanbietern verwenden Technologien wie Cookies, JavaScript oder Web Beacons, die in ihren jeweiligen Anzeigen verwendet werden, und Links, die auf aisexting.app erscheinen und direkt an den Browser der Benutzer gesendet werden.\u00a0In diesem Fall erhalten sie automatisch Ihre IP-Adresse.\u00a0Diese Technologien werden verwendet, um die Wirksamkeit ihrer Werbekampagnen zu messen und\/oder um die Werbeinhalte zu personalisieren, die Sie auf den von Ihnen besuchten Websites sehen.<\/span><br \/><span>Beachten Sie, dass aisexting.app keinen Zugriff auf oder keine Kontrolle \u00fcber diese Cookies hat, die von Drittwerbetreibenden verwendet werden.<\/span><\/p>\n<h3 id=\"ThirdPartyPrivacyPolicies\"><span>DATENSCHUTZRICHTLINIEN DRITTER<\/span><\/h3>\n<p><span>Die Datenschutzrichtlinie von aisexting.app gilt nicht f\u00fcr andere Werbetreibende oder Websites.\u00a0Wir empfehlen Ihnen daher, f\u00fcr detailliertere Informationen die jeweiligen Datenschutzrichtlinien dieser Drittanbieter-Adserver zu konsultieren.\u00a0Es kann deren Praktiken und Anweisungen zum Deaktivieren bestimmter Optionen enthalten.<\/span><br \/><span>Sie k\u00f6nnen Cookies \u00fcber Ihre individuellen Browseroptionen deaktivieren.\u00a0<span class=\"\">Ausf\u00fchrlichere Informationen zur Cookie-Verwaltung mit bestimmten Webbrowsern finden Sie auf den jeweiligen Websites der Browser.<\/span><\/span><\/p>\n<h3 id=\"CCPAPrivacyRightsDoNotSellMyPersonalInformation\"><span>CCPA-DATENSCHUTZRECHTE (MEINE PERS\u00d6NLICHEN DATEN NICHT VERKAUFEN)<\/span><\/h3>\n<p><span>Nach dem CCPA haben kalifornische Verbraucher neben anderen Rechten das Recht:<\/span><br \/><span>Von einem Unternehmen, das personenbezogene Daten eines Verbrauchers erfasst, die Offenlegung der Kategorien und spezifischen personenbezogenen Daten zu verlangen, die ein Unternehmen \u00fcber Verbraucher erfasst hat.<\/span><br \/><span>Fordern Sie ein Unternehmen auf, alle personenbezogenen Daten \u00fcber den Verbraucher zu l\u00f6schen, die ein Unternehmen gesammelt hat.<\/span><br \/><span>Fordern Sie ein Unternehmen, das die personenbezogenen Daten eines Verbrauchers verkauft, auf, die personenbezogenen Daten des Verbrauchers nicht zu verkaufen.<\/span><br \/><span>Wenn Sie eine Anfrage stellen, haben wir einen Monat Zeit, um Ihnen zu antworten.\u00a0Wenn Sie eines dieser Rechte aus\u00fcben m\u00f6chten, kontaktieren Sie uns bitte.<\/span><\/p>\n<h3 id=\"GDPRDataProtectionRights\"><span>DSGVO-DATENSCHUTZRECHTE<\/span><\/h3>\n<p><span>Wir m\u00f6chten sicherstellen, dass Sie alle Ihre Datenschutzrechte vollst\u00e4ndig kennen.\u00a0Jeder Benutzer hat Anspruch auf Folgendes:<\/span><br \/><span>Das Recht auf Zugriff \u2013 Sie haben das Recht, Kopien Ihrer pers\u00f6nlichen Daten anzufordern.\u00a0F\u00fcr diesen Service erheben wir m\u00f6glicherweise eine geringe Geb\u00fchr.<\/span><br \/><span>Das Recht auf Berichtigung \u2013 Sie haben das Recht, von uns die Berichtigung von Informationen zu verlangen, die Ihrer Meinung nach unrichtig sind.\u00a0Sie haben au\u00dferdem das Recht, von uns die Vervollst\u00e4ndigung der Informationen zu verlangen, die Sie f\u00fcr unvollst\u00e4ndig halten.<\/span><br \/><span>Das Recht auf L\u00f6schung \u2013 Sie haben unter bestimmten Bedingungen das Recht, von uns die L\u00f6schung Ihrer personenbezogenen Daten zu verlangen.<\/span><br \/><span><span class=\"\">Das Recht auf Einschr\u00e4nkung der Verarbeitung \u2013 Sie haben das Recht, unter bestimmten Bedingungen zu verlangen, dass wir die Verarbeitung Ihrer personenbezogenen Daten einschr\u00e4nken.<\/span><\/span><br \/><span>Das Recht, der Verarbeitung zu widersprechen \u2013 Sie haben unter bestimmten Bedingungen das Recht, der Verarbeitung Ihrer personenbezogenen Daten durch uns zu widersprechen.<\/span><br \/><span>Das Recht auf Daten\u00fcbertragbarkeit \u2013 Sie haben das Recht zu verlangen, dass wir die von uns erfassten Daten unter bestimmten Bedingungen an eine andere Organisation oder direkt an Sie \u00fcbertragen.<\/span><br \/><span>Wenn Sie eine Anfrage stellen, haben wir einen Monat Zeit, um Ihnen zu antworten.\u00a0Wenn Sie eines dieser Rechte aus\u00fcben m\u00f6chten, kontaktieren Sie uns bitte.<\/span><\/p>\n<h3 id=\"ChildrensInformation\"><span>INFORMATIONEN F\u00dcR KINDER<\/span><\/h3>\n<p><span>Ein weiterer Schwerpunkt unserer Arbeit ist der Schutz von Kindern bei der Nutzung des Internets.\u00a0Wir ermutigen Eltern und Erziehungsberechtigte, ihre Online-Aktivit\u00e4ten zu beobachten, daran teilzunehmen und\/oder sie zu \u00fcberwachen und zu leiten.<\/span><br \/><span>aisexting.app sammelt wissentlich keine personenbezogenen Daten von Kindern unter 13 Jahren. Wenn Sie der Meinung sind, dass Ihr Kind diese Art von Informationen auf unserer Website bereitgestellt hat, empfehlen wir Ihnen dringend, sich umgehend mit uns in Verbindung zu setzen, und wir werden unser Bestes tun, um dies zu tun solche Informationen unverz\u00fcglich aus unseren Aufzeichnungen entfernen.<\/span><\/p>\n<h3 id=\"ChangestoThisPrivacyPolicy\"><span>\u00c4NDERUNGEN DIESER DATENSCHUTZRICHTLINIE<\/span><\/h3>\n<p><span>Wir k\u00f6nnen unsere Datenschutzrichtlinie von Zeit zu Zeit aktualisieren.\u00a0Wir empfehlen Ihnen daher, diese Seite regelm\u00e4\u00dfig auf etwaige \u00c4nderungen zu \u00fcberpr\u00fcfen.\u00a0Wir werden Sie \u00fcber alle \u00c4nderungen informieren, indem wir die neue Datenschutzrichtlinie auf dieser Seite ver\u00f6ffentlichen.\u00a0Diese \u00c4nderungen treten sofort nach der Ver\u00f6ffentlichung auf dieser Seite in Kraft.<\/span><br \/><span>Unsere Datenschutzerkl\u00e4rung wurde mit Hilfe des Privacy Policy Generators erstellt.<\/span><\/p>\n<h3 id=\"ContactUs\"><span>KONTAKTIERE UNS<\/span><\/h3>\n<p><span>Wenn Sie Fragen oder Anregungen zu unserer Datenschutzrichtlinie haben, z\u00f6gern Sie nicht, uns unter\u00a0<\/span><span>admin@aisexting.app zu kontaktieren<\/span><\/p>\n<p><em><span>Diese Datenschutzrichtlinie wurde zuletzt am 16. Dezember 2023 aktualisiert.<\/span><\/em><\/p>\n<p>[\/et_pb_text][\/et_pb_column][\/et_pb_row][\/et_pb_section]<\/p>\n","protected":false},"excerpt":{"rendered":"<p><div class=\"et_pb_module pac_divi_table_of_contents pac_divi_table_of_contents_0\">\n\t\t\t\t\n\t\t\t\t\n\t\t\t\t\n\t\t\t\t\n\t\t\t\t\n\t\t\t\t\n\t\t\t\t<div class=\"et_pb_module_inner\">\n\t\t\t\t\t\r\n        <div class=\"pac_dtoc_main_container\"\r\n        data-allow_collapse_minimize=\"on\"\r\n        data-ss=\"2000\"\r\n        data-sah=\"100\"\r\n        data-collapse_when_sticky=\"off\"\r\n        data-collapse_when_sticky_tablet=\"off\"\r\n        data-collapse_when_sticky_phone=\"off\"\r\n        data-skh=\"off\"\r\n        data-mtocai=\"off\"\r\n        data-mtocai_tablet=\"off\"\r\n        data-mtocai_phone=\"off\"\r\n        data-alh=\"off\">\r\n            <div class=\"pac_dtoc_title_area click_on click_tablet_on click_phone_on\">\r\n                <div class=\"pac_dtoc_title\">Inhaltsverzeichnis<\/div>\r\n                \r\n            <div class=\"pac_dtoc_icon_responsive\">\r\n                <div class=\"pac_dtoc_opened_icon\">\/<\/div>\r\n                <div class=\"pac_dtoc_closed_icon\">0<\/div>\r\n            <\/div>\r\n            \r\n            <\/div>\r\n            <div class=\"pac_dtoc_body_area inside\">\r\n                \r\n                <div class='divi_table_of_contents'><\/div>\r\n            <\/div>\r\n        <\/div>\r\n        \n\t\t\t\t<\/div>\n\t\t\t<\/div>Datenschutzrichtlinie f\u00fcr AIsexting.appBei aisexting.app, [&hellip;]<\/p>\n","protected":false},"author":1,"featured_media":0,"parent":0,"menu_order":0,"comment_status":"closed","ping_status":"open","template":"","meta":{"_et_pb_use_builder":"on","_et_pb_old_content":"","_et_gb_content_width":"","footnotes":""},"class_list":["post-69068","page","type-page","status-publish","hentry"],"yoast_head":"<!-- This site is optimized with the Yoast SEO Premium plugin v21.3 (Yoast SEO v26.7) - https:\/\/yoast.com\/wordpress\/plugins\/seo\/ -->\n<title>Datenschutzrichtlinie<\/title>\n<meta name=\"robots\" content=\"noindex, nofollow\" \/>\n<meta property=\"og:locale\" content=\"de_DE\" \/>\n<meta property=\"og:type\" content=\"article\" \/>\n<meta property=\"og:title\" content=\"Datenschutzrichtlinie\" \/>\n<meta property=\"og:description\" content=\"Datenschutzrichtlinie f\u00fcr AIsexting.appBei aisexting.app, [&hellip;]\" \/>\n<meta property=\"og:url\" content=\"https:\/\/aisexting.app\/de\/datenschutzrichtlinie\/\" \/>\n<meta property=\"og:site_name\" content=\"AI Sexting App\" \/>\n<meta property=\"article:modified_time\" content=\"2023-12-25T08:43:55+00:00\" \/>\n<meta name=\"twitter:card\" content=\"summary_large_image\" \/>\n<meta name=\"twitter:label1\" content=\"Gesch\u00e4tzte Lesezeit\" \/>\n\t<meta name=\"twitter:data1\" content=\"6\u00a0Minuten\" \/>\n<script type=\"application\/ld+json\" class=\"yoast-schema-graph\">{\"@context\":\"https:\/\/schema.org\",\"@graph\":[{\"@type\":\"WebPage\",\"@id\":\"https:\/\/aisexting.app\/de\/datenschutzrichtlinie\/\",\"url\":\"https:\/\/aisexting.app\/de\/datenschutzrichtlinie\/\",\"name\":\"Datenschutzrichtlinie\",\"isPartOf\":{\"@id\":\"https:\/\/aisexting.app\/#website\"},\"datePublished\":\"2023-06-29T17:51:35+00:00\",\"dateModified\":\"2023-12-25T08:43:55+00:00\",\"breadcrumb\":{\"@id\":\"https:\/\/aisexting.app\/de\/datenschutzrichtlinie\/#breadcrumb\"},\"inLanguage\":\"de\",\"potentialAction\":[{\"@type\":\"ReadAction\",\"target\":[\"https:\/\/aisexting.app\/de\/datenschutzrichtlinie\/\"]}]},{\"@type\":\"BreadcrumbList\",\"@id\":\"https:\/\/aisexting.app\/de\/datenschutzrichtlinie\/#breadcrumb\",\"itemListElement\":[{\"@type\":\"ListItem\",\"position\":1,\"name\":\"Home\",\"item\":\"https:\/\/aisexting.app\/de\/\"},{\"@type\":\"ListItem\",\"position\":2,\"name\":\"Datenschutzrichtlinie\"}]},{\"@type\":\"WebSite\",\"@id\":\"https:\/\/aisexting.app\/#website\",\"url\":\"https:\/\/aisexting.app\/\",\"name\":\"AI Sexting App\",\"description\":\"AI Sexting App\",\"potentialAction\":[{\"@type\":\"SearchAction\",\"target\":{\"@type\":\"EntryPoint\",\"urlTemplate\":\"https:\/\/aisexting.app\/?s={search_term_string}\"},\"query-input\":{\"@type\":\"PropertyValueSpecification\",\"valueRequired\":true,\"valueName\":\"search_term_string\"}}],\"inLanguage\":\"de\"}]}<\/script>\n<!-- \/ Yoast SEO Premium plugin. -->","yoast_head_json":{"title":"Datenschutzrichtlinie","robots":{"index":"noindex","follow":"nofollow"},"og_locale":"de_DE","og_type":"article","og_title":"Datenschutzrichtlinie","og_description":"Datenschutzrichtlinie f\u00fcr AIsexting.appBei aisexting.app, [&hellip;]","og_url":"https:\/\/aisexting.app\/de\/datenschutzrichtlinie\/","og_site_name":"AI Sexting App","article_modified_time":"2023-12-25T08:43:55+00:00","twitter_card":"summary_large_image","twitter_misc":{"Gesch\u00e4tzte Lesezeit":"6\u00a0Minuten"},"schema":{"@context":"https:\/\/schema.org","@graph":[{"@type":"WebPage","@id":"https:\/\/aisexting.app\/de\/datenschutzrichtlinie\/","url":"https:\/\/aisexting.app\/de\/datenschutzrichtlinie\/","name":"Datenschutzrichtlinie","isPartOf":{"@id":"https:\/\/aisexting.app\/#website"},"datePublished":"2023-06-29T17:51:35+00:00","dateModified":"2023-12-25T08:43:55+00:00","breadcrumb":{"@id":"https:\/\/aisexting.app\/de\/datenschutzrichtlinie\/#breadcrumb"},"inLanguage":"de","potentialAction":[{"@type":"ReadAction","target":["https:\/\/aisexting.app\/de\/datenschutzrichtlinie\/"]}]},{"@type":"BreadcrumbList","@id":"https:\/\/aisexting.app\/de\/datenschutzrichtlinie\/#breadcrumb","itemListElement":[{"@type":"ListItem","position":1,"name":"Home","item":"https:\/\/aisexting.app\/de\/"},{"@type":"ListItem","position":2,"name":"Datenschutzrichtlinie"}]},{"@type":"WebSite","@id":"https:\/\/aisexting.app\/#website","url":"https:\/\/aisexting.app\/","name":"AI Sexting App","description":"AI Sexting App","potentialAction":[{"@type":"SearchAction","target":{"@type":"EntryPoint","urlTemplate":"https:\/\/aisexting.app\/?s={search_term_string}"},"query-input":{"@type":"PropertyValueSpecification","valueRequired":true,"valueName":"search_term_string"}}],"inLanguage":"de"}]}},"_links":{"self":[{"href":"https:\/\/aisexting.app\/de\/wp-json\/wp\/v2\/pages\/69068","targetHints":{"allow":["GET"]}}],"collection":[{"href":"https:\/\/aisexting.app\/de\/wp-json\/wp\/v2\/pages"}],"about":[{"href":"https:\/\/aisexting.app\/de\/wp-json\/wp\/v2\/types\/page"}],"author":[{"embeddable":true,"href":"https:\/\/aisexting.app\/de\/wp-json\/wp\/v2\/users\/1"}],"replies":[{"embeddable":true,"href":"https:\/\/aisexting.app\/de\/wp-json\/wp\/v2\/comments?post=69068"}],"version-history":[{"count":0,"href":"https:\/\/aisexting.app\/de\/wp-json\/wp\/v2\/pages\/69068\/revisions"}],"wp:attachment":[{"href":"https:\/\/aisexting.app\/de\/wp-json\/wp\/v2\/media?parent=69068"}],"curies":[{"name":"wp","href":"https:\/\/api.w.org\/{rel}","templated":true}]}}