{"id":69065,"date":"2023-10-24T18:07:43","date_gmt":"2023-10-24T18:07:43","guid":{"rendered":"https:\/\/aisexting.app\/cookie-policy\/"},"modified":"2023-12-25T08:43:29","modified_gmt":"2023-12-25T08:43:29","slug":"cookie-richtlinie","status":"publish","type":"page","link":"https:\/\/aisexting.app\/de\/cookie-richtlinie\/","title":{"rendered":"Cookie Richtlinie"},"content":{"rendered":"<p>[et_pb_section fb_built=&#8220;1&#8243; _builder_version=&#8220;4.23.1&#8243; background_color=&#8220;#f7f7f7&#8243; custom_padding=&#8220;0px||0px||false|false&#8220; global_colors_info=&#8220;{}&#8220;][et_pb_row custom_padding_last_edited=&#8220;on|phone&#8220; disabled_on=&#8220;off|off|off&#8220; _builder_version=&#8220;4.23.1&#8243; custom_margin=&#8220;|auto|0px|auto|false|false&#8220; custom_padding=&#8220;80px||0px||false|false&#8220; custom_padding_tablet=&#8220;80px||0px||false|false&#8220; custom_padding_phone=&#8220;46px||||false|false&#8220; global_colors_info=&#8220;{}&#8220;][et_pb_column type=&#8220;4_4&#8243; _builder_version=&#8220;4.16&#8243; background_position=&#8220;top_left&#8220; custom_padding=&#8220;|||&#8220; global_colors_info=&#8220;{}&#8220; custom_padding__hover=&#8220;|||&#8220;][et_pb_divider divider_weight=&#8220;2px&#8220; _builder_version=&#8220;4.23.1&#8243; _module_preset=&#8220;default&#8220; custom_margin=&#8220;||||false|false&#8220; custom_padding=&#8220;||0px||false|false&#8220; global_colors_info=&#8220;{}&#8220;][\/et_pb_divider][\/et_pb_column][\/et_pb_row][\/et_pb_section][et_pb_section fb_built=&#8220;1&#8243; admin_label=&#8220;Bread on table DE&#8220; _builder_version=&#8220;4.22.2&#8243; _module_preset=&#8220;default&#8220; background_color=&#8220;#f7f7f7&#8243; custom_margin=&#8220;0px||0px||false|false&#8220; custom_padding=&#8220;0px||0px||false|false&#8220; saved_tabs=&#8220;all&#8220; global_colors_info=&#8220;{}&#8220; global_module=&#8220;69090&#8243; theme_builder_area=&#8220;post_content&#8220;][et_pb_row column_structure=&#8220;3_5,2_5&#8243; _builder_version=&#8220;4.22.2&#8243; _module_preset=&#8220;default&#8220; custom_padding=&#8220;0px|0px|0px|0px|false|false&#8220; global_colors_info=&#8220;{}&#8220; theme_builder_area=&#8220;post_content&#8220;][et_pb_column type=&#8220;3_5&#8243; _builder_version=&#8220;4.22.2&#8243; _module_preset=&#8220;default&#8220; global_colors_info=&#8220;{}&#8220; theme_builder_area=&#8220;post_content&#8220;][et_pb_wpt_schema_breadcrumbs home_item_title=&#8220;AI Sexting&#8220; font_icon=&#8220;&#x39;||divi||400&#8243; separator_size=&#8220;1em&#8220; _builder_version=&#8220;4.23.1&#8243; _module_preset=&#8220;default&#8220; breadcrumb_link_font=&#8220;Montserrat|500|||||||&#8220; breadcrumb_link_font_size=&#8220;16px&#8220; breadcrumb_last_item_font=&#8220;Montserrat|500|||||||&#8220; breadcrumb_last_item_font_size=&#8220;16px&#8220; custom_padding=&#8220;0px||0px||false|false&#8220; global_colors_info=&#8220;{}&#8220; theme_builder_area=&#8220;post_content&#8220;][\/et_pb_wpt_schema_breadcrumbs][\/et_pb_column][et_pb_column type=&#8220;2_5&#8243; _builder_version=&#8220;4.22.2&#8243; _module_preset=&#8220;default&#8220; global_colors_info=&#8220;{}&#8220; theme_builder_area=&#8220;post_content&#8220;][pac_divi_table_of_contents title=&#8220;Inhaltsverzeichnis&#8220; default_state=&#8220;closed&#8220; opened_icon=&#8220;&#x2f;||divi||400&#8243; closed_icon=&#8220;&#x30;||divi||400&#8243; included_headings=&#8220;on|on|on|off|off|off&#8220; level_markers_1=&#8220;decimal&#8220; level_markers_2=&#8220;decimal&#8220; level_markers_3=&#8220;icons&#8220; title_container_margin=&#8220;||||false|false&#8220; title_container_padding=&#8220;5px|23px|5px|23px|false|false&#8220; title_container_bg_color=&#8220;#FFFFFF&#8220; open_icon_color=&#8220;#595959&#8243; open_icon_size=&#8220;25px&#8220; close_icon_color=&#8220;#595959&#8243; close_icon_size=&#8220;25px&#8220; body_area_scroll_color=&#8220;#333333&#8243; body_area_padding=&#8220;15px|10px|15px|10px|false|false&#8220; body_area_text_link_color=&#8220;#666666&#8243; body_area_text_link_underline=&#8220;#d20000&#8243; body_area_text_link_color_active=&#8220;#d20000&#8243; body_area_text_link_underline_active=&#8220;#d20000&#8243; _builder_version=&#8220;4.23.2&#8243; _module_preset=&#8220;default&#8220; title_font_font=&#8220;Montserrat||||||||&#8220; title_text_align=&#8220;left&#8220; title_text_color=&#8220;#595959&#8243; title_font_size=&#8220;16px&#8220; title_line_height=&#8220;25px&#8220; heading_all_font=&#8220;Montserrat||||||||&#8220; heading_all_font_size=&#8220;16px&#8220; heading2_line_height=&#8220;1.9em&#8220; heading3_line_height=&#8220;1.7em&#8220; heading_all_active_font=&#8220;Montserrat||||||||&#8220; keyword_highlight_font=&#8220;Montserrat||||||||&#8220; marker_all_font=&#8220;Montserrat||||||||&#8220; marker_all_text_color=&#8220;#828282&#8243; marker_all_font_size=&#8220;16px&#8220; module_alignment=&#8220;left&#8220; min_height=&#8220;19px&#8220; custom_margin=&#8220;13px||10px||false|false&#8220; custom_margin_tablet=&#8220;&#8220; custom_margin_phone=&#8220;-30px||1px||false|false&#8220; custom_margin_last_edited=&#8220;on|desktop&#8220; custom_padding=&#8220;||5px||false|false&#8220; module_alignment_tablet=&#8220;&#8220; module_alignment_phone=&#8220;center&#8220; module_alignment_last_edited=&#8220;on|phone&#8220; border_radii_title_container=&#8220;on|10px|10px|10px|10px&#8220; global_colors_info=&#8220;{}&#8220; body_area_text_link_color_active__hover_enabled=&#8220;off|desktop&#8220; theme_builder_area=&#8220;post_content&#8220;][\/pac_divi_table_of_contents][\/et_pb_column][\/et_pb_row][\/et_pb_section][et_pb_section fb_built=&#8220;1&#8243; _builder_version=&#8220;4.22.2&#8243; background_color=&#8220;#f7f7f7&#8243; custom_padding=&#8220;0px||30px||false|false&#8220; global_colors_info=&#8220;{}&#8220;][et_pb_row disabled_on=&#8220;off|off|off&#8220; _builder_version=&#8220;4.22.2&#8243; custom_margin=&#8220;|auto|20px|auto|false|false&#8220; custom_padding=&#8220;0px||4px||false|false&#8220; global_colors_info=&#8220;{}&#8220;][et_pb_column type=&#8220;4_4&#8243; _builder_version=&#8220;4.16&#8243; background_position=&#8220;top_left&#8220; custom_padding=&#8220;|||&#8220; global_colors_info=&#8220;{}&#8220; custom_padding__hover=&#8220;|||&#8220;][et_pb_text admin_label=&#8220;h2&#8243; module_id=&#8220;review&#8220; _builder_version=&#8220;4.23.2&#8243; text_font=&#8220;Montserrat|||on|&#8220; text_font_size=&#8220;18&#8243; text_line_height=&#8220;2.2em&#8220; header_font=&#8220;Montserrat|700|||||||&#8220; text_orientation=&#8220;center&#8220; min_height=&#8220;25px&#8220; custom_margin=&#8220;||0px|||&#8220; custom_padding=&#8220;10px|||||&#8220; text_font_size_tablet=&#8220;14&#8243; text_font_size_phone=&#8220;&#8220; text_font_size_last_edited=&#8220;on|desktop&#8220; border_style=&#8220;solid&#8220; inline_fonts=&#8220;Cuprum,Montserrat&#8220; global_colors_info=&#8220;{}&#8220;]<\/p>\n<h1 style=\"color: #333333;\">Cookie Richtlinie f\u00fcr AIsexting.app<\/h1>\n<p>[\/et_pb_text][\/et_pb_column][\/et_pb_row][et_pb_row _builder_version=&#8220;4.16&#8243; custom_margin=&#8220;1px|auto|70px|auto||&#8220; custom_padding=&#8220;4px||4px|||&#8220; global_colors_info=&#8220;{}&#8220;][et_pb_column type=&#8220;4_4&#8243; _builder_version=&#8220;4.16&#8243; background_position=&#8220;top_left&#8220; custom_padding=&#8220;|||&#8220; global_colors_info=&#8220;{}&#8220; custom_padding__hover=&#8220;|||&#8220;][et_pb_text admin_label=&#8220;Seo text \u0412\u0442\u043e\u0440\u043e\u0433\u043e \u044d\u043a\u0440\u0430\u043d\u0430&#8220; _builder_version=&#8220;4.23.1&#8243; text_font=&#8220;Montserrat||||&#8220; custom_margin=&#8220;-3px|||||&#8220; custom_padding=&#8220;11px|||||&#8220; custom_padding_tablet=&#8220;&#8220; custom_padding_phone=&#8220;0px|||&#8220; custom_padding_last_edited=&#8220;on|phone&#8220; text_font_size_tablet=&#8220;14&#8243; text_font_size_phone=&#8220;&#8220; text_font_size_last_edited=&#8220;on|phone&#8220; header_font_size_phone=&#8220;20px&#8220; border_style=&#8220;solid&#8220; inline_fonts=&#8220;Cuprum,Montserrat&#8220; global_colors_info=&#8220;{}&#8220;]<\/p>\n<p><span>Dies ist die Cookie-Richtlinie f\u00fcr aisexting.app, zug\u00e4nglich unter https:\/\/aisexting.app<\/span><\/p>\n<p><strong><span>Was sind Cookies?<\/span><\/strong><\/p>\n<p><span>Wie bei fast allen professionellen Websites \u00fcblich, verwendet diese Website Cookies, kleine Dateien, die auf Ihren Computer heruntergeladen werden, um Ihr Erlebnis zu verbessern.\u00a0Auf dieser Seite wird beschrieben, welche Informationen sie sammeln, wie wir sie verwenden und warum wir diese Cookies manchmal speichern m\u00fcssen.\u00a0Wir erkl\u00e4ren Ihnen auch, wie Sie die Speicherung dieser Cookies verhindern k\u00f6nnen. Dies kann jedoch zu einer Beeintr\u00e4chtigung oder \u201eBeeintr\u00e4chtigung\u201c bestimmter Elemente der Website-Funktionalit\u00e4t f\u00fchren.<\/span><\/p>\n<p><strong><span>Wie wir Cookies verwenden<\/span><\/strong><\/p>\n<p><span>Wir verwenden Cookies aus verschiedenen Gr\u00fcnden, die im Folgenden erl\u00e4utert werden.\u00a0Leider gibt es in den meisten F\u00e4llen keine branchen\u00fcblichen Optionen zum Deaktivieren von Cookies, ohne die Funktionalit\u00e4t und Features, die sie dieser Website hinzuf\u00fcgen, vollst\u00e4ndig zu deaktivieren.\u00a0Es wird empfohlen, alle Cookies aktiviert zu lassen, wenn Sie nicht sicher sind, ob Sie sie ben\u00f6tigen oder nicht, falls sie zur Bereitstellung eines von Ihnen genutzten Dienstes verwendet werden.<\/span><\/p>\n<p><strong><span>Cookies deaktivieren<\/span><\/strong><\/p>\n<p><span>Sie k\u00f6nnen das Setzen von Cookies verhindern, indem Sie die Einstellungen in Ihrem Browser anpassen (Informationen dazu finden Sie in der Hilfe Ihres Browsers).\u00a0Beachten Sie, dass die Deaktivierung von Cookies die Funktionalit\u00e4t dieser und vieler anderer von Ihnen besuchter Websites beeintr\u00e4chtigt.\u00a0Das Deaktivieren von Cookies f\u00fchrt in der Regel dazu, dass auch bestimmte Funktionen und Merkmale dieser Website deaktiviert werden.\u00a0Daher wird empfohlen, Cookies nicht zu deaktivieren.\u00a0Diese Cookie-Richtlinie wurde mit Hilfe des Cookies Policy Generator erstellt.<\/span><\/p>\n<p><strong><span>Die von uns gesetzten Cookies<\/span><\/strong><\/p>\n<ul>\n<li>\n<p><span>Cookies f\u00fcr Website-Einstellungen<\/span><\/p>\n<p><span>Um Ihnen ein gro\u00dfartiges Erlebnis auf dieser Website zu bieten, bieten wir die M\u00f6glichkeit, Ihre Pr\u00e4ferenzen f\u00fcr die Funktionsweise dieser Website festzulegen, wenn Sie sie nutzen.\u00a0Um Ihre Pr\u00e4ferenzen zu speichern, m\u00fcssen wir Cookies setzen, damit diese Informationen immer dann abgerufen werden k\u00f6nnen, wenn Sie mit einer Seite interagieren, die von Ihren Pr\u00e4ferenzen betroffen ist.<\/span><\/p>\n<\/li>\n<\/ul>\n<p><strong><span>Cookies von Drittanbietern<\/span><\/strong><\/p>\n<p><span>In einigen Sonderf\u00e4llen verwenden wir auch Cookies von vertrauensw\u00fcrdigen Dritten.\u00a0Im folgenden Abschnitt erfahren Sie, auf welche Cookies von Drittanbietern Sie auf dieser Website sto\u00dfen k\u00f6nnten.<\/span><\/p>\n<ul>\n<li>\n<p><span>Diese Website verwendet Google Analytics, eine der am weitesten verbreiteten und vertrauensw\u00fcrdigsten Analysel\u00f6sungen im Internet, die uns hilft zu verstehen, wie Sie die Website nutzen und wie wir Ihr Erlebnis verbessern k\u00f6nnen.\u00a0Diese Cookies k\u00f6nnen beispielsweise erfassen, wie lange Sie auf der Website verbringen und welche Seiten Sie besuchen, damit wir weiterhin ansprechende Inhalte erstellen k\u00f6nnen.<\/span><\/p>\n<p><span>Weitere Informationen zu Google Analytics-Cookies finden Sie auf der offiziellen Google Analytics-Seite.<\/span><\/p>\n<\/li>\n<li>\n<p><span>Analysen von Drittanbietern werden verwendet, um die Nutzung dieser Website zu verfolgen und zu messen, damit wir weiterhin ansprechende Inhalte produzieren k\u00f6nnen.\u00a0Diese Cookies k\u00f6nnen beispielsweise erfassen, wie lange Sie auf der Website oder den von Ihnen besuchten Seiten verbringen. Dies hilft uns zu verstehen, wie wir die Website f\u00fcr Sie verbessern k\u00f6nnen.<\/span><\/p>\n<\/li>\n<li>\n<p><span>Von Zeit zu Zeit testen wir neue Funktionen und nehmen geringf\u00fcgige \u00c4nderungen an der Art und Weise vor, wie die Website bereitgestellt wird.\u00a0Wenn wir noch neue Funktionen testen, k\u00f6nnen diese Cookies verwendet werden, um sicherzustellen, dass Sie auf der Website ein einheitliches Erlebnis haben und gleichzeitig sicherstellen, dass wir verstehen, welche Optimierungen unsere Benutzer am meisten sch\u00e4tzen.<\/span><\/p>\n<\/li>\n<li>\n<p><span>Da wir Produkte verkaufen, ist es f\u00fcr uns wichtig, Statistiken dar\u00fcber zu erhalten, wie viele Besucher unserer Website tats\u00e4chlich einen Kauf t\u00e4tigen. Daher ist es die Art von Daten, die diese Cookies verfolgen.\u00a0Dies ist f\u00fcr Sie wichtig, da wir so genaue Gesch\u00e4ftsvorhersagen treffen k\u00f6nnen, die es uns erm\u00f6glichen, unsere Werbe- und Produktkosten zu \u00fcberwachen, um den bestm\u00f6glichen Preis sicherzustellen.<\/span><\/p>\n<\/li>\n<li>\n<p><span>Wir verwenden auf dieser Website auch Social-Media-Buttons und\/oder Plugins, die es Ihnen erm\u00f6glichen, sich auf verschiedene Weise mit Ihrem sozialen Netzwerk zu verbinden.\u00a0Damit diese funktionieren, sind die folgenden Social-Media-Sites verf\u00fcgbar, darunter:\u00a0{Listen Sie die sozialen Netzwerke auf, deren Funktionen Sie in Ihre Website integriert haben?:12} setzt \u00fcber unsere Website Cookies, die dazu verwendet werden k\u00f6nnen, Ihr Profil auf ihrer Website zu verbessern oder zu den von ihnen gespeicherten Daten f\u00fcr verschiedene Zwecke beizutragen, die in ihren jeweiligen Datenschutzbestimmungen beschrieben sind Richtlinien.<\/span><\/p>\n<\/li>\n<\/ul>\n<p><strong><span>Mehr Informationen<\/span><\/strong><\/p>\n<p><span>Hoffentlich hat das die Dinge f\u00fcr Sie gekl\u00e4rt, und wie bereits erw\u00e4hnt, ist es normalerweise sicherer, Cookies aktiviert zu lassen, wenn Sie nicht sicher sind, ob Sie sie ben\u00f6tigen oder nicht, falls sie mit einer der Funktionen interagieren, die Sie auf unserer Website verwenden.<\/span><\/p>\n<p><span>Wenn Sie jedoch noch weitere Informationen suchen, k\u00f6nnen Sie uns \u00fcber eine unserer bevorzugten Kontaktmethoden kontaktieren:<\/span><\/p>\n<ul>\n<li><span>E-Mail:\u00a0<\/span><span>admin@aisexting.app<\/span><\/li>\n<\/ul>\n<p><em><span>Diese Datenschutzrichtlinie wurde zuletzt am 16. Dezember 2023 aktualisiert.<\/span><\/em><\/p>\n<p>[\/et_pb_text][\/et_pb_column][\/et_pb_row][\/et_pb_section]<\/p>\n","protected":false},"excerpt":{"rendered":"<p><div class=\"et_pb_module pac_divi_table_of_contents pac_divi_table_of_contents_0\">\n\t\t\t\t\n\t\t\t\t\n\t\t\t\t\n\t\t\t\t\n\t\t\t\t\n\t\t\t\t\n\t\t\t\t<div class=\"et_pb_module_inner\">\n\t\t\t\t\t\r\n        <div class=\"pac_dtoc_main_container\"\r\n        data-allow_collapse_minimize=\"on\"\r\n        data-ss=\"2000\"\r\n        data-sah=\"100\"\r\n        data-collapse_when_sticky=\"off\"\r\n        data-collapse_when_sticky_tablet=\"off\"\r\n        data-collapse_when_sticky_phone=\"off\"\r\n        data-skh=\"off\"\r\n        data-mtocai=\"off\"\r\n        data-mtocai_tablet=\"off\"\r\n        data-mtocai_phone=\"off\"\r\n        data-alh=\"off\">\r\n            <div class=\"pac_dtoc_title_area click_on click_tablet_on click_phone_on\">\r\n                <div class=\"pac_dtoc_title\">Inhaltsverzeichnis<\/div>\r\n                \r\n            <div class=\"pac_dtoc_icon_responsive\">\r\n                <div class=\"pac_dtoc_opened_icon\">\/<\/div>\r\n                <div class=\"pac_dtoc_closed_icon\">0<\/div>\r\n            <\/div>\r\n            \r\n            <\/div>\r\n            <div class=\"pac_dtoc_body_area inside\">\r\n                \r\n                <div class='divi_table_of_contents'><\/div>\r\n            <\/div>\r\n        <\/div>\r\n        \n\t\t\t\t<\/div>\n\t\t\t<\/div>Cookie Richtlinie f\u00fcr AIsexting.appDies [&hellip;]<\/p>\n","protected":false},"author":1,"featured_media":0,"parent":0,"menu_order":0,"comment_status":"closed","ping_status":"closed","template":"","meta":{"_et_pb_use_builder":"on","_et_pb_old_content":"","_et_gb_content_width":"","footnotes":""},"class_list":["post-69065","page","type-page","status-publish","hentry"],"yoast_head":"<!-- This site is optimized with the Yoast SEO Premium plugin v21.3 (Yoast SEO v26.7) - https:\/\/yoast.com\/wordpress\/plugins\/seo\/ -->\n<title>Cookie Richtlinie<\/title>\n<meta name=\"robots\" content=\"noindex, nofollow\" \/>\n<meta property=\"og:locale\" content=\"de_DE\" \/>\n<meta property=\"og:type\" content=\"article\" \/>\n<meta property=\"og:title\" content=\"Cookie Richtlinie\" \/>\n<meta property=\"og:description\" content=\"Cookie Richtlinie f\u00fcr AIsexting.appDies [&hellip;]\" \/>\n<meta property=\"og:url\" content=\"https:\/\/aisexting.app\/de\/cookie-richtlinie\/\" \/>\n<meta property=\"og:site_name\" content=\"AI Sexting App\" \/>\n<meta property=\"article:modified_time\" content=\"2023-12-25T08:43:29+00:00\" \/>\n<meta name=\"twitter:card\" content=\"summary_large_image\" \/>\n<meta name=\"twitter:label1\" content=\"Gesch\u00e4tzte Lesezeit\" \/>\n\t<meta name=\"twitter:data1\" content=\"4\u00a0Minuten\" \/>\n<script type=\"application\/ld+json\" class=\"yoast-schema-graph\">{\"@context\":\"https:\/\/schema.org\",\"@graph\":[{\"@type\":\"WebPage\",\"@id\":\"https:\/\/aisexting.app\/de\/cookie-richtlinie\/\",\"url\":\"https:\/\/aisexting.app\/de\/cookie-richtlinie\/\",\"name\":\"Cookie Richtlinie\",\"isPartOf\":{\"@id\":\"https:\/\/aisexting.app\/#website\"},\"datePublished\":\"2023-10-24T18:07:43+00:00\",\"dateModified\":\"2023-12-25T08:43:29+00:00\",\"breadcrumb\":{\"@id\":\"https:\/\/aisexting.app\/de\/cookie-richtlinie\/#breadcrumb\"},\"inLanguage\":\"de\",\"potentialAction\":[{\"@type\":\"ReadAction\",\"target\":[\"https:\/\/aisexting.app\/de\/cookie-richtlinie\/\"]}]},{\"@type\":\"BreadcrumbList\",\"@id\":\"https:\/\/aisexting.app\/de\/cookie-richtlinie\/#breadcrumb\",\"itemListElement\":[{\"@type\":\"ListItem\",\"position\":1,\"name\":\"Home\",\"item\":\"https:\/\/aisexting.app\/de\/\"},{\"@type\":\"ListItem\",\"position\":2,\"name\":\"Cookie Richtlinie\"}]},{\"@type\":\"WebSite\",\"@id\":\"https:\/\/aisexting.app\/#website\",\"url\":\"https:\/\/aisexting.app\/\",\"name\":\"AI Sexting App\",\"description\":\"AI Sexting App\",\"potentialAction\":[{\"@type\":\"SearchAction\",\"target\":{\"@type\":\"EntryPoint\",\"urlTemplate\":\"https:\/\/aisexting.app\/?s={search_term_string}\"},\"query-input\":{\"@type\":\"PropertyValueSpecification\",\"valueRequired\":true,\"valueName\":\"search_term_string\"}}],\"inLanguage\":\"de\"}]}<\/script>\n<!-- \/ Yoast SEO Premium plugin. -->","yoast_head_json":{"title":"Cookie Richtlinie","robots":{"index":"noindex","follow":"nofollow"},"og_locale":"de_DE","og_type":"article","og_title":"Cookie Richtlinie","og_description":"Cookie Richtlinie f\u00fcr AIsexting.appDies [&hellip;]","og_url":"https:\/\/aisexting.app\/de\/cookie-richtlinie\/","og_site_name":"AI Sexting App","article_modified_time":"2023-12-25T08:43:29+00:00","twitter_card":"summary_large_image","twitter_misc":{"Gesch\u00e4tzte Lesezeit":"4\u00a0Minuten"},"schema":{"@context":"https:\/\/schema.org","@graph":[{"@type":"WebPage","@id":"https:\/\/aisexting.app\/de\/cookie-richtlinie\/","url":"https:\/\/aisexting.app\/de\/cookie-richtlinie\/","name":"Cookie Richtlinie","isPartOf":{"@id":"https:\/\/aisexting.app\/#website"},"datePublished":"2023-10-24T18:07:43+00:00","dateModified":"2023-12-25T08:43:29+00:00","breadcrumb":{"@id":"https:\/\/aisexting.app\/de\/cookie-richtlinie\/#breadcrumb"},"inLanguage":"de","potentialAction":[{"@type":"ReadAction","target":["https:\/\/aisexting.app\/de\/cookie-richtlinie\/"]}]},{"@type":"BreadcrumbList","@id":"https:\/\/aisexting.app\/de\/cookie-richtlinie\/#breadcrumb","itemListElement":[{"@type":"ListItem","position":1,"name":"Home","item":"https:\/\/aisexting.app\/de\/"},{"@type":"ListItem","position":2,"name":"Cookie Richtlinie"}]},{"@type":"WebSite","@id":"https:\/\/aisexting.app\/#website","url":"https:\/\/aisexting.app\/","name":"AI Sexting App","description":"AI Sexting App","potentialAction":[{"@type":"SearchAction","target":{"@type":"EntryPoint","urlTemplate":"https:\/\/aisexting.app\/?s={search_term_string}"},"query-input":{"@type":"PropertyValueSpecification","valueRequired":true,"valueName":"search_term_string"}}],"inLanguage":"de"}]}},"_links":{"self":[{"href":"https:\/\/aisexting.app\/de\/wp-json\/wp\/v2\/pages\/69065","targetHints":{"allow":["GET"]}}],"collection":[{"href":"https:\/\/aisexting.app\/de\/wp-json\/wp\/v2\/pages"}],"about":[{"href":"https:\/\/aisexting.app\/de\/wp-json\/wp\/v2\/types\/page"}],"author":[{"embeddable":true,"href":"https:\/\/aisexting.app\/de\/wp-json\/wp\/v2\/users\/1"}],"replies":[{"embeddable":true,"href":"https:\/\/aisexting.app\/de\/wp-json\/wp\/v2\/comments?post=69065"}],"version-history":[{"count":0,"href":"https:\/\/aisexting.app\/de\/wp-json\/wp\/v2\/pages\/69065\/revisions"}],"wp:attachment":[{"href":"https:\/\/aisexting.app\/de\/wp-json\/wp\/v2\/media?parent=69065"}],"curies":[{"name":"wp","href":"https:\/\/api.w.org\/{rel}","templated":true}]}}