{"id":69063,"date":"2023-10-21T10:41:14","date_gmt":"2023-10-21T10:41:14","guid":{"rendered":"https:\/\/aisexting.app\/about\/"},"modified":"2023-12-25T09:06:41","modified_gmt":"2023-12-25T09:06:41","slug":"uber-uns","status":"publish","type":"page","link":"https:\/\/aisexting.app\/de\/uber-uns\/","title":{"rendered":"\u00dcber uns"},"content":{"rendered":"<p>[et_pb_section fb_built=&#8220;1&#8243; _builder_version=&#8220;4.23.1&#8243; background_color=&#8220;#f7f7f7&#8243; custom_padding=&#8220;0px||0px||false|false&#8220; global_colors_info=&#8220;{}&#8220;][et_pb_row custom_padding_last_edited=&#8220;on|phone&#8220; disabled_on=&#8220;off|off|off&#8220; _builder_version=&#8220;4.23.1&#8243; custom_margin=&#8220;|auto|0px|auto|false|false&#8220; custom_padding=&#8220;80px||0px||false|false&#8220; custom_padding_tablet=&#8220;80px||0px||false|false&#8220; custom_padding_phone=&#8220;46px||||false|false&#8220; global_colors_info=&#8220;{}&#8220;][et_pb_column type=&#8220;4_4&#8243; _builder_version=&#8220;4.16&#8243; background_position=&#8220;top_left&#8220; custom_padding=&#8220;|||&#8220; global_colors_info=&#8220;{}&#8220; custom_padding__hover=&#8220;|||&#8220;][et_pb_divider divider_weight=&#8220;2px&#8220; _builder_version=&#8220;4.23.1&#8243; _module_preset=&#8220;default&#8220; custom_margin=&#8220;||||false|false&#8220; custom_padding=&#8220;||0px||false|false&#8220; global_colors_info=&#8220;{}&#8220;][\/et_pb_divider][\/et_pb_column][\/et_pb_row][\/et_pb_section][et_pb_section fb_built=&#8220;1&#8243; admin_label=&#8220;Bread on table DE&#8220; _builder_version=&#8220;4.22.2&#8243; _module_preset=&#8220;default&#8220; background_color=&#8220;#f7f7f7&#8243; custom_margin=&#8220;0px||0px||false|false&#8220; custom_padding=&#8220;0px||0px||false|false&#8220; global_module=&#8220;69090&#8243; saved_tabs=&#8220;all&#8220; global_colors_info=&#8220;{}&#8220;][et_pb_row column_structure=&#8220;3_5,2_5&#8243; _builder_version=&#8220;4.22.2&#8243; _module_preset=&#8220;default&#8220; custom_padding=&#8220;0px|0px|0px|0px|false|false&#8220; global_colors_info=&#8220;{}&#8220;][et_pb_column type=&#8220;3_5&#8243; _builder_version=&#8220;4.22.2&#8243; _module_preset=&#8220;default&#8220; global_colors_info=&#8220;{}&#8220;][et_pb_wpt_schema_breadcrumbs home_item_title=&#8220;AI Sexting&#8220; font_icon=&#8220;&#x39;||divi||400&#8243; separator_size=&#8220;1em&#8220; _builder_version=&#8220;4.23.1&#8243; _module_preset=&#8220;default&#8220; breadcrumb_link_font=&#8220;Montserrat|500|||||||&#8220; breadcrumb_link_font_size=&#8220;16px&#8220; breadcrumb_last_item_font=&#8220;Montserrat|500|||||||&#8220; breadcrumb_last_item_font_size=&#8220;16px&#8220; custom_padding=&#8220;0px||0px||false|false&#8220; global_colors_info=&#8220;{}&#8220;][\/et_pb_wpt_schema_breadcrumbs][\/et_pb_column][et_pb_column type=&#8220;2_5&#8243; _builder_version=&#8220;4.22.2&#8243; _module_preset=&#8220;default&#8220; global_colors_info=&#8220;{}&#8220;][pac_divi_table_of_contents title=&#8220;Inhaltsverzeichnis&#8220; default_state=&#8220;closed&#8220; opened_icon=&#8220;&#x2f;||divi||400&#8243; closed_icon=&#8220;&#x30;||divi||400&#8243; included_headings=&#8220;on|on|on|off|off|off&#8220; level_markers_1=&#8220;decimal&#8220; level_markers_2=&#8220;decimal&#8220; level_markers_3=&#8220;icons&#8220; title_container_margin=&#8220;||||false|false&#8220; title_container_padding=&#8220;5px|23px|5px|23px|false|false&#8220; title_container_bg_color=&#8220;#FFFFFF&#8220; open_icon_color=&#8220;#595959&#8243; open_icon_size=&#8220;25px&#8220; close_icon_color=&#8220;#595959&#8243; close_icon_size=&#8220;25px&#8220; body_area_scroll_color=&#8220;#333333&#8243; body_area_padding=&#8220;15px|10px|15px|10px|false|false&#8220; body_area_text_link_color=&#8220;#666666&#8243; body_area_text_link_underline=&#8220;#d20000&#8243; body_area_text_link_color_active=&#8220;#d20000&#8243; body_area_text_link_underline_active=&#8220;#d20000&#8243; _builder_version=&#8220;4.23.2&#8243; _module_preset=&#8220;default&#8220; title_font_font=&#8220;Montserrat||||||||&#8220; title_text_align=&#8220;left&#8220; title_text_color=&#8220;#595959&#8243; title_font_size=&#8220;16px&#8220; title_line_height=&#8220;25px&#8220; heading_all_font=&#8220;Montserrat||||||||&#8220; heading_all_font_size=&#8220;16px&#8220; heading2_line_height=&#8220;1.9em&#8220; heading3_line_height=&#8220;1.7em&#8220; heading_all_active_font=&#8220;Montserrat||||||||&#8220; keyword_highlight_font=&#8220;Montserrat||||||||&#8220; marker_all_font=&#8220;Montserrat||||||||&#8220; marker_all_text_color=&#8220;#828282&#8243; marker_all_font_size=&#8220;16px&#8220; module_alignment=&#8220;left&#8220; min_height=&#8220;19px&#8220; custom_margin=&#8220;13px||10px||false|false&#8220; custom_margin_tablet=&#8220;&#8220; custom_margin_phone=&#8220;-30px||1px||false|false&#8220; custom_margin_last_edited=&#8220;on|desktop&#8220; custom_padding=&#8220;||5px||false|false&#8220; module_alignment_tablet=&#8220;&#8220; module_alignment_phone=&#8220;center&#8220; module_alignment_last_edited=&#8220;on|phone&#8220; border_radii_title_container=&#8220;on|10px|10px|10px|10px&#8220; global_colors_info=&#8220;{}&#8220; body_area_text_link_color_active__hover_enabled=&#8220;off|desktop&#8220;][\/pac_divi_table_of_contents][\/et_pb_column][\/et_pb_row][\/et_pb_section][et_pb_section fb_built=&#8220;1&#8243; _builder_version=&#8220;4.22.2&#8243; background_color=&#8220;#f7f7f7&#8243; custom_padding=&#8220;0px||30px||false|false&#8220; global_colors_info=&#8220;{}&#8220;][et_pb_row disabled_on=&#8220;off|off|off&#8220; _builder_version=&#8220;4.23.1&#8243; custom_margin=&#8220;15px|auto|9px|auto|false|false&#8220; custom_padding=&#8220;0px||4px||false|false&#8220; global_colors_info=&#8220;{}&#8220;][et_pb_column type=&#8220;4_4&#8243; _builder_version=&#8220;4.16&#8243; background_position=&#8220;top_left&#8220; custom_padding=&#8220;|||&#8220; global_colors_info=&#8220;{}&#8220; custom_padding__hover=&#8220;|||&#8220;][et_pb_text admin_label=&#8220;h1&#8243; module_id=&#8220;review&#8220; _builder_version=&#8220;4.23.2&#8243; text_font=&#8220;Montserrat|||on|&#8220; text_font_size=&#8220;18&#8243; text_line_height=&#8220;2.2em&#8220; header_font=&#8220;Montserrat||||||||&#8220; header_text_align=&#8220;left&#8220; text_orientation=&#8220;center&#8220; min_height=&#8220;25px&#8220; custom_margin=&#8220;||0px|||&#8220; custom_padding=&#8220;10px|||||&#8220; hover_enabled=&#8220;0&#8243; text_font_size_tablet=&#8220;14&#8243; text_font_size_phone=&#8220;&#8220; text_font_size_last_edited=&#8220;on|desktop&#8220; border_style=&#8220;solid&#8220; inline_fonts=&#8220;Cuprum,Montserrat&#8220; global_colors_info=&#8220;{}&#8220; sticky_enabled=&#8220;0&#8243;]<\/p>\n<h1>\u00dcber AIsexting.app<\/h1>\n<p>[\/et_pb_text][\/et_pb_column][\/et_pb_row][et_pb_row column_structure=&#8220;3_5,2_5&#8243; _builder_version=&#8220;4.23.1&#8243; custom_margin=&#8220;1px|auto||auto||&#8220; custom_padding=&#8220;4px||40px||false|false&#8220; global_colors_info=&#8220;{}&#8220;][et_pb_column type=&#8220;3_5&#8243; _builder_version=&#8220;4.16&#8243; background_position=&#8220;top_left&#8220; custom_padding=&#8220;|||&#8220; global_colors_info=&#8220;{}&#8220; custom_padding__hover=&#8220;|||&#8220;][et_pb_text admin_label=&#8220;Seo text \u0412\u0442\u043e\u0440\u043e\u0433\u043e \u044d\u043a\u0440\u0430\u043d\u0430&#8220; _builder_version=&#8220;4.23.2&#8243; text_font=&#8220;Montserrat||||&#8220; custom_margin=&#8220;||||false|false&#8220; custom_padding=&#8220;||||false|false&#8220; custom_padding_tablet=&#8220;&#8220; custom_padding_phone=&#8220;0px|||&#8220; custom_padding_last_edited=&#8220;on|phone&#8220; hover_enabled=&#8220;0&#8243; text_font_size_tablet=&#8220;14&#8243; text_font_size_phone=&#8220;&#8220; text_font_size_last_edited=&#8220;on|phone&#8220; header_font_size_phone=&#8220;20px&#8220; border_style=&#8220;solid&#8220; inline_fonts=&#8220;Cuprum,Montserrat&#8220; global_colors_info=&#8220;{}&#8220; sticky_enabled=&#8220;0&#8243;]AIsexting.app wurde 2023 gegr\u00fcndet und ist ein weithin anerkannter Leitfaden f\u00fcr die Welt des KI Sexting mit dem Hauptziel, aktuelle, unvoreingenommene und genaue Informationen bereitzustellen sowie die besten Apps zu bewerten und zu identifizieren.<br \/>\nEin einzigartiges Bewertungssystem und Expertenbewertungen erm\u00f6glichen unseren Nutzern, die f\u00fcr sie passenden KI Apps und Chatbots zu finden.[\/et_pb_text][et_pb_text admin_label=&#8220;Seo text \u0412\u0442\u043e\u0440\u043e\u0433\u043e \u044d\u043a\u0440\u0430\u043d\u0430&#8220; _builder_version=&#8220;4.23.2&#8243; text_font=&#8220;Montserrat||||&#8220; custom_margin=&#8220;||||false|false&#8220; custom_padding=&#8220;||||false|false&#8220; custom_padding_tablet=&#8220;&#8220; custom_padding_phone=&#8220;0px|||&#8220; custom_padding_last_edited=&#8220;on|phone&#8220; hover_enabled=&#8220;0&#8243; text_font_size_tablet=&#8220;14&#8243; text_font_size_phone=&#8220;&#8220; text_font_size_last_edited=&#8220;on|phone&#8220; header_font_size_phone=&#8220;20px&#8220; border_style=&#8220;solid&#8220; inline_fonts=&#8220;Cuprum,Montserrat&#8220; global_colors_info=&#8220;{}&#8220; sticky_enabled=&#8220;0&#8243;]<\/p>\n<h2>\u00dcber die ASA-Bewertung<\/h2>\n<p>Das ASA-Ranking System bewertet KI-Sexting-Apps anhand wichtiger Kennzahlen wie nat\u00fcrliche Kommunikation, Personalisierung, Benutzeroberfl\u00e4che und Gesamterlebnis. Unser strenger Prozess nutzt die Hilfe unserer Experten und KI Analysen, um die Wirksamkeit des Algorithmus bei der Generierung realistischer Gespr\u00e4che, Fotos und Sprachnachrichten zu bewerten.[\/et_pb_text][et_pb_text admin_label=&#8220;Seo text \u0412\u0442\u043e\u0440\u043e\u0433\u043e \u044d\u043a\u0440\u0430\u043d\u0430&#8220; _builder_version=&#8220;4.23.2&#8243; text_font=&#8220;Montserrat||||&#8220; custom_margin=&#8220;||||false|false&#8220; custom_padding=&#8220;||||false|false&#8220; custom_padding_tablet=&#8220;&#8220; custom_padding_phone=&#8220;0px|||&#8220; custom_padding_last_edited=&#8220;on|phone&#8220; hover_enabled=&#8220;0&#8243; text_font_size_tablet=&#8220;14&#8243; text_font_size_phone=&#8220;&#8220; text_font_size_last_edited=&#8220;on|phone&#8220; header_font_size_phone=&#8220;20px&#8220; border_style=&#8220;solid&#8220; inline_fonts=&#8220;Cuprum,Montserrat&#8220; global_colors_info=&#8220;{}&#8220; sticky_enabled=&#8220;0&#8243;]<\/p>\n<h2>Kontaktiere uns<\/h2>\n<p>Per E-Mail: info@aisexting.app[\/et_pb_text][\/et_pb_column][et_pb_column type=&#8220;2_5&#8243; _builder_version=&#8220;4.16&#8243; background_position=&#8220;top_left&#8220; custom_padding=&#8220;|||&#8220; global_colors_info=&#8220;{}&#8220; custom_padding__hover=&#8220;|||&#8220;][et_pb_image src=&#8220;https:\/\/aisexting.app\/wp-content\/uploads\/2023\/12\/aisextingapp-about.webp&#8220; alt=&#8220;about Aisexting.app&#8220; title_text=&#8220;about Aisexting.app&#8220; _builder_version=&#8220;4.23.1&#8243; _module_preset=&#8220;default&#8220; module_alignment=&#8220;center&#8220; custom_margin=&#8220;||||false|false&#8220; global_colors_info=&#8220;{}&#8220;][\/et_pb_image][\/et_pb_column][\/et_pb_row][\/et_pb_section]<\/p>\n","protected":false},"excerpt":{"rendered":"<p><div class=\"et_pb_module pac_divi_table_of_contents pac_divi_table_of_contents_0\">\n\t\t\t\t\n\t\t\t\t\n\t\t\t\t\n\t\t\t\t\n\t\t\t\t\n\t\t\t\t\n\t\t\t\t<div class=\"et_pb_module_inner\">\n\t\t\t\t\t\r\n        <div class=\"pac_dtoc_main_container\"\r\n        data-allow_collapse_minimize=\"on\"\r\n        data-ss=\"2000\"\r\n        data-sah=\"100\"\r\n        data-collapse_when_sticky=\"off\"\r\n        data-collapse_when_sticky_tablet=\"off\"\r\n        data-collapse_when_sticky_phone=\"off\"\r\n        data-skh=\"off\"\r\n        data-mtocai=\"off\"\r\n        data-mtocai_tablet=\"off\"\r\n        data-mtocai_phone=\"off\"\r\n        data-alh=\"off\">\r\n            <div class=\"pac_dtoc_title_area click_on click_tablet_on click_phone_on\">\r\n                <div class=\"pac_dtoc_title\">Inhaltsverzeichnis<\/div>\r\n                \r\n            <div class=\"pac_dtoc_icon_responsive\">\r\n                <div class=\"pac_dtoc_opened_icon\">\/<\/div>\r\n                <div class=\"pac_dtoc_closed_icon\">0<\/div>\r\n            <\/div>\r\n            \r\n            <\/div>\r\n            <div class=\"pac_dtoc_body_area inside\">\r\n                \r\n                <div class='divi_table_of_contents'><\/div>\r\n            <\/div>\r\n        <\/div>\r\n        \n\t\t\t\t<\/div>\n\t\t\t<\/div>\u00dcber AIsexting.appAIsexting.app wurde 2023 gegr\u00fcndet [&hellip;]<\/p>\n","protected":false},"author":1,"featured_media":0,"parent":0,"menu_order":0,"comment_status":"closed","ping_status":"closed","template":"","meta":{"_et_pb_use_builder":"on","_et_pb_old_content":"","_et_gb_content_width":"","footnotes":""},"class_list":["post-69063","page","type-page","status-publish","hentry"],"yoast_head":"<!-- This site is optimized with the Yoast SEO Premium plugin v21.3 (Yoast SEO v26.7) - https:\/\/yoast.com\/wordpress\/plugins\/seo\/ -->\n<title>\u00dcber uns - AIsexting.app<\/title>\n<meta name=\"robots\" content=\"index, follow, max-snippet:-1, max-image-preview:large, max-video-preview:-1\" \/>\n<link rel=\"canonical\" href=\"https:\/\/aisexting.app\/de\/uber-uns\/\" \/>\n<meta property=\"og:locale\" content=\"de_DE\" \/>\n<meta property=\"og:type\" content=\"article\" \/>\n<meta property=\"og:title\" content=\"\u00dcber uns\" \/>\n<meta property=\"og:description\" content=\"\u00dcber AIsexting.appAIsexting.app wurde 2023 gegr\u00fcndet [&hellip;]\" \/>\n<meta property=\"og:url\" content=\"https:\/\/aisexting.app\/de\/uber-uns\/\" \/>\n<meta property=\"og:site_name\" content=\"AI Sexting App\" \/>\n<meta property=\"article:modified_time\" content=\"2023-12-25T09:06:41+00:00\" \/>\n<meta name=\"twitter:card\" content=\"summary_large_image\" \/>\n<meta name=\"twitter:label1\" content=\"Gesch\u00e4tzte Lesezeit\" \/>\n\t<meta name=\"twitter:data1\" content=\"1\u00a0Minute\" \/>\n<script type=\"application\/ld+json\" class=\"yoast-schema-graph\">{\"@context\":\"https:\/\/schema.org\",\"@graph\":[{\"@type\":\"WebPage\",\"@id\":\"https:\/\/aisexting.app\/de\/uber-uns\/\",\"url\":\"https:\/\/aisexting.app\/de\/uber-uns\/\",\"name\":\"\u00dcber uns - AIsexting.app\",\"isPartOf\":{\"@id\":\"https:\/\/aisexting.app\/#website\"},\"datePublished\":\"2023-10-21T10:41:14+00:00\",\"dateModified\":\"2023-12-25T09:06:41+00:00\",\"breadcrumb\":{\"@id\":\"https:\/\/aisexting.app\/de\/uber-uns\/#breadcrumb\"},\"inLanguage\":\"de\",\"potentialAction\":[{\"@type\":\"ReadAction\",\"target\":[\"https:\/\/aisexting.app\/de\/uber-uns\/\"]}]},{\"@type\":\"BreadcrumbList\",\"@id\":\"https:\/\/aisexting.app\/de\/uber-uns\/#breadcrumb\",\"itemListElement\":[{\"@type\":\"ListItem\",\"position\":1,\"name\":\"Home\",\"item\":\"https:\/\/aisexting.app\/de\/\"},{\"@type\":\"ListItem\",\"position\":2,\"name\":\"\u00dcber uns\"}]},{\"@type\":\"WebSite\",\"@id\":\"https:\/\/aisexting.app\/#website\",\"url\":\"https:\/\/aisexting.app\/\",\"name\":\"AI Sexting App\",\"description\":\"AI Sexting App\",\"potentialAction\":[{\"@type\":\"SearchAction\",\"target\":{\"@type\":\"EntryPoint\",\"urlTemplate\":\"https:\/\/aisexting.app\/?s={search_term_string}\"},\"query-input\":{\"@type\":\"PropertyValueSpecification\",\"valueRequired\":true,\"valueName\":\"search_term_string\"}}],\"inLanguage\":\"de\"}]}<\/script>\n<!-- \/ Yoast SEO Premium plugin. -->","yoast_head_json":{"title":"\u00dcber uns - AIsexting.app","robots":{"index":"index","follow":"follow","max-snippet":"max-snippet:-1","max-image-preview":"max-image-preview:large","max-video-preview":"max-video-preview:-1"},"canonical":"https:\/\/aisexting.app\/de\/uber-uns\/","og_locale":"de_DE","og_type":"article","og_title":"\u00dcber uns","og_description":"\u00dcber AIsexting.appAIsexting.app wurde 2023 gegr\u00fcndet [&hellip;]","og_url":"https:\/\/aisexting.app\/de\/uber-uns\/","og_site_name":"AI Sexting App","article_modified_time":"2023-12-25T09:06:41+00:00","twitter_card":"summary_large_image","twitter_misc":{"Gesch\u00e4tzte Lesezeit":"1\u00a0Minute"},"schema":{"@context":"https:\/\/schema.org","@graph":[{"@type":"WebPage","@id":"https:\/\/aisexting.app\/de\/uber-uns\/","url":"https:\/\/aisexting.app\/de\/uber-uns\/","name":"\u00dcber uns - AIsexting.app","isPartOf":{"@id":"https:\/\/aisexting.app\/#website"},"datePublished":"2023-10-21T10:41:14+00:00","dateModified":"2023-12-25T09:06:41+00:00","breadcrumb":{"@id":"https:\/\/aisexting.app\/de\/uber-uns\/#breadcrumb"},"inLanguage":"de","potentialAction":[{"@type":"ReadAction","target":["https:\/\/aisexting.app\/de\/uber-uns\/"]}]},{"@type":"BreadcrumbList","@id":"https:\/\/aisexting.app\/de\/uber-uns\/#breadcrumb","itemListElement":[{"@type":"ListItem","position":1,"name":"Home","item":"https:\/\/aisexting.app\/de\/"},{"@type":"ListItem","position":2,"name":"\u00dcber uns"}]},{"@type":"WebSite","@id":"https:\/\/aisexting.app\/#website","url":"https:\/\/aisexting.app\/","name":"AI Sexting App","description":"AI Sexting App","potentialAction":[{"@type":"SearchAction","target":{"@type":"EntryPoint","urlTemplate":"https:\/\/aisexting.app\/?s={search_term_string}"},"query-input":{"@type":"PropertyValueSpecification","valueRequired":true,"valueName":"search_term_string"}}],"inLanguage":"de"}]}},"_links":{"self":[{"href":"https:\/\/aisexting.app\/de\/wp-json\/wp\/v2\/pages\/69063","targetHints":{"allow":["GET"]}}],"collection":[{"href":"https:\/\/aisexting.app\/de\/wp-json\/wp\/v2\/pages"}],"about":[{"href":"https:\/\/aisexting.app\/de\/wp-json\/wp\/v2\/types\/page"}],"author":[{"embeddable":true,"href":"https:\/\/aisexting.app\/de\/wp-json\/wp\/v2\/users\/1"}],"replies":[{"embeddable":true,"href":"https:\/\/aisexting.app\/de\/wp-json\/wp\/v2\/comments?post=69063"}],"version-history":[{"count":0,"href":"https:\/\/aisexting.app\/de\/wp-json\/wp\/v2\/pages\/69063\/revisions"}],"wp:attachment":[{"href":"https:\/\/aisexting.app\/de\/wp-json\/wp\/v2\/media?parent=69063"}],"curies":[{"name":"wp","href":"https:\/\/api.w.org\/{rel}","templated":true}]}}